{"id":84013,"date":"2022-10-11T17:22:02","date_gmt":"2022-10-11T15:22:02","guid":{"rendered":"http:\/\/dev.claret.cat\/producte\/el-caminante-ne\/"},"modified":"2023-01-28T01:34:45","modified_gmt":"2023-01-28T00:34:45","slug":"el-caminante-ne-9788417419905","status":"publish","type":"product","link":"https:\/\/www.claret.cat\/es\/libro\/el-caminante-ne-9788417419905\/","title":{"rendered":"EL CAMINANTE (NE)"},"content":{"rendered":"<p>\u00abEl caminante\u00bb, obra de madurez de Soseki, narra la historia de un peculiar y sutil tri\u00e1ngulo cuyos v\u00e9rtices conforman Jiro, su hermano Ichiro y la esposa de \u00e9ste, Nao. Atrapados entre tradici\u00f3n y modernidad, los personajes deambulan por un Jap\u00f3n hambriento de cambio y de progreso que se enfrenta a una metamorfosis demasiado r\u00e1pida. La angustia vital que atormenta al protagonista, Ichiro, es la de la soledad del hombre inmerso en una sociedad que avanza sin tregua, sin otorgar nunca un respiro. Su mujer, Nao, escoge el camino de la pasividad y del desaf\u00edo silencioso y fr\u00edo. Finalmente Jiro, cuyos gestos son imperceptibles susurros de amor velado hacia su cu\u00f1ada, es testigo del desplome del fr\u00e1gil estado mental de su hermano.<\/p>\n","protected":false},"excerpt":{"rendered":"<p>NATSUME, SOSEKI<\/p>\n","protected":false},"featured_media":84014,"template":"","meta":{"_acf_changed":false,"om_disable_all_campaigns":false,"rs_blank_template":"","rs_page_bg_color":"","slide_template_v7":"","inline_featured_image":false,"_monsterinsights_skip_tracking":false,"_monsterinsights_sitenote_active":false,"_monsterinsights_sitenote_note":"","_monsterinsights_sitenote_category":0},"product_brand":[],"product_cat":[123],"product_tag":[],"class_list":{"0":"post-84013","1":"product","2":"type-product","3":"status-publish","4":"has-post-thumbnail","6":"product_cat-classica","8":"first","9":"instock","10":"taxable","11":"shipping-taxable","12":"purchasable","13":"product-type-simple"},"acf":{"autor":"NATSUME, SOSEKI","codart":"841741990","libros-coleccion":"Maestros de la literatura japonesa","ediciones":"1","encuadernacion":"R\u00fastica","fecha_de_publicacion":"01\/09\/2021","novedad":"1","paginas":"416","subtitulo":"","orden":"0","portada":"0","idioma":"spa","editorial":[{"ID":148791,"post_author":"3","post_date":"2022-10-14 12:01:01","post_date_gmt":"2022-10-14 10:01:01","post_content":"","post_title":"SATORI EDICIONES C.B.","post_excerpt":"","post_status":"publish","comment_status":"closed","ping_status":"closed","post_password":"","post_name":"satori-ediciones-c-b","to_ping":"","pinged":"","post_modified":"2022-10-14 12:01:01","post_modified_gmt":"2022-10-14 10:01:01","post_content_filtered":"","post_parent":0,"guid":"http:\/\/dev.claret.cat\/editorial\/satori-ediciones-c-b\/","menu_order":0,"post_type":"editorial","post_mime_type":"","comment_count":"0","filter":"raw"}],"autores-libros":[{"ID":169725,"post_author":"3","post_date":"2022-10-14 22:29:31","post_date_gmt":"2022-10-14 20:29:31","post_content":"","post_title":"SOSEKI NATSUME","post_excerpt":"","post_status":"publish","comment_status":"closed","ping_status":"closed","post_password":"","post_name":"soseki-natsume","to_ping":"","pinged":"","post_modified":"2022-10-14 22:29:31","post_modified_gmt":"2022-10-14 20:29:31","post_content_filtered":"","post_parent":0,"guid":"http:\/\/dev.claret.cat\/autor\/soseki-natsume\/","menu_order":0,"post_type":"autor","post_mime_type":"","comment_count":"0","filter":"raw"}]},"aioseo_notices":[],"_links":{"self":[{"href":"https:\/\/www.claret.cat\/es\/wp-json\/wp\/v2\/product\/84013","targetHints":{"allow":["GET"]}}],"collection":[{"href":"https:\/\/www.claret.cat\/es\/wp-json\/wp\/v2\/product"}],"about":[{"href":"https:\/\/www.claret.cat\/es\/wp-json\/wp\/v2\/types\/product"}],"wp:featuredmedia":[{"embeddable":true,"href":"https:\/\/www.claret.cat\/es\/wp-json\/wp\/v2\/media\/84014"}],"wp:attachment":[{"href":"https:\/\/www.claret.cat\/es\/wp-json\/wp\/v2\/media?parent=84013"}],"wp:term":[{"taxonomy":"product_brand","embeddable":true,"href":"https:\/\/www.claret.cat\/es\/wp-json\/wp\/v2\/product_brand?post=84013"},{"taxonomy":"product_cat","embeddable":true,"href":"https:\/\/www.claret.cat\/es\/wp-json\/wp\/v2\/product_cat?post=84013"},{"taxonomy":"product_tag","embeddable":true,"href":"https:\/\/www.claret.cat\/es\/wp-json\/wp\/v2\/product_tag?post=84013"}],"curies":[{"name":"wp","href":"https:\/\/api.w.org\/{rel}","templated":true}]}}