{"id":840418,"date":"2023-09-22T12:31:01","date_gmt":"2023-09-22T10:31:01","guid":{"rendered":"https:\/\/www.claret.cat\/llibre\/la-armadura-de-la-luz-saga-los-pilares-de-la-tierra-4-9788401030130\/"},"modified":"2024-12-31T17:30:19","modified_gmt":"2024-12-31T16:30:19","slug":"la-armadura-de-la-luz-saga-los-pilares-de-la-tierra-4-9788401030130","status":"publish","type":"product","link":"https:\/\/www.claret.cat\/es\/libro\/la-armadura-de-la-luz-saga-los-pilares-de-la-tierra-4-9788401030130\/","title":{"rendered":"LA ARMADURA DE LA LUZ (SAGA LOS PILARES DE LA TIERRA 4)"},"content":{"rendered":"<p><span>Regresa el mejor Follett con la fascinante quinta entrega de la saga \u00abLos pilares de la Tierra\u00bb. El choque de tradici\u00f3n y progreso y un conflicto b\u00e9lico que amenaza con engullir toda Europa en la m\u00e1s \u00e9pica y ambiciosa novela del maestro de la ficci\u00f3n hist\u00f3rica. La revoluci\u00f3n est\u00e1 en el aire<\/span>.<\/p>\n<p><span> 1792. Un desp\u00f3tico gobierno est\u00e1 decidido a convertir Inglaterra en un imperio comercial poderoso. Y, desde el otro lado del mar, suenan tambores de guerra mientras Napole\u00f3n Bonaparte empieza su ascenso al poder y prepara un violento plan para convertirse en emperador del planeta. Kingsbridge se asoma al abismo.<\/span><\/p>\n<p><span> Los nuevos avances industriales se imponen de forma implacable, sacudiendo las existencias de los trabajadores de las pr\u00f3speras f\u00e1bricas textiles de Kingsbridge. Las m\u00e1quinas abren un mundo de oportunidades ligado, sin embargo, a la crueldad m\u00e1s cruel. Una nueva tiran\u00eda emerge en el horizonte<\/span><\/p>\n<p><span> Y a medida que el estallido de un conflicto parece cada vez m\u00e1s pr\u00f3ximo, la historia de un peque\u00f1o grupo de personas &#8211; el idealista David Shoveller, la decidida hilandera Sal Clitheroe y Kit, el brillante hijo de Sal- se convertir\u00e1 en el s\u00edmbolo de la lucha de toda una generaci\u00f3n que anhela progresar y pelea por un futuro sin opresi\u00f3n\u2026Sobra la saga \u00abLos pilares de la Tierra\u00bb han dicho:<\/span><\/p>\n<p><span> \u00abSigo envidiando como el primer d\u00eda la capacidad de Follett para entretener. Sus tramas funcionan siempre y te mantiene pegado a cada p\u00e1gina\u00bb.<\/span><\/p>\n<p><span> Juan G\u00f3mez Jurado, ABC \u00abFant\u00e1stico desde todos los puntos de vista\u00bb.<\/span><\/p>\n<p><span> El Mundo \u00abFollett es un maestro\u00bb.<\/span><\/p>\n<p><span> The Washington Post\u00abUna obra que destaca como un triunfo del esfuerzo y la profesionalidad\u00bb.<\/span><\/p>\n<p><span> The Guardian \u00abNo hay rinc\u00f3n sin sorpresa ni p\u00e1gina tediosa\u00bb.<\/span><\/p>\n<p><span> Qu\u00e9 leer \u00abSus libros crean adicci\u00f3n. No se leen. Se devoran\u00bb.<\/span><\/p>\n<p><span> La Voz de Asturias<\/span><\/p>\n","protected":false},"excerpt":{"rendered":"<p>FOLLETT, KEN<\/p>\n","protected":false},"featured_media":876739,"template":"","meta":{"_acf_changed":false,"om_disable_all_campaigns":false,"rs_blank_template":"","rs_page_bg_color":"","slide_template_v7":"","inline_featured_image":false,"_monsterinsights_skip_tracking":false,"_monsterinsights_sitenote_active":false,"_monsterinsights_sitenote_note":"","_monsterinsights_sitenote_category":0},"product_brand":[],"product_cat":[127,357],"product_tag":[],"class_list":{"0":"post-840418","1":"product","2":"type-product","3":"status-publish","4":"has-post-thumbnail","6":"product_cat-novella-contemporania","7":"product_cat-novela-contemporanea","9":"first","10":"instock","11":"taxable","12":"shipping-taxable","13":"purchasable","14":"product-type-simple"},"acf":{"autor":"FOLLETT, KEN","codart":"840103013","libros-coleccion":"\u00c9XITOS","ediciones":"1","encuadernacion":"Carton\u00e9","fecha_de_publicacion":"26\/09\/2023","novedad":"1","paginas":"832","subtitulo":"","orden":"0","portada":"1","idioma":"spa","editorial":[{"ID":6332,"post_author":"3","post_date":"2022-07-28 17:49:55","post_date_gmt":"2022-07-28 15:49:55","post_content":"","post_title":"PLAZA JANES, S.A.","post_excerpt":"","post_status":"publish","comment_status":"closed","ping_status":"closed","post_password":"","post_name":"plaza-janes-s-a","to_ping":"","pinged":"","post_modified":"2022-07-28 17:49:55","post_modified_gmt":"2022-07-28 15:49:55","post_content_filtered":"","post_parent":0,"guid":"http:\/\/dev.claret.cat\/editorial\/plaza-janes-s-a\/","menu_order":0,"post_type":"editorial","post_mime_type":"","comment_count":"0","filter":"raw"}],"autores-libros":[{"ID":5703,"post_author":"3","post_date":"2022-07-28 17:29:40","post_date_gmt":"2022-07-28 15:29:40","post_content":"","post_title":"KEN FOLLETT","post_excerpt":"","post_status":"publish","comment_status":"closed","ping_status":"closed","post_password":"","post_name":"ken-follett","to_ping":"","pinged":"","post_modified":"2022-07-28 17:29:40","post_modified_gmt":"2022-07-28 15:29:40","post_content_filtered":"","post_parent":0,"guid":"http:\/\/dev.claret.cat\/autor\/ken-follett\/","menu_order":0,"post_type":"autor","post_mime_type":"","comment_count":"0","filter":"raw"}]},"aioseo_notices":[],"_links":{"self":[{"href":"https:\/\/www.claret.cat\/es\/wp-json\/wp\/v2\/product\/840418","targetHints":{"allow":["GET"]}}],"collection":[{"href":"https:\/\/www.claret.cat\/es\/wp-json\/wp\/v2\/product"}],"about":[{"href":"https:\/\/www.claret.cat\/es\/wp-json\/wp\/v2\/types\/product"}],"wp:featuredmedia":[{"embeddable":true,"href":"https:\/\/www.claret.cat\/es\/wp-json\/wp\/v2\/media\/876739"}],"wp:attachment":[{"href":"https:\/\/www.claret.cat\/es\/wp-json\/wp\/v2\/media?parent=840418"}],"wp:term":[{"taxonomy":"product_brand","embeddable":true,"href":"https:\/\/www.claret.cat\/es\/wp-json\/wp\/v2\/product_brand?post=840418"},{"taxonomy":"product_cat","embeddable":true,"href":"https:\/\/www.claret.cat\/es\/wp-json\/wp\/v2\/product_cat?post=840418"},{"taxonomy":"product_tag","embeddable":true,"href":"https:\/\/www.claret.cat\/es\/wp-json\/wp\/v2\/product_tag?post=840418"}],"curies":[{"name":"wp","href":"https:\/\/api.w.org\/{rel}","templated":true}]}}