{"id":840438,"date":"2023-09-22T12:32:35","date_gmt":"2023-09-22T10:32:35","guid":{"rendered":"https:\/\/www.claret.cat\/llibre\/larmadura-de-la-llum-9788419259547\/"},"modified":"2024-04-30T13:12:12","modified_gmt":"2024-04-30T11:12:12","slug":"larmadura-de-la-llum-9788419259547","status":"publish","type":"product","link":"https:\/\/www.claret.cat\/es\/libro\/larmadura-de-la-llum-9788419259547\/","title":{"rendered":"L&#8217;ARMADURA DE LA LLUM"},"content":{"rendered":"<p><span>Torna el millor Follett amb la fascinant cinquena entrega de la saga Els pilars de la Terra. El xoc de tradici\u00f3 i progr\u00e9s i un conflicte que amena\u00e7a d\u2019engolir tota Europa a la m\u00e9s \u00e8pica i ambiciosa novel\u00b7la del mestre de la ficci\u00f3 hist\u00f2rica. La revoluci\u00f3 \u00e9s a l\u2019aire 1792. Un govern desp\u00f2tic est\u00e0 decidit a convertir Anglaterra en un imperi comercial poder\u00f3s. Mentrestant, Napole\u00f3 Bonaparte comen\u00e7a el seu ambici\u00f3s ascens al poder i, enmig d\u2019un gran descontent social, els ve\u00efns de Fran\u00e7a es mantenen en alerta m\u00e0xima. Kingsbridge treu el cap a l\u2019abisme Les innovacions industrials s\u2019imposen de forma implacable, sacsejant les vides dels treballadors de les pr\u00f2speres f\u00e0briques t\u00e8xtils de Kingsbridge. S\u2019obre un m\u00f3n de noves i alliberadores oportunitats per\u00f2, lligat a la crueltat m\u00e9s despietada. La r\u00e0pida modernitzaci\u00f3 amb les seves flamants per\u00f2 perilloses maquin\u00e0ries est\u00e0 deixant obsolets molts treballs i esquin\u00e7ant les fam\u00edlies. Una nova tirania emergeix a l\u2019horitz\u00f3 I a mesura que l\u2019esclat d\u2019una guerra internacional sembla cada cop m\u00e9s a prop, la hist\u00f2ria d\u2019un petit grup de persones de Kingsbridge \u2014incloent-hi el teixidor David Shoveller, la filera Sal Clitheroe i Kit, el decidit i enginy\u00f3s fill de Sal\u2014 es convertir\u00e0 en el s\u00edmbol de la lluita de tota una generaci\u00f3 que vol progressar i lluita per un futur sense opressi\u00f3\u2026Sobre la saga \u00abEls pilars de la Terra\u00bb han dit:<\/span><\/p>\n<p><span> \u00abSegueixo envejant com el primer dia la capacitat de Follett per entretenir. Les trames funcionen sempre i et mant\u00e9 enganxat a cada p\u00e0gina\u00bb.<\/span><\/p>\n<p><span> Juan G\u00f3mez Jurado, ABC \u00abFant\u00e0stic des de tots els punts de vista\u00bb.<\/span><\/p>\n<p><span> El M\u00f3n \u00abFollett \u00e9s un mestre\u00bb.<\/span><\/p>\n<p><span> The Washington Post\u00abUna obra que destaca com un triomf de l\u201desfor\u00e7 i la professionalitat\u00bb.<\/span><\/p>\n<p><span> The Guardian<\/span><\/p>\n","protected":false},"excerpt":{"rendered":"<p>FOLLETT, KEN<\/p>\n","protected":false},"featured_media":876737,"template":"","meta":{"_acf_changed":false,"om_disable_all_campaigns":false,"rs_blank_template":"","rs_page_bg_color":"","slide_template_v7":"","inline_featured_image":false,"_monsterinsights_skip_tracking":false,"_monsterinsights_sitenote_active":false,"_monsterinsights_sitenote_note":"","_monsterinsights_sitenote_category":0},"product_brand":[],"product_cat":[127,357],"product_tag":[],"class_list":{"0":"post-840438","1":"product","2":"type-product","3":"status-publish","4":"has-post-thumbnail","6":"product_cat-novella-contemporania","7":"product_cat-novela-contemporanea","9":"first","10":"instock","11":"taxable","12":"shipping-taxable","13":"purchasable","14":"product-type-simple"},"acf":{"autor":"FOLLETT, KEN","codart":"841925954","libros-coleccion":"Narrativa","ediciones":"1","encuadernacion":"Carton\u00e9","fecha_de_publicacion":"26\/09\/2023","novedad":"1","paginas":"832","subtitulo":"","orden":"0","portada":"1","idioma":"cat","editorial":[{"ID":6350,"post_author":"3","post_date":"2022-07-28 17:50:18","post_date_gmt":"2022-07-28 15:50:18","post_content":"","post_title":"ROSA DELS VENTS","post_excerpt":"","post_status":"publish","comment_status":"closed","ping_status":"closed","post_password":"","post_name":"rosa-dels-vents","to_ping":"","pinged":"","post_modified":"2022-07-28 17:50:18","post_modified_gmt":"2022-07-28 15:50:18","post_content_filtered":"","post_parent":0,"guid":"http:\/\/dev.claret.cat\/editorial\/rosa-dels-vents\/","menu_order":0,"post_type":"editorial","post_mime_type":"","comment_count":"0","filter":"raw"}],"autores-libros":[{"ID":5703,"post_author":"3","post_date":"2022-07-28 17:29:40","post_date_gmt":"2022-07-28 15:29:40","post_content":"","post_title":"KEN FOLLETT","post_excerpt":"","post_status":"publish","comment_status":"closed","ping_status":"closed","post_password":"","post_name":"ken-follett","to_ping":"","pinged":"","post_modified":"2022-07-28 17:29:40","post_modified_gmt":"2022-07-28 15:29:40","post_content_filtered":"","post_parent":0,"guid":"http:\/\/dev.claret.cat\/autor\/ken-follett\/","menu_order":0,"post_type":"autor","post_mime_type":"","comment_count":"0","filter":"raw"}]},"aioseo_notices":[],"_links":{"self":[{"href":"https:\/\/www.claret.cat\/es\/wp-json\/wp\/v2\/product\/840438","targetHints":{"allow":["GET"]}}],"collection":[{"href":"https:\/\/www.claret.cat\/es\/wp-json\/wp\/v2\/product"}],"about":[{"href":"https:\/\/www.claret.cat\/es\/wp-json\/wp\/v2\/types\/product"}],"wp:featuredmedia":[{"embeddable":true,"href":"https:\/\/www.claret.cat\/es\/wp-json\/wp\/v2\/media\/876737"}],"wp:attachment":[{"href":"https:\/\/www.claret.cat\/es\/wp-json\/wp\/v2\/media?parent=840438"}],"wp:term":[{"taxonomy":"product_brand","embeddable":true,"href":"https:\/\/www.claret.cat\/es\/wp-json\/wp\/v2\/product_brand?post=840438"},{"taxonomy":"product_cat","embeddable":true,"href":"https:\/\/www.claret.cat\/es\/wp-json\/wp\/v2\/product_cat?post=840438"},{"taxonomy":"product_tag","embeddable":true,"href":"https:\/\/www.claret.cat\/es\/wp-json\/wp\/v2\/product_tag?post=840438"}],"curies":[{"name":"wp","href":"https:\/\/api.w.org\/{rel}","templated":true}]}}