{"id":84104,"date":"2022-10-11T17:23:08","date_gmt":"2022-10-11T15:23:08","guid":{"rendered":"http:\/\/dev.claret.cat\/producte\/el-arte-de-cortar-y-secar\/"},"modified":"2026-02-26T14:50:40","modified_gmt":"2026-02-26T13:50:40","slug":"el-arte-de-cortar-y-secar-9788418725036","status":"publish","type":"product","link":"https:\/\/www.claret.cat\/es\/libro\/el-arte-de-cortar-y-secar-9788418725036\/","title":{"rendered":"EL ARTE DE CORTAR Y SECAR"},"content":{"rendered":"<p>* Las flores secas son una forma preciosa, sencilla y sostenible de llevar la naturaleza a casa.<br \/> * La experta estilista floral Carolyn Dunster le infunde nueva vida a este arte milenario y nos muestra c\u00f3mo prolongar la vida de nuestras plantas favoritas y crear impresionantes arreglos estacionales con una decena de proyectos que se pueden realizar en casa.<br \/> * Descubra cu\u00e1les son las plantas que mejor se secan y c\u00f3mo cultivarlas, experimente con diversos m\u00e9todos de secado y adorne y arregle sus propias flores secas.<\/p>\n<p> Est\u00e1 demostrado que el contacto con la naturaleza es esencial para nuestro bienestar cotidiano, y este contacto puede dificultarse cuando se vive y trabaja en una ciudad. Reunir unas cuantas flores y bayas secas, algunas ramitas y c\u00e1psulas seminales para crear arreglos estacionales cambiantes es una forma econ\u00f3mica de llevar un poco del mundo natural a nuestros hogares sin ning\u00fan problema de mantenimiento a\u00f1adido. El material seco no tiene por qu\u00e9 implicar polvo y monoton\u00eda; de hecho, se est\u00e1 desprendiendo r\u00e1pidamente de estas anticuadas connotaciones.<\/p>\n<p> Sin embargo, secar flores no es una ciencia exacta. No tiene que costarle una gran cantidad de dinero ni llevarle mucho tiempo, as\u00ed que puede probar con unos cuantos ejemplares de flores, hojas, musgos y bayas. Cuanto m\u00e1s experimente, mejor sabr\u00e1 qu\u00e9 se seca bien, y puede que se lleve unas cuantas deliciosas sorpresas durante el proceso.<\/p>\n","protected":false},"excerpt":{"rendered":"<p>DUNSTER, CAROLYN<\/p>\n","protected":false},"featured_media":84105,"template":"","meta":{"_acf_changed":false,"om_disable_all_campaigns":false,"rs_blank_template":"","rs_page_bg_color":"","slide_template_v7":"","inline_featured_image":false,"_monsterinsights_skip_tracking":false,"_monsterinsights_sitenote_active":false,"_monsterinsights_sitenote_note":"","_monsterinsights_sitenote_category":0},"product_brand":[],"product_cat":[90,540,105,555],"product_tag":[],"class_list":{"0":"post-84104","1":"product","2":"type-product","3":"status-publish","4":"has-post-thumbnail","6":"product_cat-altres","7":"product_cat-otros","8":"product_cat-regal","9":"product_cat-regalo","11":"first","12":"instock","13":"taxable","14":"shipping-taxable","15":"purchasable","16":"product-type-simple"},"acf":{"autor":"DUNSTER, CAROLYN","codart":"841872503","libros-coleccion":"","ediciones":"1","encuadernacion":"Carton\u00e9","fecha_de_publicacion":"01\/08\/2021","novedad":"1","paginas":"176","subtitulo":"","orden":"0","portada":"0","idioma":"spa","editorial":[{"ID":147554,"post_author":"3","post_date":"2022-10-14 11:51:27","post_date_gmt":"2022-10-14 09:51:27","post_content":"","post_title":"BLUME (Naturart)","post_excerpt":"","post_status":"publish","comment_status":"closed","ping_status":"closed","post_password":"","post_name":"blume-naturart","to_ping":"","pinged":"","post_modified":"2022-10-14 11:51:27","post_modified_gmt":"2022-10-14 09:51:27","post_content_filtered":"","post_parent":0,"guid":"http:\/\/dev.claret.cat\/editorial\/blume-naturart\/","menu_order":0,"post_type":"editorial","post_mime_type":"","comment_count":"0","filter":"raw"}],"autores-libros":[{"ID":152515,"post_author":"3","post_date":"2022-10-14 14:49:23","post_date_gmt":"2022-10-14 12:49:23","post_content":"","post_title":"CAROLYN DUNSTER","post_excerpt":"","post_status":"publish","comment_status":"closed","ping_status":"closed","post_password":"","post_name":"carolyn-dunster","to_ping":"","pinged":"","post_modified":"2022-10-14 14:49:23","post_modified_gmt":"2022-10-14 12:49:23","post_content_filtered":"","post_parent":0,"guid":"http:\/\/dev.claret.cat\/autor\/carolyn-dunster\/","menu_order":0,"post_type":"autor","post_mime_type":"","comment_count":"0","filter":"raw"}],"booktrailer":"","resenas":""},"aioseo_notices":[],"_links":{"self":[{"href":"https:\/\/www.claret.cat\/es\/wp-json\/wp\/v2\/product\/84104","targetHints":{"allow":["GET"]}}],"collection":[{"href":"https:\/\/www.claret.cat\/es\/wp-json\/wp\/v2\/product"}],"about":[{"href":"https:\/\/www.claret.cat\/es\/wp-json\/wp\/v2\/types\/product"}],"wp:featuredmedia":[{"embeddable":true,"href":"https:\/\/www.claret.cat\/es\/wp-json\/wp\/v2\/media\/84105"}],"wp:attachment":[{"href":"https:\/\/www.claret.cat\/es\/wp-json\/wp\/v2\/media?parent=84104"}],"wp:term":[{"taxonomy":"product_brand","embeddable":true,"href":"https:\/\/www.claret.cat\/es\/wp-json\/wp\/v2\/product_brand?post=84104"},{"taxonomy":"product_cat","embeddable":true,"href":"https:\/\/www.claret.cat\/es\/wp-json\/wp\/v2\/product_cat?post=84104"},{"taxonomy":"product_tag","embeddable":true,"href":"https:\/\/www.claret.cat\/es\/wp-json\/wp\/v2\/product_tag?post=84104"}],"curies":[{"name":"wp","href":"https:\/\/api.w.org\/{rel}","templated":true}]}}