{"id":84475,"date":"2022-10-11T17:27:52","date_gmt":"2022-10-11T15:27:52","guid":{"rendered":"http:\/\/dev.claret.cat\/producte\/contamos-con-vosotros-magos-del-humor-209\/"},"modified":"2023-01-28T08:17:03","modified_gmt":"2023-01-28T07:17:03","slug":"contamos-con-vosotros-magos-del-humor-209-9788402425119","status":"publish","type":"product","link":"https:\/\/www.claret.cat\/es\/libro\/contamos-con-vosotros-magos-del-humor-209-9788402425119\/","title":{"rendered":"CONTAMOS CON VOSOTROS (MAGOS DEL HUMOR 209)"},"content":{"rendered":"<p>\u00a1Zipi y Zape deportistas! A causa de las malas notas de Zipi y Zape, don Pantuflo les dice que  durante las vacaciones se dedicar\u00e1n a practicar deportes.Probar\u00e1n el  lanzamiento de martillo, el salto de p\u00e9rtiga, el esqu\u00ed en la nieve, el  karate, el motociclismo, el baloncesto, el boxeo, el f\u00fatbol y el  ciclismo, demostrando as\u00ed sus grandes aptitudes para el deporte en  general. Pero como dice don Pantuflo, donde est\u00e9 un buen sobresaliente en matem\u00e1ticas&#8230;<\/p>\n","protected":false},"excerpt":{"rendered":"<p>ESCOBAR, JOSEP<\/p>\n","protected":false},"featured_media":84476,"template":"","meta":{"_acf_changed":false,"om_disable_all_campaigns":false,"rs_blank_template":"","rs_page_bg_color":"","slide_template_v7":"","inline_featured_image":false,"_monsterinsights_skip_tracking":false,"_monsterinsights_sitenote_active":false,"_monsterinsights_sitenote_note":"","_monsterinsights_sitenote_category":0},"product_brand":[],"product_cat":[108],"product_tag":[],"class_list":{"0":"post-84475","1":"product","2":"type-product","3":"status-publish","4":"has-post-thumbnail","6":"product_cat-comic","8":"first","9":"instock","10":"taxable","11":"shipping-taxable","12":"purchasable","13":"product-type-simple"},"acf":{"editorial":[{"ID":6253,"post_author":"3","post_date":"2022-07-28 17:48:14","post_date_gmt":"2022-07-28 15:48:14","post_content":"","post_title":"Facultat Teologia de Catalunya","post_excerpt":"","post_status":"publish","comment_status":"closed","ping_status":"closed","post_password":"","post_name":"facultat-teologia-de-catalunya","to_ping":"","pinged":"","post_modified":"2022-07-28 17:48:14","post_modified_gmt":"2022-07-28 15:48:14","post_content_filtered":"","post_parent":0,"guid":"http:\/\/dev.claret.cat\/editorial\/facultat-teologia-de-catalunya\/","menu_order":0,"post_type":"editorial","post_mime_type":"","comment_count":"0","filter":"raw"}],"autores-libros":[{"ID":160663,"post_author":"3","post_date":"2022-10-14 15:54:53","post_date_gmt":"2022-10-14 13:54:53","post_content":"","post_title":"JOSEP ESCOBAR","post_excerpt":"","post_status":"publish","comment_status":"closed","ping_status":"closed","post_password":"","post_name":"josep-escobar","to_ping":"","pinged":"","post_modified":"2022-10-14 15:54:53","post_modified_gmt":"2022-10-14 13:54:53","post_content_filtered":"","post_parent":0,"guid":"http:\/\/dev.claret.cat\/autor\/josep-escobar\/","menu_order":0,"post_type":"autor","post_mime_type":"","comment_count":"0","filter":"raw"}],"autor":"ESCOBAR, JOSEP","codart":"840242511","libros-coleccion":"MAGOS DEL HUMOR","ediciones":"1","encuadernacion":"Carton\u00e9","fecha_de_publicacion":"01\/09\/2021","novedad":"1","paginas":"46","subtitulo":"","orden":"0","portada":"0","idioma":"spa"},"aioseo_notices":[],"_links":{"self":[{"href":"https:\/\/www.claret.cat\/es\/wp-json\/wp\/v2\/product\/84475","targetHints":{"allow":["GET"]}}],"collection":[{"href":"https:\/\/www.claret.cat\/es\/wp-json\/wp\/v2\/product"}],"about":[{"href":"https:\/\/www.claret.cat\/es\/wp-json\/wp\/v2\/types\/product"}],"wp:featuredmedia":[{"embeddable":true,"href":"https:\/\/www.claret.cat\/es\/wp-json\/wp\/v2\/media\/84476"}],"wp:attachment":[{"href":"https:\/\/www.claret.cat\/es\/wp-json\/wp\/v2\/media?parent=84475"}],"wp:term":[{"taxonomy":"product_brand","embeddable":true,"href":"https:\/\/www.claret.cat\/es\/wp-json\/wp\/v2\/product_brand?post=84475"},{"taxonomy":"product_cat","embeddable":true,"href":"https:\/\/www.claret.cat\/es\/wp-json\/wp\/v2\/product_cat?post=84475"},{"taxonomy":"product_tag","embeddable":true,"href":"https:\/\/www.claret.cat\/es\/wp-json\/wp\/v2\/product_tag?post=84475"}],"curies":[{"name":"wp","href":"https:\/\/api.w.org\/{rel}","templated":true}]}}