{"id":84541,"date":"2022-10-11T17:28:40","date_gmt":"2022-10-11T15:28:40","guid":{"rendered":"http:\/\/dev.claret.cat\/producte\/la-vida-secreta-dels-arbres\/"},"modified":"2023-07-28T17:03:53","modified_gmt":"2023-07-28T15:03:53","slug":"la-vida-secreta-dels-arbres-9788413560427","status":"publish","type":"product","link":"https:\/\/www.claret.cat\/es\/libro\/la-vida-secreta-dels-arbres-9788413560427\/","title":{"rendered":"LA VIDA SECRETA DELS ARBRES"},"content":{"rendered":"<p>IL\u00b7LUSTRACIONS DE VIVIAN MINEKER ESCOLTA LES VELLES RONDALLES DEL COR DE ROURE EL VALENT , L &#8221;ARBRE M\u00c9S ANCI\u00c0 I SAVI DEL BOSC, I DESCOBREIX TOTS ELS SECRETS QUE AMAGUEN ELS ARBRES . . . X X X X X T ! Sabies que els arbres poden parlar entre ells?\u00a0O que l&#8221;\u00e9sser viu m\u00e9s vell del m\u00f3n \u00e9s un arbre?\u00a0Escolta hist\u00f2ries d&#8221;arbres d&#8221;arreu del m\u00f3n i apr\u00e8n\u00a0tot el que puguis imaginar-te&#8221;n: com creixen\u00a0i per qu\u00e8 s\u00f3n tan importants per a nosaltres. Una apassionant guia de la natura! El Cor de Roure, l&#8221;arbre m\u00e9s vell del bosc, ha vist passar molts i molts anys, aix\u00ed que t\u00e9 una pila de secrets d&#8221;arbres per explicar. Uns quants s\u00f3n seus, com ara com va n\u00e9ixer, com va cr\u00e9ixer i com fa les fulles. D&#8221;altres els ha sentit al vent, i alguns li han xiuxiuejat els seus amics els animals.   * Amb aquest preci\u00f3s llibre il\u00b7lustrat, els petits lectors descobriran un munt de curiositats dels arbres (com neixen, creixen i es relacionen amb l&#8221;entorn) i les millors rondalles d&#8221;arreu dedicades als arbres.<\/p>\n","protected":false},"excerpt":{"rendered":"<p>BUTTERFIELD, MOIRA<\/p>\n","protected":false},"featured_media":468589,"template":"","meta":{"_acf_changed":false,"om_disable_all_campaigns":false,"rs_blank_template":"","rs_page_bg_color":"","slide_template_v7":"","inline_featured_image":false,"_monsterinsights_skip_tracking":false,"_monsterinsights_sitenote_active":false,"_monsterinsights_sitenote_note":"","_monsterinsights_sitenote_category":0},"product_brand":[],"product_cat":[132,362],"product_tag":[],"class_list":{"0":"post-84541","1":"product","2":"type-product","3":"status-publish","4":"has-post-thumbnail","6":"product_cat-lectures-per-preadolescents-6-12-anys","7":"product_cat-libros-preadolescentes-6-12-anos","9":"first","10":"instock","11":"taxable","12":"shipping-taxable","13":"purchasable","14":"product-type-simple"},"acf":{"editorial":[{"ID":6171,"post_author":"3","post_date":"2022-07-28 17:46:25","post_date_gmt":"2022-07-28 15:46:25","post_content":"","post_title":"COSSETANIA EDICIONS","post_excerpt":"","post_status":"publish","comment_status":"closed","ping_status":"closed","post_password":"","post_name":"cossetania-edicions","to_ping":"","pinged":"","post_modified":"2022-07-28 17:46:25","post_modified_gmt":"2022-07-28 15:46:25","post_content_filtered":"","post_parent":0,"guid":"http:\/\/dev.claret.cat\/editorial\/cossetania-edicions\/","menu_order":0,"post_type":"editorial","post_mime_type":"","comment_count":"0","filter":"raw"}],"autores-libros":[{"ID":165275,"post_author":"3","post_date":"2022-10-14 17:53:52","post_date_gmt":"2022-10-14 15:53:52","post_content":"","post_title":"MOIRA BUTTERFIELD","post_excerpt":"","post_status":"publish","comment_status":"closed","ping_status":"closed","post_password":"","post_name":"moira-butterfield","to_ping":"","pinged":"","post_modified":"2022-10-14 17:53:52","post_modified_gmt":"2022-10-14 15:53:52","post_content_filtered":"","post_parent":0,"guid":"http:\/\/dev.claret.cat\/autor\/moira-butterfield\/","menu_order":0,"post_type":"autor","post_mime_type":"","comment_count":"0","filter":"raw"}],"autor":"BUTTERFIELD, MOIRA","codart":"841356042","libros-coleccion":"Altres infantil","ediciones":"1","encuadernacion":"Carton\u00e9","fecha_de_publicacion":"01\/09\/2021","novedad":"1","paginas":"47","subtitulo":"RONDALLES I CURIOSITATS M\u00c0GIQUES DE LA NATURA","orden":"0","portada":"0","idioma":"cat"},"aioseo_notices":[],"_links":{"self":[{"href":"https:\/\/www.claret.cat\/es\/wp-json\/wp\/v2\/product\/84541","targetHints":{"allow":["GET"]}}],"collection":[{"href":"https:\/\/www.claret.cat\/es\/wp-json\/wp\/v2\/product"}],"about":[{"href":"https:\/\/www.claret.cat\/es\/wp-json\/wp\/v2\/types\/product"}],"wp:featuredmedia":[{"embeddable":true,"href":"https:\/\/www.claret.cat\/es\/wp-json\/wp\/v2\/media\/468589"}],"wp:attachment":[{"href":"https:\/\/www.claret.cat\/es\/wp-json\/wp\/v2\/media?parent=84541"}],"wp:term":[{"taxonomy":"product_brand","embeddable":true,"href":"https:\/\/www.claret.cat\/es\/wp-json\/wp\/v2\/product_brand?post=84541"},{"taxonomy":"product_cat","embeddable":true,"href":"https:\/\/www.claret.cat\/es\/wp-json\/wp\/v2\/product_cat?post=84541"},{"taxonomy":"product_tag","embeddable":true,"href":"https:\/\/www.claret.cat\/es\/wp-json\/wp\/v2\/product_tag?post=84541"}],"curies":[{"name":"wp","href":"https:\/\/api.w.org\/{rel}","templated":true}]}}