{"id":84562,"date":"2022-10-11T17:28:56","date_gmt":"2022-10-11T15:28:56","guid":{"rendered":"http:\/\/dev.claret.cat\/producte\/rates-de-biblioteca\/"},"modified":"2023-01-28T15:05:12","modified_gmt":"2023-01-28T14:05:12","slug":"rates-de-biblioteca-9788412181975","status":"publish","type":"product","link":"https:\/\/www.claret.cat\/es\/libro\/rates-de-biblioteca-9788412181975\/","title":{"rendered":"RATES DE BIBLIOTECA"},"content":{"rendered":"<p>Escriptors, lletraferits, bibliotecaris, lectors i fins i tot rates de biblioteca poblen l&#8221;univers de Sebasti\u00e0 Bennasar. Aquest volum aplega una part important dels relats que l&#8217;escriptor mallorqu\u00ed ha anat publicant de forma esparsa al llarg dels darrers vint anys, sempre guiats pel fil conductor de la lectura i l&#8217;escriptura. Cadascuna d&#8217;aquestes peces ens parla de la import\u00e0ncia cabdal dels llibres en la nostra vida quotidiana. Alguns d&#8217;aquests relats han obtingut premis literaris que l&#8217;autor ha anat a ca\u00e7ar amb l&#8217;esperit de Roberto Bola\u00f1o; d&#8217;altres han estat propostes que ha fet a la premsa peri\u00f2dica, i n&#8217;hi ha que formen part de reculls tem\u00e0tics en qu\u00e8 els ant\u00f2legs han considerat imprescindible la seva participaci\u00f3. En tots aquests contes, petites joies de la narrativa breu, Bennasar reflexiona sobre el m\u00f3n del llibre, l&#8217;art d&#8217;escriure i, encara, sobre la import\u00e0ncia i la bellesa de la literatura com a element transformador de les vides dels seus protagonistes.<\/p>\n","protected":false},"excerpt":{"rendered":"<p>BENNASAR, SEBASTI\u00c0<\/p>\n","protected":false},"featured_media":84563,"template":"","meta":{"_acf_changed":false,"om_disable_all_campaigns":false,"rs_blank_template":"","rs_page_bg_color":"","slide_template_v7":"","inline_featured_image":false,"_monsterinsights_skip_tracking":false,"_monsterinsights_sitenote_active":false,"_monsterinsights_sitenote_note":"","_monsterinsights_sitenote_category":0},"product_brand":[],"product_cat":[127],"product_tag":[],"class_list":{"0":"post-84562","1":"product","2":"type-product","3":"status-publish","4":"has-post-thumbnail","6":"product_cat-novella-contemporania","8":"first","9":"instock","10":"taxable","11":"shipping-taxable","12":"purchasable","13":"product-type-simple"},"acf":{"editorial":[{"ID":148450,"post_author":"3","post_date":"2022-10-14 11:58:20","post_date_gmt":"2022-10-14 09:58:20","post_content":"","post_title":"Lletra Impresa Edicions","post_excerpt":"","post_status":"publish","comment_status":"closed","ping_status":"closed","post_password":"","post_name":"lletra-impresa-edicions","to_ping":"","pinged":"","post_modified":"2022-10-14 11:58:20","post_modified_gmt":"2022-10-14 09:58:20","post_content_filtered":"","post_parent":0,"guid":"http:\/\/dev.claret.cat\/editorial\/lletra-impresa-edicions\/","menu_order":0,"post_type":"editorial","post_mime_type":"","comment_count":"0","filter":"raw"}],"autores-libros":[{"ID":169235,"post_author":"3","post_date":"2022-10-14 22:25:35","post_date_gmt":"2022-10-14 20:25:35","post_content":"","post_title":"SEBASTI\u00c0 BENNASAR","post_excerpt":"","post_status":"publish","comment_status":"closed","ping_status":"closed","post_password":"","post_name":"sebastia-bennasar","to_ping":"","pinged":"","post_modified":"2022-10-14 22:25:35","post_modified_gmt":"2022-10-14 20:25:35","post_content_filtered":"","post_parent":0,"guid":"http:\/\/dev.claret.cat\/autor\/sebastia-bennasar\/","menu_order":0,"post_type":"autor","post_mime_type":"","comment_count":"0","filter":"raw"}],"autor":"BENNASAR, SEBASTI\u00c0","codart":"841218197","libros-coleccion":"Ovidianes","ediciones":"1","encuadernacion":"R\u00fastica","fecha_de_publicacion":"01\/08\/2021","novedad":"1","paginas":"151","subtitulo":"","orden":"0","portada":"0","idioma":"cat"},"aioseo_notices":[],"_links":{"self":[{"href":"https:\/\/www.claret.cat\/es\/wp-json\/wp\/v2\/product\/84562","targetHints":{"allow":["GET"]}}],"collection":[{"href":"https:\/\/www.claret.cat\/es\/wp-json\/wp\/v2\/product"}],"about":[{"href":"https:\/\/www.claret.cat\/es\/wp-json\/wp\/v2\/types\/product"}],"wp:featuredmedia":[{"embeddable":true,"href":"https:\/\/www.claret.cat\/es\/wp-json\/wp\/v2\/media\/84563"}],"wp:attachment":[{"href":"https:\/\/www.claret.cat\/es\/wp-json\/wp\/v2\/media?parent=84562"}],"wp:term":[{"taxonomy":"product_brand","embeddable":true,"href":"https:\/\/www.claret.cat\/es\/wp-json\/wp\/v2\/product_brand?post=84562"},{"taxonomy":"product_cat","embeddable":true,"href":"https:\/\/www.claret.cat\/es\/wp-json\/wp\/v2\/product_cat?post=84562"},{"taxonomy":"product_tag","embeddable":true,"href":"https:\/\/www.claret.cat\/es\/wp-json\/wp\/v2\/product_tag?post=84562"}],"curies":[{"name":"wp","href":"https:\/\/api.w.org\/{rel}","templated":true}]}}