{"id":8461,"date":"2022-09-30T12:08:47","date_gmt":"2022-09-30T10:08:47","guid":{"rendered":"http:\/\/dev.claret.cat\/producte\/byung-chul-han-y-lo-politico\/"},"modified":"2023-01-28T13:02:32","modified_gmt":"2023-01-28T12:02:32","slug":"byungchul-han-y-lo-politico-9789878331720","status":"publish","type":"product","link":"https:\/\/www.claret.cat\/es\/libro\/byungchul-han-y-lo-politico-9789878331720\/","title":{"rendered":"BYUNG-CHUL HAN Y LO POL\u00cdTICO"},"content":{"rendered":"<p>Disc\u00edpulo de Hegel, continuador de Heidegger y heredero de un legado zen, para Byung-Chul Han la filosof\u00eda es el entendimiento cr\u00edtico del poder. \u00bfY d\u00f3nde m\u00e1s que en Silicon Valley, cuna t\u00e9cnica y cultural de una era entregada a la l\u00f3gica de internet, est\u00e1 ese poder? Hoy es en las redes y en las plataformas digitales donde se crean y trafican nuestros v\u00ednculos, consumos y sentimientos. \u00bfPero qu\u00e9 precio metaf\u00edsico pagamos al acceder a ellos sin una m\u00ednima negatividad? \u00bfSomos &#8216;nuestros propios jefes&#8217; o &#8216;artistas&#8217; al ceder nuestros datos a los mandatos econ\u00f3micos o est\u00e9ticos de la web?  Mientras nuestra vida \u00edntima se subordina a un narcisismo digitalizado, donde la seducci\u00f3n reemplaza al placer y el sexo es casi m\u00e1s excepcional que el amor, Han interpone preguntas que, al discutir con Michel Foucault, Slavoj ?i?ek, Peter Sloterdijk y Boris Groys, iluminan la oscuridad de las pantallas que edifican nuestra realidad.  &#8216;Byung-Chul Han y lo pol\u00edtico&#8217; abre una puerta hacia los conceptos fundamentales de uno de los pensadores m\u00e1s relevantes de esta \u00e9poca, signada por crisis continuas.<\/p>\n","protected":false},"excerpt":{"rendered":"<p>NICOL\u00c1S MAVRAKIS<\/p>\n","protected":false},"featured_media":64928,"template":"","meta":{"_acf_changed":false,"om_disable_all_campaigns":false,"rs_blank_template":"","rs_page_bg_color":"","slide_template_v7":"","inline_featured_image":false,"_monsterinsights_skip_tracking":false,"_monsterinsights_sitenote_active":false,"_monsterinsights_sitenote_note":"","_monsterinsights_sitenote_category":0},"product_brand":[],"product_cat":[166],"product_tag":[],"class_list":{"0":"post-8461","1":"product","2":"type-product","3":"status-publish","4":"has-post-thumbnail","6":"product_cat-autors-filosofia","8":"first","9":"instock","10":"taxable","11":"shipping-taxable","12":"purchasable","13":"product-type-simple"},"acf":{"autores-libros":[{"ID":5889,"post_author":"3","post_date":"2022-07-28 17:33:40","post_date_gmt":"2022-07-28 15:33:40","post_content":"","post_title":"NICOL\u00c1S MAVRAKIS","post_excerpt":"","post_status":"publish","comment_status":"closed","ping_status":"closed","post_password":"","post_name":"nicolas-mavrakis","to_ping":"","pinged":"","post_modified":"2022-07-28 17:33:40","post_modified_gmt":"2022-07-28 15:33:40","post_content_filtered":"","post_parent":0,"guid":"http:\/\/dev.claret.cat\/autor\/nicolas-mavrakis\/","menu_order":0,"post_type":"autor","post_mime_type":"","comment_count":"0","filter":"raw"}],"autor":"NICOL\u00c1S MAVRAKIS","codart":"987833172","libros-coleccion":"FORA DE COL.LECCI\u00d3","ediciones":"1","encuadernacion":"Carpeta","fecha_de_publicacion":"01\/02\/2021","novedad":"1","paginas":"140","subtitulo":"","orden":"0","portada":"0","idioma":"spa","editorial":[{"ID":148701,"post_author":"3","post_date":"2022-10-14 12:00:19","post_date_gmt":"2022-10-14 10:00:19","post_content":"","post_title":"PROMETEO LIBROS","post_excerpt":"","post_status":"publish","comment_status":"closed","ping_status":"closed","post_password":"","post_name":"prometeo-libros","to_ping":"","pinged":"","post_modified":"2022-10-14 12:00:19","post_modified_gmt":"2022-10-14 10:00:19","post_content_filtered":"","post_parent":0,"guid":"http:\/\/dev.claret.cat\/editorial\/prometeo-libros\/","menu_order":0,"post_type":"editorial","post_mime_type":"","comment_count":"0","filter":"raw"}]},"aioseo_notices":[],"_links":{"self":[{"href":"https:\/\/www.claret.cat\/es\/wp-json\/wp\/v2\/product\/8461","targetHints":{"allow":["GET"]}}],"collection":[{"href":"https:\/\/www.claret.cat\/es\/wp-json\/wp\/v2\/product"}],"about":[{"href":"https:\/\/www.claret.cat\/es\/wp-json\/wp\/v2\/types\/product"}],"wp:featuredmedia":[{"embeddable":true,"href":"https:\/\/www.claret.cat\/es\/wp-json\/wp\/v2\/media\/64928"}],"wp:attachment":[{"href":"https:\/\/www.claret.cat\/es\/wp-json\/wp\/v2\/media?parent=8461"}],"wp:term":[{"taxonomy":"product_brand","embeddable":true,"href":"https:\/\/www.claret.cat\/es\/wp-json\/wp\/v2\/product_brand?post=8461"},{"taxonomy":"product_cat","embeddable":true,"href":"https:\/\/www.claret.cat\/es\/wp-json\/wp\/v2\/product_cat?post=8461"},{"taxonomy":"product_tag","embeddable":true,"href":"https:\/\/www.claret.cat\/es\/wp-json\/wp\/v2\/product_tag?post=8461"}],"curies":[{"name":"wp","href":"https:\/\/api.w.org\/{rel}","templated":true}]}}