{"id":84673,"date":"2022-10-11T17:30:25","date_gmt":"2022-10-11T15:30:25","guid":{"rendered":"http:\/\/dev.claret.cat\/producte\/la-vida-autentica\/"},"modified":"2024-01-31T16:40:29","modified_gmt":"2024-01-31T15:40:29","slug":"la-vida-autentica-9788466428118","status":"publish","type":"product","link":"https:\/\/www.claret.cat\/es\/libro\/la-vida-autentica-9788466428118\/","title":{"rendered":"LA VIDA AUT\u00c8NTICA"},"content":{"rendered":"<p>Una novel\u00b7la que et toca l\u00e0nima.<br \/> Quan era un nen, l&#8217;Oliver Bou destacava en l&#8217;escriptura de cartes d&#8217;amor per als seus companys de classe. Ara, a la cinquantena, s&#8217;ha convertit en escriptor de gran \u00e8xit de novel\u00b7la negra i columnista, i un d&#8217;aquells antics companys, el Pere, li demana que escrigui en nom seu unes cartes adre\u00e7ades a la Roxana Segarra per enamorar-la. Ella, una editora de prestigi, encara ho vol tot per\u00f2 no necessita res. Capa\u00e7 de fer-se creure a ella mateixa el que vulgui, sempre trobar\u00e0 bones raons per fer el que decideixi fer, per\u00f2 no li resultar\u00e0 f\u00e0cil trobar el veritable cam\u00ed quan la vida la posa a prova.<br \/> \u00abDespr\u00e9s de cinquanta-tres cartes, de tants trucs a la porta, tenia ganes de veure el Pere; no sabia qui era despr\u00e9s de trenta anys. Qu\u00e8 recordava? Tan sols imatges esparses i borroses, en una estaci\u00f3 de l&#8217;any freda: en cotxe de nit per Barcelona mentre plovia, un restaurant al barri de Gr\u00e0cia, un carnestoltes disfressats del m\u00f3n de l&#8217;hampa&#8230; i el desig ple de neguit de les primeres trobades\u00bb.<\/p>\n","protected":false},"excerpt":{"rendered":"<p>BARDERI, MONTSE<\/p>\n","protected":false},"featured_media":84674,"template":"","meta":{"_acf_changed":false,"om_disable_all_campaigns":false,"rs_blank_template":"","rs_page_bg_color":"","slide_template_v7":"","inline_featured_image":false,"_monsterinsights_skip_tracking":false,"_monsterinsights_sitenote_active":false,"_monsterinsights_sitenote_note":"","_monsterinsights_sitenote_category":0},"product_brand":[],"product_cat":[127,357],"product_tag":[],"class_list":{"0":"post-84673","1":"product","2":"type-product","3":"status-publish","4":"has-post-thumbnail","6":"product_cat-novella-contemporania","7":"product_cat-novela-contemporanea","9":"first","10":"instock","11":"taxable","12":"shipping-taxable","13":"purchasable","14":"product-type-simple"},"acf":{"editorial":[{"ID":6166,"post_author":"3","post_date":"2022-07-28 17:46:19","post_date_gmt":"2022-07-28 15:46:19","post_content":"","post_title":"Columna CAT","post_excerpt":"","post_status":"publish","comment_status":"closed","ping_status":"closed","post_password":"","post_name":"columna-cat","to_ping":"","pinged":"","post_modified":"2022-07-28 17:46:19","post_modified_gmt":"2022-07-28 15:46:19","post_content_filtered":"","post_parent":0,"guid":"http:\/\/dev.claret.cat\/editorial\/columna-cat\/","menu_order":0,"post_type":"editorial","post_mime_type":"","comment_count":"0","filter":"raw"}],"autor":"BARDERI, MONTSE","codart":"846642811","libros-coleccion":"Cl\u00e0ssica","ediciones":"1","encuadernacion":"Carton\u00e9","fecha_de_publicacion":"01\/09\/2021","novedad":"1","paginas":"281","subtitulo":"","orden":"0","portada":"0","idioma":"cat","autores-libros":[{"ID":165378,"post_author":"3","post_date":"2022-10-14 17:54:42","post_date_gmt":"2022-10-14 15:54:42","post_content":"","post_title":"MONTSE BARDERI","post_excerpt":"","post_status":"publish","comment_status":"closed","ping_status":"closed","post_password":"","post_name":"montse-barderi","to_ping":"","pinged":"","post_modified":"2022-10-14 17:54:42","post_modified_gmt":"2022-10-14 15:54:42","post_content_filtered":"","post_parent":0,"guid":"http:\/\/dev.claret.cat\/autor\/montse-barderi\/","menu_order":0,"post_type":"autor","post_mime_type":"","comment_count":"0","filter":"raw"}]},"aioseo_notices":[],"_links":{"self":[{"href":"https:\/\/www.claret.cat\/es\/wp-json\/wp\/v2\/product\/84673","targetHints":{"allow":["GET"]}}],"collection":[{"href":"https:\/\/www.claret.cat\/es\/wp-json\/wp\/v2\/product"}],"about":[{"href":"https:\/\/www.claret.cat\/es\/wp-json\/wp\/v2\/types\/product"}],"wp:featuredmedia":[{"embeddable":true,"href":"https:\/\/www.claret.cat\/es\/wp-json\/wp\/v2\/media\/84674"}],"wp:attachment":[{"href":"https:\/\/www.claret.cat\/es\/wp-json\/wp\/v2\/media?parent=84673"}],"wp:term":[{"taxonomy":"product_brand","embeddable":true,"href":"https:\/\/www.claret.cat\/es\/wp-json\/wp\/v2\/product_brand?post=84673"},{"taxonomy":"product_cat","embeddable":true,"href":"https:\/\/www.claret.cat\/es\/wp-json\/wp\/v2\/product_cat?post=84673"},{"taxonomy":"product_tag","embeddable":true,"href":"https:\/\/www.claret.cat\/es\/wp-json\/wp\/v2\/product_tag?post=84673"}],"curies":[{"name":"wp","href":"https:\/\/api.w.org\/{rel}","templated":true}]}}