{"id":84694,"date":"2022-10-11T17:30:42","date_gmt":"2022-10-11T15:30:42","guid":{"rendered":"http:\/\/dev.claret.cat\/producte\/1939-la-caiguda-de-barcelona\/"},"modified":"2024-01-31T16:43:11","modified_gmt":"2024-01-31T15:43:11","slug":"1939-la-caiguda-de-barcelona-9788466427623","status":"publish","type":"product","link":"https:\/\/www.claret.cat\/es\/libro\/1939-la-caiguda-de-barcelona-9788466427623\/","title":{"rendered":"1939. LA CAIGUDA DE BARCELONA"},"content":{"rendered":"<p>L&#8217;ex\u00e8rcit franquista est\u00e0 a punt de creuar el Llobregat i milers de refugiats marxen cap a Fran\u00e7a. Entre ells Llu\u00eds Companys, que fuig, criticat per molts i abandonat pels seus. L&#8217;acompanya Manel Plandiure, un boxejador que li fa d&#8217;escorta i que es veu obligat a deixar a Barcelona l&#8217;Agnieszka, la seva amant, una prostituta polonesa. Quan els alemanys detenen Companys i l&#8217;entreguen a Franco, el Manel torna a Catalunya amb la intenci\u00f3 d&#8217;alliberar-lo. No ho aconseguir\u00e0, per\u00f2 venjar\u00e0 la seva mort.<br \/> 1939. La caiguda de Barcelona \u00e9s una novel\u00b7la sobre la trag\u00e8dia col\u00b7lectiva de l&#8217;exili, sobre el drama d&#8217;aquells a qui la guerra va estroncar la vida i la felicitat i sobre els qui no van defallir.<\/p>\n","protected":false},"excerpt":{"rendered":"<p>CLARET SERRA, ANDREU<\/p>\n","protected":false},"featured_media":84695,"template":"","meta":{"_acf_changed":false,"om_disable_all_campaigns":false,"rs_blank_template":"","rs_page_bg_color":"","slide_template_v7":"","inline_featured_image":false,"_monsterinsights_skip_tracking":false,"_monsterinsights_sitenote_active":false,"_monsterinsights_sitenote_note":"","_monsterinsights_sitenote_category":0},"product_brand":[],"product_cat":[130,360],"product_tag":[],"class_list":{"0":"post-84694","1":"product","2":"type-product","3":"status-publish","4":"has-post-thumbnail","6":"product_cat-novella-historica-i-ficcio","7":"product_cat-novela-historica-y-ficcion","9":"first","10":"instock","11":"taxable","12":"shipping-taxable","13":"purchasable","14":"product-type-simple"},"acf":{"editorial":[{"ID":6166,"post_author":"3","post_date":"2022-07-28 17:46:19","post_date_gmt":"2022-07-28 15:46:19","post_content":"","post_title":"Columna CAT","post_excerpt":"","post_status":"publish","comment_status":"closed","ping_status":"closed","post_password":"","post_name":"columna-cat","to_ping":"","pinged":"","post_modified":"2022-07-28 17:46:19","post_modified_gmt":"2022-07-28 15:46:19","post_content_filtered":"","post_parent":0,"guid":"http:\/\/dev.claret.cat\/editorial\/columna-cat\/","menu_order":0,"post_type":"editorial","post_mime_type":"","comment_count":"0","filter":"raw"}],"autor":"CLARET SERRA, ANDREU","codart":"846642762","libros-coleccion":"Cl\u00e0ssica","ediciones":"1","encuadernacion":"Carton\u00e9","fecha_de_publicacion":"01\/09\/2021","novedad":"1","paginas":"379","subtitulo":"","orden":"0","portada":"0","idioma":"cat","autores-libros":[{"ID":150288,"post_author":"3","post_date":"2022-10-14 14:31:45","post_date_gmt":"2022-10-14 12:31:45","post_content":"","post_title":"ANDREU CLARET SERRA","post_excerpt":"","post_status":"publish","comment_status":"closed","ping_status":"closed","post_password":"","post_name":"andreu-claret-serra","to_ping":"","pinged":"","post_modified":"2022-10-14 14:31:45","post_modified_gmt":"2022-10-14 12:31:45","post_content_filtered":"","post_parent":0,"guid":"http:\/\/dev.claret.cat\/autor\/andreu-claret-serra\/","menu_order":0,"post_type":"autor","post_mime_type":"","comment_count":"0","filter":"raw"}]},"aioseo_notices":[],"_links":{"self":[{"href":"https:\/\/www.claret.cat\/es\/wp-json\/wp\/v2\/product\/84694","targetHints":{"allow":["GET"]}}],"collection":[{"href":"https:\/\/www.claret.cat\/es\/wp-json\/wp\/v2\/product"}],"about":[{"href":"https:\/\/www.claret.cat\/es\/wp-json\/wp\/v2\/types\/product"}],"wp:featuredmedia":[{"embeddable":true,"href":"https:\/\/www.claret.cat\/es\/wp-json\/wp\/v2\/media\/84695"}],"wp:attachment":[{"href":"https:\/\/www.claret.cat\/es\/wp-json\/wp\/v2\/media?parent=84694"}],"wp:term":[{"taxonomy":"product_brand","embeddable":true,"href":"https:\/\/www.claret.cat\/es\/wp-json\/wp\/v2\/product_brand?post=84694"},{"taxonomy":"product_cat","embeddable":true,"href":"https:\/\/www.claret.cat\/es\/wp-json\/wp\/v2\/product_cat?post=84694"},{"taxonomy":"product_tag","embeddable":true,"href":"https:\/\/www.claret.cat\/es\/wp-json\/wp\/v2\/product_tag?post=84694"}],"curies":[{"name":"wp","href":"https:\/\/api.w.org\/{rel}","templated":true}]}}