{"id":84712,"date":"2022-10-11T17:30:57","date_gmt":"2022-10-11T15:30:57","guid":{"rendered":"http:\/\/dev.claret.cat\/producte\/guia-para-identificar-las-escenas-y-los-personajes-de-la-biblia\/"},"modified":"2025-01-05T14:05:07","modified_gmt":"2025-01-05T13:05:07","slug":"guia-para-identificar-las-escenas-y-los-personajes-de-la-biblia-9788437643052","status":"publish","type":"product","link":"https:\/\/www.claret.cat\/es\/libro\/guia-para-identificar-las-escenas-y-los-personajes-de-la-biblia-9788437643052\/","title":{"rendered":"GU\u00cdA PARA IDENTIFICAR LAS ESCENAS Y LOS PERSONAJES DE LA BIBLIA"},"content":{"rendered":"<p>La Biblia es el libro m\u00e1s difundido de la Historia. Los hechos que se narran en ella y los personajes que pueblan sus p\u00e1ginas han sido fuente inagotable de inspiraci\u00f3n para el arte occidental. La arquitectura, la pintura o la escultura est\u00e1n impregnadas de ellos, desde el nacimiento del cristianismo a nuestros d\u00edas. \u00bfSer\u00edas capaz de reconocer los hechos o personajes que aparecen en la Biblia?, \u00bfconoces el trasfondo de los acontecimientos y sus protagonistas?, \u00bfsabes por qu\u00e9 se representan as\u00ed? Esta obra intenta ayudar a identificar y conocer ambos aspectos relacion\u00e1ndolos con las distintas variantes iconogr\u00e1ficas y apuntando detalles curiosos sobre su significado, siendo la fuente fundamental la propia Biblia.<\/p>\n","protected":false},"excerpt":{"rendered":"<p>PLAZA ESCUDERO, LORENZO DE LA \/ OLMEDO MOLINO, ANTONIO \/ MORALES G\u00d3MEZ, ADORACI<\/p>\n","protected":false},"featured_media":374155,"template":"","meta":{"_acf_changed":false,"om_disable_all_campaigns":false,"rs_blank_template":"","rs_page_bg_color":"","slide_template_v7":"","inline_featured_image":false,"_monsterinsights_skip_tracking":false,"_monsterinsights_sitenote_active":false,"_monsterinsights_sitenote_note":"","_monsterinsights_sitenote_category":0},"product_brand":[],"product_cat":[110,560,95,545],"product_tag":[],"class_list":{"0":"post-84712","1":"product","2":"type-product","3":"status-publish","4":"has-post-thumbnail","6":"product_cat-art","7":"product_cat-arte","8":"product_cat-santoral","9":"product_cat-santoral-1_espiritualidad-spa","11":"first","12":"instock","13":"taxable","14":"shipping-taxable","15":"purchasable","16":"product-type-simple"},"acf":{"autor":"PLAZA ESCUDERO, LORENZO DE LA \/ OLMEDO MOLINO, ANTONIO \/ MORALES G\u00d3MEZ, ADORACI","codart":"843764305","libros-coleccion":"Cuadernos Arte C\u00e1tedra","ediciones":"1","encuadernacion":"Carton\u00e9","fecha_de_publicacion":"01\/09\/2021","novedad":"1","paginas":"419","subtitulo":"","orden":"0","portada":"0","idioma":"spa","editorial":[{"ID":147789,"post_author":"3","post_date":"2022-10-14 11:53:14","post_date_gmt":"2022-10-14 09:53:14","post_content":"","post_title":"EDICIONES CATEDRA","post_excerpt":"","post_status":"publish","comment_status":"closed","ping_status":"closed","post_password":"","post_name":"ediciones-catedra","to_ping":"","pinged":"","post_modified":"2022-10-14 11:53:14","post_modified_gmt":"2022-10-14 09:53:14","post_content_filtered":"","post_parent":0,"guid":"http:\/\/dev.claret.cat\/editorial\/ediciones-catedra\/","menu_order":0,"post_type":"editorial","post_mime_type":"","comment_count":"0","filter":"raw"}],"autores-libros":[{"ID":162477,"post_author":"3","post_date":"2022-10-14 17:31:20","post_date_gmt":"2022-10-14 15:31:20","post_content":"","post_title":"LORENZO DE LA PLAZA ESCUDERO","post_excerpt":"","post_status":"publish","comment_status":"closed","ping_status":"closed","post_password":"","post_name":"lorenzo-de-la-plaza-escudero","to_ping":"","pinged":"","post_modified":"2022-10-14 17:31:20","post_modified_gmt":"2022-10-14 15:31:20","post_content_filtered":"","post_parent":0,"guid":"http:\/\/dev.claret.cat\/autor\/lorenzo-de-la-plaza-escudero\/","menu_order":0,"post_type":"autor","post_mime_type":"","comment_count":"0","filter":"raw"},{"ID":150981,"post_author":"3","post_date":"2022-10-14 14:37:16","post_date_gmt":"2022-10-14 12:37:16","post_content":"","post_title":"ANTONIO OLMEDO MOLINO","post_excerpt":"","post_status":"publish","comment_status":"closed","ping_status":"closed","post_password":"","post_name":"antonio-olmedo-molino","to_ping":"","pinged":"","post_modified":"2022-10-14 14:37:16","post_modified_gmt":"2022-10-14 12:37:16","post_content_filtered":"","post_parent":0,"guid":"http:\/\/dev.claret.cat\/autor\/antonio-olmedo-molino\/","menu_order":0,"post_type":"autor","post_mime_type":"","comment_count":"0","filter":"raw"},{"ID":149161,"post_author":"3","post_date":"2022-10-14 14:22:39","post_date_gmt":"2022-10-14 12:22:39","post_content":"","post_title":"ADORACI MORALES G\u00d3MEZ","post_excerpt":"","post_status":"publish","comment_status":"closed","ping_status":"closed","post_password":"","post_name":"adoraci-morales-gomez","to_ping":"","pinged":"","post_modified":"2022-10-14 14:22:39","post_modified_gmt":"2022-10-14 12:22:39","post_content_filtered":"","post_parent":0,"guid":"http:\/\/dev.claret.cat\/autor\/adoraci-morales-gomez\/","menu_order":0,"post_type":"autor","post_mime_type":"","comment_count":"0","filter":"raw"}]},"aioseo_notices":[],"_links":{"self":[{"href":"https:\/\/www.claret.cat\/es\/wp-json\/wp\/v2\/product\/84712","targetHints":{"allow":["GET"]}}],"collection":[{"href":"https:\/\/www.claret.cat\/es\/wp-json\/wp\/v2\/product"}],"about":[{"href":"https:\/\/www.claret.cat\/es\/wp-json\/wp\/v2\/types\/product"}],"wp:featuredmedia":[{"embeddable":true,"href":"https:\/\/www.claret.cat\/es\/wp-json\/wp\/v2\/media\/374155"}],"wp:attachment":[{"href":"https:\/\/www.claret.cat\/es\/wp-json\/wp\/v2\/media?parent=84712"}],"wp:term":[{"taxonomy":"product_brand","embeddable":true,"href":"https:\/\/www.claret.cat\/es\/wp-json\/wp\/v2\/product_brand?post=84712"},{"taxonomy":"product_cat","embeddable":true,"href":"https:\/\/www.claret.cat\/es\/wp-json\/wp\/v2\/product_cat?post=84712"},{"taxonomy":"product_tag","embeddable":true,"href":"https:\/\/www.claret.cat\/es\/wp-json\/wp\/v2\/product_tag?post=84712"}],"curies":[{"name":"wp","href":"https:\/\/api.w.org\/{rel}","templated":true}]}}