{"id":84808,"date":"2022-10-11T17:32:11","date_gmt":"2022-10-11T15:32:11","guid":{"rendered":"http:\/\/dev.claret.cat\/producte\/lluitadores\/"},"modified":"2023-01-28T12:40:46","modified_gmt":"2023-01-28T11:40:46","slug":"lluitadores-9788413610702","status":"publish","type":"product","link":"https:\/\/www.claret.cat\/es\/libro\/lluitadores-9788413610702\/","title":{"rendered":"LLUITADORES"},"content":{"rendered":"<p>De la col\u00b7lecci\u00f3 d&#8221;ELS MEUS PETITS HEROIS i Creatives, neix un volum dedicat exclusivament a les dones m\u00e9s lluitadores de la hist\u00f2ria.<br \/> Descobreix la vida d&#8217;unes que et meravellaran: reines, exploradores, activistes i aviadores. Totes elles tenen en com\u00fa que van ser unes grans lluitadores. Entre d&#8217;altres, et presentarem una reina-fara\u00f3, una esclava que va alliberar a centenars de persones de les terribles cadenes de l&#8217;esclavitud, i a una jove que ens va deixar per escrit un dels testimonis m\u00e9s impactants de la hist\u00f2ria. Perqu\u00e8 les dones tamb\u00e9 fan hist\u00f2ria!<\/p>\n","protected":false},"excerpt":{"rendered":"<p>SERRET, CRISTINA<\/p>\n","protected":false},"featured_media":84809,"template":"","meta":{"_acf_changed":false,"om_disable_all_campaigns":false,"rs_blank_template":"","rs_page_bg_color":"","slide_template_v7":"","inline_featured_image":false,"_monsterinsights_skip_tracking":false,"_monsterinsights_sitenote_active":false,"_monsterinsights_sitenote_note":"","_monsterinsights_sitenote_category":0},"product_brand":[],"product_cat":[132],"product_tag":[],"class_list":{"0":"post-84808","1":"product","2":"type-product","3":"status-publish","4":"has-post-thumbnail","6":"product_cat-lectures-per-preadolescents-6-12-anys","8":"first","9":"instock","10":"taxable","11":"shipping-taxable","12":"purchasable","13":"product-type-simple"},"acf":{"editorial":[{"ID":148810,"post_author":"3","post_date":"2022-10-14 12:01:10","post_date_gmt":"2022-10-14 10:01:10","post_content":"","post_title":"SHACKLETON BOOKS","post_excerpt":"","post_status":"publish","comment_status":"closed","ping_status":"closed","post_password":"","post_name":"shackleton-books","to_ping":"","pinged":"","post_modified":"2022-10-14 12:01:10","post_modified_gmt":"2022-10-14 10:01:10","post_content_filtered":"","post_parent":0,"guid":"http:\/\/dev.claret.cat\/editorial\/shackleton-books\/","menu_order":0,"post_type":"editorial","post_mime_type":"","comment_count":"0","filter":"raw"}],"autores-libros":[{"ID":153396,"post_author":"3","post_date":"2022-10-14 14:56:26","post_date_gmt":"2022-10-14 12:56:26","post_content":"","post_title":"CRISTINA SERRET","post_excerpt":"","post_status":"publish","comment_status":"closed","ping_status":"closed","post_password":"","post_name":"cristina-serret","to_ping":"","pinged":"","post_modified":"2022-10-14 14:56:26","post_modified_gmt":"2022-10-14 12:56:26","post_content_filtered":"","post_parent":0,"guid":"http:\/\/dev.claret.cat\/autor\/cristina-serret\/","menu_order":0,"post_type":"autor","post_mime_type":"","comment_count":"0","filter":"raw"}],"autor":"SERRET, CRISTINA","codart":"841361070","libros-coleccion":"Shackleton Kids","ediciones":"1","encuadernacion":"Carton\u00e9","fecha_de_publicacion":"01\/09\/2021","novedad":"1","paginas":"96","subtitulo":"AVENTURERES, REINES, POL\u00cdTIQUES, PACIFISTES I MOLTES M\u00c9S QUE HAN FET HIST\u00d2RIA","orden":"0","portada":"0","idioma":"cat"},"aioseo_notices":[],"_links":{"self":[{"href":"https:\/\/www.claret.cat\/es\/wp-json\/wp\/v2\/product\/84808","targetHints":{"allow":["GET"]}}],"collection":[{"href":"https:\/\/www.claret.cat\/es\/wp-json\/wp\/v2\/product"}],"about":[{"href":"https:\/\/www.claret.cat\/es\/wp-json\/wp\/v2\/types\/product"}],"wp:featuredmedia":[{"embeddable":true,"href":"https:\/\/www.claret.cat\/es\/wp-json\/wp\/v2\/media\/84809"}],"wp:attachment":[{"href":"https:\/\/www.claret.cat\/es\/wp-json\/wp\/v2\/media?parent=84808"}],"wp:term":[{"taxonomy":"product_brand","embeddable":true,"href":"https:\/\/www.claret.cat\/es\/wp-json\/wp\/v2\/product_brand?post=84808"},{"taxonomy":"product_cat","embeddable":true,"href":"https:\/\/www.claret.cat\/es\/wp-json\/wp\/v2\/product_cat?post=84808"},{"taxonomy":"product_tag","embeddable":true,"href":"https:\/\/www.claret.cat\/es\/wp-json\/wp\/v2\/product_tag?post=84808"}],"curies":[{"name":"wp","href":"https:\/\/api.w.org\/{rel}","templated":true}]}}