{"id":84982,"date":"2022-10-11T17:34:22","date_gmt":"2022-10-11T15:34:22","guid":{"rendered":"http:\/\/dev.claret.cat\/producte\/afganistan-3\/"},"modified":"2023-01-28T20:46:34","modified_gmt":"2023-01-28T19:46:34","slug":"afganistan-9788497567923","status":"publish","type":"product","link":"https:\/\/www.claret.cat\/es\/libro\/afganistan-9788497567923\/","title":{"rendered":"AFGANIST\u00c1N"},"content":{"rendered":"<p>Afganist\u00e1n sigue luchando por su supervivencia, por acabar con d\u00e9cadas de conflicto, por construir un Estado de Derecho. Es, adem\u00e1s, escenario de la \u201cguerra contra el terrorismo\u201d y, tambi\u00e9n, de las luchas regionales por el poder entre sus vecinos. Se encuentra en una encrucijada con un pedregoso camino ante s\u00ed que podr\u00eda conducirla a una guerra civil, al regreso de los talibanes al poder o, quiz\u00e1s lo menos probable, aunque s\u00ed lo m\u00e1s deseable, a la paz y la estabilidad.<\/p>\n<p>La informaci\u00f3n que nos llega desde all\u00ed se centra sobre todo en el aspecto militar y en el conflicto. Justamente contextualizar, buscar el \u201cm\u00e1s all\u00e1\u201d de la \u201crabiosa\u201d actualidad de este pa\u00eds es uno de los fines fundamentales de este libro.<\/p>\n","protected":false},"excerpt":{"rendered":"<p>REQUENA DEL R\u00cdO, PILAR<\/p>\n","protected":false},"featured_media":84983,"template":"","meta":{"_acf_changed":false,"om_disable_all_campaigns":false,"rs_blank_template":"","rs_page_bg_color":"","slide_template_v7":"","inline_featured_image":false,"_monsterinsights_skip_tracking":false,"_monsterinsights_sitenote_active":false,"_monsterinsights_sitenote_note":"","_monsterinsights_sitenote_category":0},"product_brand":[],"product_cat":[151],"product_tag":[],"class_list":{"0":"post-84982","1":"product","2":"type-product","3":"status-publish","4":"has-post-thumbnail","6":"product_cat-contemporania","8":"first","9":"instock","10":"taxable","11":"shipping-taxable","12":"purchasable","13":"product-type-simple"},"acf":{"editorial":[{"ID":148826,"post_author":"3","post_date":"2022-10-14 12:01:17","post_date_gmt":"2022-10-14 10:01:17","post_content":"","post_title":"Sintesis","post_excerpt":"","post_status":"publish","comment_status":"closed","ping_status":"closed","post_password":"","post_name":"sintesis","to_ping":"","pinged":"","post_modified":"2022-10-14 12:01:17","post_modified_gmt":"2022-10-14 10:01:17","post_content_filtered":"","post_parent":0,"guid":"http:\/\/dev.claret.cat\/editorial\/sintesis\/","menu_order":0,"post_type":"editorial","post_mime_type":"","comment_count":"0","filter":"raw"}],"autor":"REQUENA DEL R\u00cdO, PILAR","codart":"849756792","libros-coleccion":"FORA DE COL.LECCI\u00d3","ediciones":"1","encuadernacion":"R\u00fastica","fecha_de_publicacion":"01\/11\/2011","novedad":"0","paginas":"316","subtitulo":"","orden":"0","portada":"0","idioma":"spa","autores-libros":[{"ID":167327,"post_author":"3","post_date":"2022-10-14 18:10:19","post_date_gmt":"2022-10-14 16:10:19","post_content":"","post_title":"PILAR REQUENA DEL R\u00cdO","post_excerpt":"","post_status":"publish","comment_status":"closed","ping_status":"closed","post_password":"","post_name":"pilar-requena-del-rio","to_ping":"","pinged":"","post_modified":"2022-10-14 18:10:19","post_modified_gmt":"2022-10-14 16:10:19","post_content_filtered":"","post_parent":0,"guid":"http:\/\/dev.claret.cat\/autor\/pilar-requena-del-rio\/","menu_order":0,"post_type":"autor","post_mime_type":"","comment_count":"0","filter":"raw"}]},"aioseo_notices":[],"_links":{"self":[{"href":"https:\/\/www.claret.cat\/es\/wp-json\/wp\/v2\/product\/84982","targetHints":{"allow":["GET"]}}],"collection":[{"href":"https:\/\/www.claret.cat\/es\/wp-json\/wp\/v2\/product"}],"about":[{"href":"https:\/\/www.claret.cat\/es\/wp-json\/wp\/v2\/types\/product"}],"wp:featuredmedia":[{"embeddable":true,"href":"https:\/\/www.claret.cat\/es\/wp-json\/wp\/v2\/media\/84983"}],"wp:attachment":[{"href":"https:\/\/www.claret.cat\/es\/wp-json\/wp\/v2\/media?parent=84982"}],"wp:term":[{"taxonomy":"product_brand","embeddable":true,"href":"https:\/\/www.claret.cat\/es\/wp-json\/wp\/v2\/product_brand?post=84982"},{"taxonomy":"product_cat","embeddable":true,"href":"https:\/\/www.claret.cat\/es\/wp-json\/wp\/v2\/product_cat?post=84982"},{"taxonomy":"product_tag","embeddable":true,"href":"https:\/\/www.claret.cat\/es\/wp-json\/wp\/v2\/product_tag?post=84982"}],"curies":[{"name":"wp","href":"https:\/\/api.w.org\/{rel}","templated":true}]}}