{"id":85042,"date":"2022-10-11T17:35:10","date_gmt":"2022-10-11T15:35:10","guid":{"rendered":"http:\/\/dev.claret.cat\/producte\/contra-los-tertulianos\/"},"modified":"2023-01-28T14:10:08","modified_gmt":"2023-01-28T13:10:08","slug":"contra-los-tertulianos-9788413522852","status":"publish","type":"product","link":"https:\/\/www.claret.cat\/es\/libro\/contra-los-tertulianos-9788413522852\/","title":{"rendered":"CONTRA LOS TERTULIANOS"},"content":{"rendered":"<p>De un tiempo a esta parte, las tertulias que acogen las emisoras de radio y los canales de televisi\u00f3n han adquirido un peso creciente, y lamentable, en la configuraci\u00f3n del debate pol\u00edtico. A su amparo ha germinado una casta singular\u00edsima, la de los tod\u00f3logos, que de todo saben y nunca se equivocan. Salta a la vista que las tertulias no constituyen un fen\u00f3meno improvisado: subordinadas a los intereses de poderosas empresas, han venido a ratificar, con notable eficacia, at\u00e1vicas divisiones y jerarqu\u00edas, al tiempo que han dado alas a un sinf\u00edn de simplificaciones y manipulaciones. Si en ellas despunta un pluralismo de circuito cerrado, la propuesta que emerge es siempre aberrantemente cortoplacista e impide cualquier cuestionamiento franco del sistema que se nos impone. Este libro, que es una versi\u00f3n actualizada, y muy ampliada, de un texto publicado a\u00f1os atr\u00e1s, se interesa tambi\u00e9n por dos figuras estrechamente vinculadas con el mundo de las tertulias pol\u00edticas: los intelectuales abducidos por ese sistema que se acaba de mencionar, por un lado, y los conversos, por el otro.<\/p>\n","protected":false},"excerpt":{"rendered":"<p>TAIBO ARIAS, CARLOS<\/p>\n","protected":false},"featured_media":85043,"template":"","meta":{"_acf_changed":false,"om_disable_all_campaigns":false,"rs_blank_template":"","rs_page_bg_color":"","slide_template_v7":"","inline_featured_image":false,"_monsterinsights_skip_tracking":false,"_monsterinsights_sitenote_active":false,"_monsterinsights_sitenote_note":"","_monsterinsights_sitenote_category":0},"product_brand":[],"product_cat":[159,162],"product_tag":[],"class_list":{"0":"post-85042","1":"product","2":"type-product","3":"status-publish","4":"has-post-thumbnail","6":"product_cat-autors","7":"product_cat-economica-i-politica","9":"first","10":"instock","11":"taxable","12":"shipping-taxable","13":"purchasable","14":"product-type-simple"},"acf":{"editorial":[{"ID":6293,"post_author":"3","post_date":"2022-07-28 17:49:04","post_date_gmt":"2022-07-28 15:49:04","post_content":"","post_title":"LOS LIBROS DE LA CATARATA","post_excerpt":"","post_status":"publish","comment_status":"closed","ping_status":"closed","post_password":"","post_name":"los-libros-de-la-catarata","to_ping":"","pinged":"","post_modified":"2022-07-28 17:49:04","post_modified_gmt":"2022-07-28 15:49:04","post_content_filtered":"","post_parent":0,"guid":"http:\/\/dev.claret.cat\/editorial\/los-libros-de-la-catarata\/","menu_order":0,"post_type":"editorial","post_mime_type":"","comment_count":"0","filter":"raw"}],"autores-libros":[{"ID":152334,"post_author":"3","post_date":"2022-10-14 14:47:56","post_date_gmt":"2022-10-14 12:47:56","post_content":"","post_title":"CARLOS TAIBO ARIAS","post_excerpt":"","post_status":"publish","comment_status":"closed","ping_status":"closed","post_password":"","post_name":"carlos-taibo-arias","to_ping":"","pinged":"","post_modified":"2022-10-14 14:47:56","post_modified_gmt":"2022-10-14 12:47:56","post_content_filtered":"","post_parent":0,"guid":"http:\/\/dev.claret.cat\/autor\/carlos-taibo-arias\/","menu_order":0,"post_type":"autor","post_mime_type":"","comment_count":"0","filter":"raw"}],"autor":"TAIBO ARIAS, CARLOS","codart":"841352285","libros-coleccion":"Relecturas","ediciones":"1","encuadernacion":"R\u00fastica","fecha_de_publicacion":"01\/07\/2021","novedad":"1","paginas":"128","subtitulo":"CONTERTULIOS, INTELECTURALES Y CONVERSOS","orden":"0","portada":"0","idioma":"spa"},"aioseo_notices":[],"_links":{"self":[{"href":"https:\/\/www.claret.cat\/es\/wp-json\/wp\/v2\/product\/85042","targetHints":{"allow":["GET"]}}],"collection":[{"href":"https:\/\/www.claret.cat\/es\/wp-json\/wp\/v2\/product"}],"about":[{"href":"https:\/\/www.claret.cat\/es\/wp-json\/wp\/v2\/types\/product"}],"wp:featuredmedia":[{"embeddable":true,"href":"https:\/\/www.claret.cat\/es\/wp-json\/wp\/v2\/media\/85043"}],"wp:attachment":[{"href":"https:\/\/www.claret.cat\/es\/wp-json\/wp\/v2\/media?parent=85042"}],"wp:term":[{"taxonomy":"product_brand","embeddable":true,"href":"https:\/\/www.claret.cat\/es\/wp-json\/wp\/v2\/product_brand?post=85042"},{"taxonomy":"product_cat","embeddable":true,"href":"https:\/\/www.claret.cat\/es\/wp-json\/wp\/v2\/product_cat?post=85042"},{"taxonomy":"product_tag","embeddable":true,"href":"https:\/\/www.claret.cat\/es\/wp-json\/wp\/v2\/product_tag?post=85042"}],"curies":[{"name":"wp","href":"https:\/\/api.w.org\/{rel}","templated":true}]}}