{"id":85081,"date":"2022-10-11T17:35:40","date_gmt":"2022-10-11T15:35:40","guid":{"rendered":"http:\/\/dev.claret.cat\/producte\/1-000-motius-per-viure\/"},"modified":"2025-01-31T16:10:53","modified_gmt":"2025-01-31T15:10:53","slug":"1000-motius-per-viure-9788424670788","status":"publish","type":"product","link":"https:\/\/www.claret.cat\/es\/libro\/1000-motius-per-viure-9788424670788\/","title":{"rendered":"1.000 MOTIUS PER VIURE"},"content":{"rendered":"<p>Una vida en un miler de dibuixos. El llibre n\u00famero 1.000 de Pilar\u00edn Bay\u00e9s.<\/p>\n<p>Un recull de tot all\u00f2 que ha marcat la seva vida, des del fet m\u00e9s transcendental fins al detall m\u00e9s quotidi\u00e0.<\/p>\n<p>Un llibre regal per a tots els p\u00fablics: des dels seguidors fidels de la Pilar\u00edn que vulguin rememorar la seva inf\u00e0ncia amb les seves ic\u00f2niques il\u00b7lustracions, fins a petits lectors que puguin entendre el llibre com un original Busca i troba.<\/p>\n","protected":false},"excerpt":{"rendered":"<p>BAY\u00c9S, PILAR\u00cdN<\/p>\n","protected":false},"featured_media":85082,"template":"","meta":{"_acf_changed":false,"om_disable_all_campaigns":false,"rs_blank_template":"","rs_page_bg_color":"","slide_template_v7":"","inline_featured_image":false,"_monsterinsights_skip_tracking":false,"_monsterinsights_sitenote_active":false,"_monsterinsights_sitenote_note":"","_monsterinsights_sitenote_category":0},"product_brand":[],"product_cat":[105,555],"product_tag":[],"class_list":{"0":"post-85081","1":"product","2":"type-product","3":"status-publish","4":"has-post-thumbnail","6":"product_cat-regal","7":"product_cat-regalo","9":"first","10":"instock","11":"taxable","12":"shipping-taxable","13":"purchasable","14":"product-type-simple"},"acf":{"autor":"BAY\u00c9S, PILAR\u00cdN","codart":"842467078","libros-coleccion":"FORA DE COL\u00b7LECCIO","ediciones":"1","encuadernacion":"R\u00fastica","fecha_de_publicacion":"01\/08\/2021","novedad":"1","paginas":"224","subtitulo":"","orden":"0","portada":"0","idioma":"cat","editorial":[{"ID":148189,"post_author":"3","post_date":"2022-10-14 11:56:19","post_date_gmt":"2022-10-14 09:56:19","post_content":"","post_title":"GALERA, EDITORIAL","post_excerpt":"","post_status":"publish","comment_status":"closed","ping_status":"closed","post_password":"","post_name":"galera-editorial","to_ping":"","pinged":"","post_modified":"2022-10-14 11:56:19","post_modified_gmt":"2022-10-14 09:56:19","post_content_filtered":"","post_parent":0,"guid":"http:\/\/dev.claret.cat\/editorial\/galera-editorial\/","menu_order":0,"post_type":"editorial","post_mime_type":"","comment_count":"0","filter":"raw"}],"autores-libros":[{"ID":167343,"post_author":"3","post_date":"2022-10-14 18:10:27","post_date_gmt":"2022-10-14 16:10:27","post_content":"","post_title":"PILAR\u00cdN BAY\u00c9S","post_excerpt":"","post_status":"publish","comment_status":"closed","ping_status":"closed","post_password":"","post_name":"pilarin-bayes-2","to_ping":"","pinged":"","post_modified":"2022-10-14 18:10:27","post_modified_gmt":"2022-10-14 16:10:27","post_content_filtered":"","post_parent":0,"guid":"http:\/\/dev.claret.cat\/autor\/pilarin-bayes-2\/","menu_order":0,"post_type":"autor","post_mime_type":"","comment_count":"0","filter":"raw"}]},"aioseo_notices":[],"_links":{"self":[{"href":"https:\/\/www.claret.cat\/es\/wp-json\/wp\/v2\/product\/85081","targetHints":{"allow":["GET"]}}],"collection":[{"href":"https:\/\/www.claret.cat\/es\/wp-json\/wp\/v2\/product"}],"about":[{"href":"https:\/\/www.claret.cat\/es\/wp-json\/wp\/v2\/types\/product"}],"wp:featuredmedia":[{"embeddable":true,"href":"https:\/\/www.claret.cat\/es\/wp-json\/wp\/v2\/media\/85082"}],"wp:attachment":[{"href":"https:\/\/www.claret.cat\/es\/wp-json\/wp\/v2\/media?parent=85081"}],"wp:term":[{"taxonomy":"product_brand","embeddable":true,"href":"https:\/\/www.claret.cat\/es\/wp-json\/wp\/v2\/product_brand?post=85081"},{"taxonomy":"product_cat","embeddable":true,"href":"https:\/\/www.claret.cat\/es\/wp-json\/wp\/v2\/product_cat?post=85081"},{"taxonomy":"product_tag","embeddable":true,"href":"https:\/\/www.claret.cat\/es\/wp-json\/wp\/v2\/product_tag?post=85081"}],"curies":[{"name":"wp","href":"https:\/\/api.w.org\/{rel}","templated":true}]}}