{"id":85087,"date":"2022-10-11T17:35:44","date_gmt":"2022-10-11T15:35:44","guid":{"rendered":"http:\/\/dev.claret.cat\/producte\/cronica-duna-ciutat\/"},"modified":"2025-02-01T00:19:35","modified_gmt":"2025-01-31T23:19:35","slug":"cronica-duna-ciutat-9788418375767","status":"publish","type":"product","link":"https:\/\/www.claret.cat\/es\/libro\/cronica-duna-ciutat-9788418375767\/","title":{"rendered":"CR\u00d2NICA D&#8217;UNA CIUTAT"},"content":{"rendered":"<p>Una evocaci\u00f3 profundament l\u00edrica de la seva ciutat natal, per un dels grans autors de la literatura grega moderna. <\/p>\n<p>Cr\u00f2nica d&#8217;una ciutat (1938), un aplec d&#8217;hist\u00f2ries senzilles protagonitzades per personatges senzills, que tants anys despr\u00e9s segueixen emocionant-nos i encomanant-nos la joia de viure a red\u00f3s d&#8217;aquest mar que agermana grecs i catalans.<\/p>\n<p>Inclou una presentaci\u00f3 de Rafel Nadal, un pr\u00f2leg de Khrissa Damianaki, professora d&#8217;Hist\u00f2ria de l&#8217;Art de la Universitat de Salento, i un ep\u00edleg de Maria \u00c0ngels Anglada.<\/p>\n<p>\u00abUna petita obra mestra.\u00bb Rafel Nadal, padr\u00ed de l&#8217;obra.<\/p>\n<p>\u00abPrevelakis descriu simplement una ciutat d&#8221;ara, per\u00f2 en realitat arcaica, plena de vincles comunitaris i plat\u00f2nics, amb una humanitat que dialoga, que es coneix pels seus noms, pels seus costums i per un esperit integrat per una mitologia de les coses intercanviables.\u00bb Josep Pla <\/p>\n<p>\u00abHe de confessar que m&#8217;havia enamorat de R\u00e9thimno abans d&#8217;haver-hi estat mai, gr\u00e0cies a la Cr\u00f2nica de Prevelakis.\u00bb Maria \u00c0ngels Anglada <\/p>\n<p>\u00abLes p\u00e0gines de Prevelakis indueixen a diverses reflexions sobre les conseq\u00fc\u00e8ncies en forma de dolor i mort que ha tingut la complexa barreja \u00e8tnica i religiosa de l&#8221;Europa sud-oriental.\u00bb Miquel Pairol\u00ed<\/p>\n","protected":false},"excerpt":{"rendered":"<p>PREVELAKIS, PANDEL\u00cdS<\/p>\n","protected":false},"featured_media":85088,"template":"","meta":{"_acf_changed":false,"om_disable_all_campaigns":false,"rs_blank_template":"","rs_page_bg_color":"","slide_template_v7":"","inline_featured_image":false,"_monsterinsights_skip_tracking":false,"_monsterinsights_sitenote_active":false,"_monsterinsights_sitenote_note":"","_monsterinsights_sitenote_category":0},"product_brand":[],"product_cat":[524,300],"product_tag":[],"class_list":{"0":"post-85087","1":"product","2":"type-product","3":"status-publish","4":"has-post-thumbnail","6":"product_cat-guias-y-viajes","7":"product_cat-guies-i-viatges","9":"first","10":"instock","11":"taxable","12":"shipping-taxable","13":"purchasable","14":"product-type-simple"},"acf":{"editorial":[{"ID":6384,"post_author":"3","post_date":"2022-07-28 17:51:02","post_date_gmt":"2022-07-28 15:51:02","post_content":"","post_title":"Univers Llibres","post_excerpt":"","post_status":"publish","comment_status":"closed","ping_status":"closed","post_password":"","post_name":"univers-llibres","to_ping":"","pinged":"","post_modified":"2022-07-28 17:51:02","post_modified_gmt":"2022-07-28 15:51:02","post_content_filtered":"","post_parent":0,"guid":"http:\/\/dev.claret.cat\/editorial\/univers-llibres\/","menu_order":0,"post_type":"editorial","post_mime_type":"","comment_count":"0","filter":"raw"}],"autor":"PREVELAKIS, PANDEL\u00cdS","codart":"841837576","libros-coleccion":"Univers","ediciones":"1","encuadernacion":"Carton\u00e9","fecha_de_publicacion":"01\/08\/2021","novedad":"1","paginas":"160","subtitulo":"","orden":"0","portada":"0","idioma":"cat","autores-libros":[{"ID":166531,"post_author":"3","post_date":"2022-10-14 18:04:01","post_date_gmt":"2022-10-14 16:04:01","post_content":"","post_title":"PANDELIS PREVELAKIS","post_excerpt":"","post_status":"publish","comment_status":"closed","ping_status":"closed","post_password":"","post_name":"pandelis-prevelakis","to_ping":"","pinged":"","post_modified":"2022-10-14 18:04:01","post_modified_gmt":"2022-10-14 16:04:01","post_content_filtered":"","post_parent":0,"guid":"http:\/\/dev.claret.cat\/autor\/pandelis-prevelakis\/","menu_order":0,"post_type":"autor","post_mime_type":"","comment_count":"0","filter":"raw"}]},"aioseo_notices":[],"_links":{"self":[{"href":"https:\/\/www.claret.cat\/es\/wp-json\/wp\/v2\/product\/85087","targetHints":{"allow":["GET"]}}],"collection":[{"href":"https:\/\/www.claret.cat\/es\/wp-json\/wp\/v2\/product"}],"about":[{"href":"https:\/\/www.claret.cat\/es\/wp-json\/wp\/v2\/types\/product"}],"wp:featuredmedia":[{"embeddable":true,"href":"https:\/\/www.claret.cat\/es\/wp-json\/wp\/v2\/media\/85088"}],"wp:attachment":[{"href":"https:\/\/www.claret.cat\/es\/wp-json\/wp\/v2\/media?parent=85087"}],"wp:term":[{"taxonomy":"product_brand","embeddable":true,"href":"https:\/\/www.claret.cat\/es\/wp-json\/wp\/v2\/product_brand?post=85087"},{"taxonomy":"product_cat","embeddable":true,"href":"https:\/\/www.claret.cat\/es\/wp-json\/wp\/v2\/product_cat?post=85087"},{"taxonomy":"product_tag","embeddable":true,"href":"https:\/\/www.claret.cat\/es\/wp-json\/wp\/v2\/product_tag?post=85087"}],"curies":[{"name":"wp","href":"https:\/\/api.w.org\/{rel}","templated":true}]}}