{"id":85225,"date":"2022-10-11T17:37:27","date_gmt":"2022-10-11T15:37:27","guid":{"rendered":"http:\/\/dev.claret.cat\/producte\/junil-a-les-terres-dels-barbars\/"},"modified":"2023-12-28T13:40:36","modified_gmt":"2023-12-28T12:40:36","slug":"junil-a-les-terres-dels-barbars-9788473293068","status":"publish","type":"product","link":"https:\/\/www.claret.cat\/es\/libro\/junil-a-les-terres-dels-barbars-9788473293068\/","title":{"rendered":"JUNIL A LES TERRES DELS B\u00c0RBARS"},"content":{"rendered":"<p>Junil \u00e9s l&#8217;hero\u00efna d&#8217;aquesta hist\u00f2ria, encola papirs  a la llibreria del seu pare fins que aquest mor. Fuig a peu amb tres esclaus. El temps \u00e9s el principi de l&#8217;era cristiana; el lloc, una marca de l&#8217;imperi rom\u00e0. Travessen la frontera i aprenen a anar a palpes pel m\u00f3n, on els d\u00e9us i les lleng\u00fces varien. Una gran i esplendorosa novel\u00b7la d&#8217;aventures, amb les perip\u00e8cies com a llenguatge i l&#8217;estranyesa com a condici\u00f3.<\/p>\n","protected":false},"excerpt":{"rendered":"<p>LLU\u00cdS, JOAN-LLU\u00cdS<\/p>\n","protected":false},"featured_media":371551,"template":"","meta":{"_acf_changed":false,"om_disable_all_campaigns":false,"rs_blank_template":"","rs_page_bg_color":"","slide_template_v7":"","inline_featured_image":false,"_monsterinsights_skip_tracking":false,"_monsterinsights_sitenote_active":false,"_monsterinsights_sitenote_note":"","_monsterinsights_sitenote_category":0},"product_brand":[],"product_cat":[90,540],"product_tag":[],"class_list":{"0":"post-85225","1":"product","2":"type-product","3":"status-publish","4":"has-post-thumbnail","6":"product_cat-altres","7":"product_cat-otros","9":"first","10":"instock","11":"taxable","12":"shipping-taxable","13":"purchasable","14":"product-type-simple"},"acf":{"editorial":[{"ID":6163,"post_author":"3","post_date":"2022-07-28 17:46:15","post_date_gmt":"2022-07-28 15:46:15","post_content":"","post_title":"CLUB EDITOR","post_excerpt":"","post_status":"publish","comment_status":"closed","ping_status":"closed","post_password":"","post_name":"club-editor","to_ping":"","pinged":"","post_modified":"2022-07-28 17:46:15","post_modified_gmt":"2022-07-28 15:46:15","post_content_filtered":"","post_parent":0,"guid":"http:\/\/dev.claret.cat\/editorial\/club-editor\/","menu_order":0,"post_type":"editorial","post_mime_type":"","comment_count":"0","filter":"raw"}],"autor":"LLU\u00cdS, JOAN-LLU\u00cdS","codart":"847329306","libros-coleccion":"CLUB DELS NOVEL\u00b7LISTES","ediciones":"1","encuadernacion":"R\u00fastica","fecha_de_publicacion":"01\/09\/2021","novedad":"1","paginas":"285","subtitulo":"","orden":"0","portada":"0","idioma":"cat","autores-libros":[{"ID":159468,"post_author":"3","post_date":"2022-10-14 15:45:05","post_date_gmt":"2022-10-14 13:45:05","post_content":"","post_title":"JOAN-LLUIS LLUIS","post_excerpt":"","post_status":"publish","comment_status":"closed","ping_status":"closed","post_password":"","post_name":"joan-lluis-lluis-3","to_ping":"","pinged":"","post_modified":"2022-10-14 15:45:05","post_modified_gmt":"2022-10-14 13:45:05","post_content_filtered":"","post_parent":0,"guid":"http:\/\/dev.claret.cat\/autor\/joan-lluis-lluis-3\/","menu_order":0,"post_type":"autor","post_mime_type":"","comment_count":"0","filter":"raw"}]},"aioseo_notices":[],"_links":{"self":[{"href":"https:\/\/www.claret.cat\/es\/wp-json\/wp\/v2\/product\/85225","targetHints":{"allow":["GET"]}}],"collection":[{"href":"https:\/\/www.claret.cat\/es\/wp-json\/wp\/v2\/product"}],"about":[{"href":"https:\/\/www.claret.cat\/es\/wp-json\/wp\/v2\/types\/product"}],"wp:featuredmedia":[{"embeddable":true,"href":"https:\/\/www.claret.cat\/es\/wp-json\/wp\/v2\/media\/371551"}],"wp:attachment":[{"href":"https:\/\/www.claret.cat\/es\/wp-json\/wp\/v2\/media?parent=85225"}],"wp:term":[{"taxonomy":"product_brand","embeddable":true,"href":"https:\/\/www.claret.cat\/es\/wp-json\/wp\/v2\/product_brand?post=85225"},{"taxonomy":"product_cat","embeddable":true,"href":"https:\/\/www.claret.cat\/es\/wp-json\/wp\/v2\/product_cat?post=85225"},{"taxonomy":"product_tag","embeddable":true,"href":"https:\/\/www.claret.cat\/es\/wp-json\/wp\/v2\/product_tag?post=85225"}],"curies":[{"name":"wp","href":"https:\/\/api.w.org\/{rel}","templated":true}]}}