{"id":85301,"date":"2022-10-11T17:38:23","date_gmt":"2022-10-11T15:38:23","guid":{"rendered":"http:\/\/dev.claret.cat\/producte\/convivencia-imperativo-urgente-para-hoy\/"},"modified":"2026-03-04T19:20:10","modified_gmt":"2026-03-04T18:20:10","slug":"convivencia-imperativo-urgente-para-hoy-9788428560139","status":"publish","type":"product","link":"https:\/\/www.claret.cat\/es\/libro\/convivencia-imperativo-urgente-para-hoy-9788428560139\/","title":{"rendered":"CONVIVENCIA. IMPERATIVO URGENTE PARA HOY"},"content":{"rendered":"<p>\u00abHay algo que est\u00e1 resultando cada vez m\u00e1s claro en nuestro peque\u00f1o planeta y m\u00e1s a\u00fan en nuestro peque\u00f1o pa\u00eds: los humanos parecemos cada vez m\u00e1s incapaces de convivir, no ya como hermanos, sino sencillamente como seres humanos y no como animales. La fraternidad universal est\u00e1 siendo sustituida por el insulto, el desprecio y el odio. Sin embargo, nada necesitamos tanto como una buena convivencia o al menos alguna vacuna contra este otro virus\u00bb. Jos\u00e9 Ignacio Gonz\u00e1lez Faus se pregunta a lo largo de las p\u00e1ginas de este libro qu\u00e9 es lo que nos impide convivir. Y para encontrar una respuesta repasa, con su habitual finura intelectual, las cuestiones m\u00e1s candentes de los \u00faltimos a\u00f1os en torno a la Iglesia, la sociedad, la pol\u00edtica y la econom\u00eda, siempre desde una mirada cristiana. Convencido de que, quiz\u00e1s, debemos buscar un error en la forma en que hasta ahora nos hemos abierto al mundo, el cosmos y la humanidad, y de que aprender a convivir es el gran imperativo de nuestra hora hist\u00f3rica.<\/p>\n","protected":false},"excerpt":{"rendered":"<p>GONZ\u00c1LEZ FAUS, JOS\u00c9 IGNACIO<\/p>\n","protected":false},"featured_media":450738,"template":"","meta":{"_acf_changed":false,"om_disable_all_campaigns":false,"rs_blank_template":"","rs_page_bg_color":"","slide_template_v7":"","inline_featured_image":false,"_monsterinsights_skip_tracking":false,"_monsterinsights_sitenote_active":false,"_monsterinsights_sitenote_note":"","_monsterinsights_sitenote_category":0},"product_brand":[],"product_cat":[485,232,291,517],"product_tag":[],"class_list":{"0":"post-85301","1":"product","2":"type-product","3":"status-publish","4":"has-post-thumbnail","6":"product_cat-autores-espiritualidad-1_espiritualidad","7":"product_cat-autors-espiritualitat","8":"product_cat-moral-social-i-politica","9":"product_cat-moral-social-y-politica","11":"first","12":"instock","13":"taxable","14":"shipping-taxable","15":"purchasable","16":"product-type-simple"},"acf":{"editorial":[{"ID":6356,"post_author":"3","post_date":"2022-07-28 17:50:26","post_date_gmt":"2022-07-28 15:50:26","post_content":"","post_title":"SAN PABLO COMUNICACI\u00d3N","post_excerpt":"","post_status":"publish","comment_status":"closed","ping_status":"closed","post_password":"","post_name":"san-pablo-comunicacion","to_ping":"","pinged":"","post_modified":"2022-07-28 17:50:26","post_modified_gmt":"2022-07-28 15:50:26","post_content_filtered":"","post_parent":0,"guid":"http:\/\/dev.claret.cat\/editorial\/san-pablo-comunicacion\/","menu_order":0,"post_type":"editorial","post_mime_type":"","comment_count":"0","filter":"raw"}],"autor":"GONZ\u00c1LEZ FAUS, JOS\u00c9 IGNACIO","codart":"842856013","libros-coleccion":"Caminos","ediciones":"1","encuadernacion":"R\u00fastica","fecha_de_publicacion":"19\/07\/2021","novedad":"1","paginas":"446","subtitulo":"IMPERATIVO URGENTE PARA HOY","orden":"0","portada":"0","idioma":"spa","autores-libros":[{"ID":160278,"post_author":"3","post_date":"2022-10-14 15:51:47","post_date_gmt":"2022-10-14 13:51:47","post_content":"","post_title":"JOS\u00c9 IGNACIO GONZ\u00c1LEZ FAUS","post_excerpt":"","post_status":"publish","comment_status":"closed","ping_status":"closed","post_password":"","post_name":"jose-ignacio-gonzalez-faus","to_ping":"","pinged":"","post_modified":"2022-10-14 15:51:47","post_modified_gmt":"2022-10-14 13:51:47","post_content_filtered":"","post_parent":0,"guid":"http:\/\/dev.claret.cat\/autor\/jose-ignacio-gonzalez-faus\/","menu_order":0,"post_type":"autor","post_mime_type":"","comment_count":"0","filter":"raw"}],"booktrailer":"","resenas":""},"aioseo_notices":[],"_links":{"self":[{"href":"https:\/\/www.claret.cat\/es\/wp-json\/wp\/v2\/product\/85301","targetHints":{"allow":["GET"]}}],"collection":[{"href":"https:\/\/www.claret.cat\/es\/wp-json\/wp\/v2\/product"}],"about":[{"href":"https:\/\/www.claret.cat\/es\/wp-json\/wp\/v2\/types\/product"}],"wp:featuredmedia":[{"embeddable":true,"href":"https:\/\/www.claret.cat\/es\/wp-json\/wp\/v2\/media\/450738"}],"wp:attachment":[{"href":"https:\/\/www.claret.cat\/es\/wp-json\/wp\/v2\/media?parent=85301"}],"wp:term":[{"taxonomy":"product_brand","embeddable":true,"href":"https:\/\/www.claret.cat\/es\/wp-json\/wp\/v2\/product_brand?post=85301"},{"taxonomy":"product_cat","embeddable":true,"href":"https:\/\/www.claret.cat\/es\/wp-json\/wp\/v2\/product_cat?post=85301"},{"taxonomy":"product_tag","embeddable":true,"href":"https:\/\/www.claret.cat\/es\/wp-json\/wp\/v2\/product_tag?post=85301"}],"curies":[{"name":"wp","href":"https:\/\/api.w.org\/{rel}","templated":true}]}}