{"id":85340,"date":"2022-10-11T17:38:53","date_gmt":"2022-10-11T15:38:53","guid":{"rendered":"http:\/\/dev.claret.cat\/producte\/a-la-recerca-de-la-felicitat\/"},"modified":"2025-02-01T00:24:13","modified_gmt":"2025-01-31T23:24:13","slug":"a-la-recerca-de-la-felicitat-9788418375231","status":"publish","type":"product","link":"https:\/\/www.claret.cat\/es\/libro\/a-la-recerca-de-la-felicitat-9788418375231\/","title":{"rendered":"A LA RECERCA DE LA FELICITAT"},"content":{"rendered":"<p>Una gran hist\u00f2ria d&#8217;amor, una hist\u00f2ria de lleialtats dividides, de decisions morals de conseq\u00fc\u00e8ncies inabastables i l&#8217;atzar del dest\u00ed com a for\u00e7a motora de tot.<\/p>\n<p>Nova York, any 1945. La Sara Smythe \u00e9s una dona jove, guapa i intel\u00b7ligent, disposada a trobar el seu lloc en el m\u00f3n en aquesta gran ciutat plena de llum i oportunitats. El Dia d&#8217;Acci\u00f3 de Gr\u00e0cies, el seu germ\u00e0 l&#8217;ha convidat a una festa, on tamb\u00e9 hi \u00e9s en Jack Malone, un periodista de l&#8217;ex\u00e8rcit nord-americ\u00e0, que tot just ha tornat d&#8217;una Alemanya derrotada. La Sara mai no havia conegut un home com ell. Un home que li canviar\u00e0 la vida per sempre m\u00e9s.<\/p>\n<p>Per\u00f2 trobar l&#8217;amor no \u00e9s el mateix que trobar la felicitat, com aviat s&#8217;adonen la Sara i en Jack. Als Estats Units de la postguerra res no \u00e9s el que sembla, les trobades mai no s\u00f3n fruit de la casualitat i les decisions de les persones, sovint, tenen desenlla\u00e7os del tot insospitats. La Sara i en Jack estaran sotmesos a forces que defugen del seu control i la seva voluntat.<\/p>\n<p>\u00abUn aut\u00e8ntic geni de les novel\u00b7les d&#8217;amor. \u00c9s capa\u00e7 de tra\u00e7ar girs argumentals que far\u00e0 que se&#8217;ns aturi el cor.\u00bb The Times<\/p>\n<p>\u00abUna del\u00edcia; Kennedy \u00e9s un escriptor exigent, h\u00e0bil i enginy\u00f3s.\u00bb Financial Times<\/p>\n<p>\u00abUna hist\u00f2ria explicada de manera espl\u00e8ndida.\u00bb Sunday Independent<\/p>\n<p>\u00abFascinant.\u00bb Publishers Weekly<\/p>\n","protected":false},"excerpt":{"rendered":"<p>KENNEDY, DOUGLAS<\/p>\n","protected":false},"featured_media":85341,"template":"","meta":{"_acf_changed":false,"om_disable_all_campaigns":false,"rs_blank_template":"","rs_page_bg_color":"","slide_template_v7":"","inline_featured_image":false,"_monsterinsights_skip_tracking":false,"_monsterinsights_sitenote_active":false,"_monsterinsights_sitenote_note":"","_monsterinsights_sitenote_category":0},"product_brand":[],"product_cat":[130,360],"product_tag":[],"class_list":{"0":"post-85340","1":"product","2":"type-product","3":"status-publish","4":"has-post-thumbnail","6":"product_cat-novella-historica-i-ficcio","7":"product_cat-novela-historica-y-ficcion","9":"first","10":"instock","11":"taxable","12":"shipping-taxable","13":"purchasable","14":"product-type-simple"},"acf":{"editorial":[{"ID":6384,"post_author":"3","post_date":"2022-07-28 17:51:02","post_date_gmt":"2022-07-28 15:51:02","post_content":"","post_title":"Univers Llibres","post_excerpt":"","post_status":"publish","comment_status":"closed","ping_status":"closed","post_password":"","post_name":"univers-llibres","to_ping":"","pinged":"","post_modified":"2022-07-28 17:51:02","post_modified_gmt":"2022-07-28 15:51:02","post_content_filtered":"","post_parent":0,"guid":"http:\/\/dev.claret.cat\/editorial\/univers-llibres\/","menu_order":0,"post_type":"editorial","post_mime_type":"","comment_count":"0","filter":"raw"}],"autor":"KENNEDY, DOUGLAS","codart":"841837523","libros-coleccion":"Univers","ediciones":"1","encuadernacion":"R\u00fastica","fecha_de_publicacion":"01\/04\/2021","novedad":"1","paginas":"360","subtitulo":"","orden":"0","portada":"0","idioma":"spa","autores-libros":[{"ID":154339,"post_author":"3","post_date":"2022-10-14 15:04:02","post_date_gmt":"2022-10-14 13:04:02","post_content":"","post_title":"DOUGLAS KENNEDY","post_excerpt":"","post_status":"publish","comment_status":"closed","ping_status":"closed","post_password":"","post_name":"douglas-kennedy","to_ping":"","pinged":"","post_modified":"2022-10-14 15:04:02","post_modified_gmt":"2022-10-14 13:04:02","post_content_filtered":"","post_parent":0,"guid":"http:\/\/dev.claret.cat\/autor\/douglas-kennedy\/","menu_order":0,"post_type":"autor","post_mime_type":"","comment_count":"0","filter":"raw"}]},"aioseo_notices":[],"_links":{"self":[{"href":"https:\/\/www.claret.cat\/es\/wp-json\/wp\/v2\/product\/85340","targetHints":{"allow":["GET"]}}],"collection":[{"href":"https:\/\/www.claret.cat\/es\/wp-json\/wp\/v2\/product"}],"about":[{"href":"https:\/\/www.claret.cat\/es\/wp-json\/wp\/v2\/types\/product"}],"wp:featuredmedia":[{"embeddable":true,"href":"https:\/\/www.claret.cat\/es\/wp-json\/wp\/v2\/media\/85341"}],"wp:attachment":[{"href":"https:\/\/www.claret.cat\/es\/wp-json\/wp\/v2\/media?parent=85340"}],"wp:term":[{"taxonomy":"product_brand","embeddable":true,"href":"https:\/\/www.claret.cat\/es\/wp-json\/wp\/v2\/product_brand?post=85340"},{"taxonomy":"product_cat","embeddable":true,"href":"https:\/\/www.claret.cat\/es\/wp-json\/wp\/v2\/product_cat?post=85340"},{"taxonomy":"product_tag","embeddable":true,"href":"https:\/\/www.claret.cat\/es\/wp-json\/wp\/v2\/product_tag?post=85340"}],"curies":[{"name":"wp","href":"https:\/\/api.w.org\/{rel}","templated":true}]}}