{"id":85367,"date":"2022-10-11T17:39:13","date_gmt":"2022-10-11T15:39:13","guid":{"rendered":"http:\/\/dev.claret.cat\/producte\/enoc-y-los-nefilim\/"},"modified":"2025-12-29T10:30:31","modified_gmt":"2025-12-29T09:30:31","slug":"enoc-y-los-nefilim-9788416921805","status":"publish","type":"product","link":"https:\/\/www.claret.cat\/es\/libro\/enoc-y-los-nefilim-9788416921805\/","title":{"rendered":"ENOC Y LOS NEFILIM"},"content":{"rendered":"<p>Enoc y los nefilim aborda uno de los temas m\u00e1s enigm\u00e1ticos y desconocidos de cuantos se pueden encontrar en las p\u00e1ginas de la Biblia: la existencia, en la Antig\u00fcedad, de un pueblo de muy elevada estatura que habr\u00eda nacido como fruto de una uni\u00f3n antinatural entre \u00e1ngeles ca\u00eddos (o demonios) y seres humanos.<\/p>\n<p> Se trata de una cuesti\u00f3n poco mencionada en las Sagradas Escrituras, pero que, de tanto en tanto, aflora de manera expl\u00edcita en los textos, desde el G\u00e9nesis hasta el Libro de Baruc, el profeta. Resulta  particularmente interesante la conexi\u00f3n con un antiguo texto, el Libro de Enoc, un texto que no es estrictamente b\u00edblico pero del cual figuran algunas citas en el Nuevo Testamento. Jos\u00e9 Antonio Fortea, cuyo magisterio en dicho \u00e1mbito viene refrendado por multitud de publicaciones previas, todas ellas exitosas, arroja luz sobre tan compleja y fascinante materia en esta imprescindible obra.<\/p>\n<p> La raza de los gigantes, quienes ten\u00edan cuerpos tan grandes, y tan enteramente diferentes de otros Hombres, que sorprend\u00edan a la vista, y mostraban formas muy terribles a quienes los ve\u00edan. Los huesos de estos hombres todav\u00eda se muestran hoy\u00bb. Antig\u00fcedades, Libro 5, Cap\u00edtulo 2, N.3.<\/p>\n<p> \u00abEn las Escrituras hay cosas peque\u00f1as y cosas grandes. En fin, adentr\u00e9monos en estas partes de la Biblia tan interesantes y recordemos que, ya se trate de los gigantes de la tierra o de los serafines del cielo, todo es para la mayor gloria de Dios\u00bb. Jos\u00e9 Antonio Fortea, Enoc y los nefilim.<\/p>\n","protected":false},"excerpt":{"rendered":"<p>JOS\u00c9 ANTONIO FORTEA<\/p>\n","protected":false},"featured_media":1072162,"template":"","meta":{"_acf_changed":false,"om_disable_all_campaigns":false,"rs_blank_template":"","rs_page_bg_color":"","slide_template_v7":"","inline_featured_image":false,"_monsterinsights_skip_tracking":false,"_monsterinsights_sitenote_active":false,"_monsterinsights_sitenote_note":"","_monsterinsights_sitenote_category":0},"product_brand":[],"product_cat":[385,208,412,274],"product_tag":[],"class_list":{"0":"post-85367","1":"product","2":"type-product","3":"status-publish","4":"has-post-thumbnail","6":"product_cat-apocrifos","7":"product_cat-apocrifs","8":"product_cat-estudios-sagrada-escritura","9":"product_cat-estudis-sagrada-escriptura","11":"first","12":"outofstock","13":"taxable","14":"shipping-taxable","15":"purchasable","16":"product-type-simple"},"acf":{"editorial":[{"ID":148801,"post_author":"3","post_date":"2022-10-14 12:01:06","post_date_gmt":"2022-10-14 10:01:06","post_content":"","post_title":"SEKOTIA EDICIONES","post_excerpt":"","post_status":"publish","comment_status":"closed","ping_status":"closed","post_password":"","post_name":"sekotia-ediciones","to_ping":"","pinged":"","post_modified":"2022-10-14 12:01:06","post_modified_gmt":"2022-10-14 10:01:06","post_content_filtered":"","post_parent":0,"guid":"http:\/\/dev.claret.cat\/editorial\/sekotia-ediciones\/","menu_order":0,"post_type":"editorial","post_mime_type":"","comment_count":"0","filter":"raw"}],"autores-libros":[{"ID":160160,"post_author":"3","post_date":"2022-10-14 15:50:47","post_date_gmt":"2022-10-14 13:50:47","post_content":"","post_title":"JOS\u00c9 ANTONIO FORTEA","post_excerpt":"","post_status":"publish","comment_status":"closed","ping_status":"closed","post_password":"","post_name":"jose-antonio-fortea-2","to_ping":"","pinged":"","post_modified":"2022-10-14 15:50:47","post_modified_gmt":"2022-10-14 13:50:47","post_content_filtered":"","post_parent":0,"guid":"http:\/\/dev.claret.cat\/autor\/jose-antonio-fortea-2\/","menu_order":0,"post_type":"autor","post_mime_type":"","comment_count":"0","filter":"raw"}],"autor":"JOS\u00c9 ANTONIO FORTEA","codart":"841692180","libros-coleccion":"FORA DE COL.LECCI\u00d3","ediciones":"1","encuadernacion":"R\u00fastica","fecha_de_publicacion":"01\/07\/2021","novedad":"1","paginas":"104","subtitulo":"","orden":"0","portada":"0","idioma":"spa","booktrailer":"","resenas":""},"aioseo_notices":[],"_links":{"self":[{"href":"https:\/\/www.claret.cat\/es\/wp-json\/wp\/v2\/product\/85367","targetHints":{"allow":["GET"]}}],"collection":[{"href":"https:\/\/www.claret.cat\/es\/wp-json\/wp\/v2\/product"}],"about":[{"href":"https:\/\/www.claret.cat\/es\/wp-json\/wp\/v2\/types\/product"}],"wp:featuredmedia":[{"embeddable":true,"href":"https:\/\/www.claret.cat\/es\/wp-json\/wp\/v2\/media\/1072162"}],"wp:attachment":[{"href":"https:\/\/www.claret.cat\/es\/wp-json\/wp\/v2\/media?parent=85367"}],"wp:term":[{"taxonomy":"product_brand","embeddable":true,"href":"https:\/\/www.claret.cat\/es\/wp-json\/wp\/v2\/product_brand?post=85367"},{"taxonomy":"product_cat","embeddable":true,"href":"https:\/\/www.claret.cat\/es\/wp-json\/wp\/v2\/product_cat?post=85367"},{"taxonomy":"product_tag","embeddable":true,"href":"https:\/\/www.claret.cat\/es\/wp-json\/wp\/v2\/product_tag?post=85367"}],"curies":[{"name":"wp","href":"https:\/\/api.w.org\/{rel}","templated":true}]}}