{"id":854358,"date":"2023-09-23T12:37:28","date_gmt":"2023-09-23T10:37:28","guid":{"rendered":"https:\/\/www.claret.cat\/llibre\/las-bragas-al-sol-9788419835130\/"},"modified":"2025-04-24T12:57:07","modified_gmt":"2025-04-24T10:57:07","slug":"las-bragas-al-sol-9788419835130","status":"publish","type":"product","link":"https:\/\/www.claret.cat\/es\/libro\/las-bragas-al-sol-9788419835130\/","title":{"rendered":"LAS BRAGAS AL SOL"},"content":{"rendered":"<p>Una historia para re\u00edr, llorar y reconciliarse con la vida Sin nada que perder y todo por ganar, Rita Racons emprende el que ser\u00e1 el viaje de su vida. Animada por su abuela, decide coger un avi\u00f3n y trasladarse a Estados Unidos para trabajar como au-pair y aprender ingl\u00e9s. El azar la llevar\u00e1 a la casa de los Bookland, en Atlanta, dondecuidar\u00e1 de los tres hijos de la familia durante un a\u00f1o entero. Los Bookland lo son todo menos la t\u00edpica familia americana. Insoportablemente intelectuales, esperan que la nueva au-pair est\u00e9 a la altura de lo que exigen unas peque\u00f1as mentes \u00e1vidas de conocimientos. Y, pese a que no acabar\u00e1 de estarlo, Rita y su caos constante llevar\u00e1n a lospeque\u00f1os Bookland a disfrutar de aquello que no est\u00e1 escrito en los libros. Regina Rodr\u00edguez Sirvent construye, gracias a un estilo desternillante y locuaz, una novela divertid\u00edsima sobre lo que sucede cuando nos atrevemos a vivir.<\/p>\n","protected":false},"excerpt":{"rendered":"<p>RODR\u00cdGUEZ SIRVENT, REGINA<\/p>\n","protected":false},"featured_media":854359,"template":"","meta":{"_acf_changed":false,"om_disable_all_campaigns":false,"rs_blank_template":"","rs_page_bg_color":"","slide_template_v7":"","inline_featured_image":false,"_monsterinsights_skip_tracking":false,"_monsterinsights_sitenote_active":false,"_monsterinsights_sitenote_note":"","_monsterinsights_sitenote_category":0},"product_brand":[],"product_cat":[127,357],"product_tag":[],"class_list":{"0":"post-854358","1":"product","2":"type-product","3":"status-publish","4":"has-post-thumbnail","6":"product_cat-novella-contemporania","7":"product_cat-novela-contemporanea","9":"first","10":"instock","11":"taxable","12":"shipping-taxable","13":"purchasable","14":"product-type-simple"},"acf":{"autor":"RODR\u00cdGUEZ SIRVENT, REGINA","codart":"841983513","libros-coleccion":"SUMA","ediciones":"1","encuadernacion":"R\u00fastica","fecha_de_publicacion":"01\/11\/2023","novedad":"1","paginas":"0","subtitulo":"","orden":"0","portada":"0","idioma":"spa","editorial":[{"ID":6370,"post_author":"3","post_date":"2022-07-28 17:50:44","post_date_gmt":"2022-07-28 15:50:44","post_content":"","post_title":"SUMA","post_excerpt":"","post_status":"publish","comment_status":"closed","ping_status":"closed","post_password":"","post_name":"suma","to_ping":"","pinged":"","post_modified":"2022-07-28 17:50:44","post_modified_gmt":"2022-07-28 15:50:44","post_content_filtered":"","post_parent":0,"guid":"http:\/\/dev.claret.cat\/editorial\/suma\/","menu_order":0,"post_type":"editorial","post_mime_type":"","comment_count":"0","filter":"raw"}],"autores-libros":[{"ID":167931,"post_author":"3","post_date":"2022-10-14 18:15:09","post_date_gmt":"2022-10-14 16:15:09","post_content":"","post_title":"REGINA RODR\u00cdGUEZ SIRVENT","post_excerpt":"","post_status":"publish","comment_status":"closed","ping_status":"closed","post_password":"","post_name":"regina-rodriguez-sirvent","to_ping":"","pinged":"","post_modified":"2022-10-14 18:15:09","post_modified_gmt":"2022-10-14 16:15:09","post_content_filtered":"","post_parent":0,"guid":"http:\/\/dev.claret.cat\/autor\/regina-rodriguez-sirvent\/","menu_order":0,"post_type":"autor","post_mime_type":"","comment_count":"0","filter":"raw"}],"booktrailer":"","resenas":""},"aioseo_notices":[],"_links":{"self":[{"href":"https:\/\/www.claret.cat\/es\/wp-json\/wp\/v2\/product\/854358","targetHints":{"allow":["GET"]}}],"collection":[{"href":"https:\/\/www.claret.cat\/es\/wp-json\/wp\/v2\/product"}],"about":[{"href":"https:\/\/www.claret.cat\/es\/wp-json\/wp\/v2\/types\/product"}],"wp:featuredmedia":[{"embeddable":true,"href":"https:\/\/www.claret.cat\/es\/wp-json\/wp\/v2\/media\/854359"}],"wp:attachment":[{"href":"https:\/\/www.claret.cat\/es\/wp-json\/wp\/v2\/media?parent=854358"}],"wp:term":[{"taxonomy":"product_brand","embeddable":true,"href":"https:\/\/www.claret.cat\/es\/wp-json\/wp\/v2\/product_brand?post=854358"},{"taxonomy":"product_cat","embeddable":true,"href":"https:\/\/www.claret.cat\/es\/wp-json\/wp\/v2\/product_cat?post=854358"},{"taxonomy":"product_tag","embeddable":true,"href":"https:\/\/www.claret.cat\/es\/wp-json\/wp\/v2\/product_tag?post=854358"}],"curies":[{"name":"wp","href":"https:\/\/api.w.org\/{rel}","templated":true}]}}