{"id":85445,"date":"2022-10-11T17:40:11","date_gmt":"2022-10-11T15:40:11","guid":{"rendered":"http:\/\/dev.claret.cat\/producte\/aprender-a-tocar-la-guitarra-paso-a-paso-2021\/"},"modified":"2023-01-28T12:12:33","modified_gmt":"2023-01-28T11:12:33","slug":"aprender-a-tocar-la-guitarra-paso-a-paso-2021-9788418459801","status":"publish","type":"product","link":"https:\/\/www.claret.cat\/es\/libro\/aprender-a-tocar-la-guitarra-paso-a-paso-2021-9788418459801\/","title":{"rendered":"APRENDER A TOCAR LA GUITARRA PASO A PASO (2021)"},"content":{"rendered":"<p>* Tanto si es usted un principiante que est\u00e1 a punto de comprar su primera guitarra como si ya ha empezado a tocar y quiere llevar su magia con el diapas\u00f3n al siguiente nivel, esta es la gu\u00eda r\u00e1pida y de?nitiva para convertirse en un maestro de este instrumento.<br \/> * Aprenda a tocar como los profesionales con las sesiones ilustradas paso a paso y mida sus progresos con piezas escritas expresamente para la ocasi\u00f3n. Asimismo, descubra las inspiradoras recomendaciones de grandes guitarristas de todos los estilos. <br \/> * Siga los v\u00eddeos online para aprender en qu\u00e9 consiste una buena t\u00e9cnica, y toque siguiendo las bases instrumentales.<\/p>\n<p> Sin comparaci\u00f3n con ning\u00fan otro instrumento, la guitarra abre un vasto mundo de posibilidades musicales. Caben desde quienes rasguean sin mayores complicaciones hasta los m\u00e1s aplicados devotos de la t\u00e9cnica. Adem\u00e1s, es un instrumento ideal para formar parte de un grupo que acompa\u00f1a a un cantante, o para lucirse a la luz de los focos como solista. Ofrece opciones expresivas innumerables y sirve para casi cualquier tipo de m\u00fasica. <\/p>\n<p> Este libro es una gu\u00eda pr\u00e1ctica del instrumento, con consejos sobre c\u00f3mo elegir la guitarra adecuada, mantenerla en buen estado y convertirse en m\u00fasico. En cada sesi\u00f3n aprender\u00e1 y desarrollar\u00e1 nuevas capacidades y t\u00e9cnicas por medio de ejercicios musicales breves y a la medida y se familiarizar\u00e1 con la teor\u00eda musical. En este libro se emplea el sistema de notaci\u00f3n musical anglosaj\u00f3n (o cifrado americano) por su uso ampliamente extendido.<\/p>\n","protected":false},"excerpt":{"rendered":"<p>VV.AA.<\/p>\n","protected":false},"featured_media":85446,"template":"","meta":{"_acf_changed":false,"om_disable_all_campaigns":false,"rs_blank_template":"","rs_page_bg_color":"","slide_template_v7":"","inline_featured_image":false,"_monsterinsights_skip_tracking":false,"_monsterinsights_sitenote_active":false,"_monsterinsights_sitenote_note":"","_monsterinsights_sitenote_category":0},"product_brand":[],"product_cat":[111],"product_tag":[],"class_list":{"0":"post-85445","1":"product","2":"type-product","3":"status-publish","4":"has-post-thumbnail","6":"product_cat-musica","8":"first","9":"instock","10":"taxable","11":"shipping-taxable","12":"purchasable","13":"product-type-simple"},"acf":{"autores-libros":[{"ID":6086,"post_author":"3","post_date":"2022-07-28 17:37:50","post_date_gmt":"2022-07-28 15:37:50","post_content":"","post_title":"VV.AA.","post_excerpt":"","post_status":"publish","comment_status":"closed","ping_status":"closed","post_password":"","post_name":"vv-aa-2","to_ping":"","pinged":"","post_modified":"2022-07-28 17:37:50","post_modified_gmt":"2022-07-28 15:37:50","post_content_filtered":"","post_parent":0,"guid":"http:\/\/dev.claret.cat\/autor\/vv-aa-2\/","menu_order":0,"post_type":"autor","post_mime_type":"","comment_count":"0","filter":"raw"}],"autor":"VV.AA.","codart":"841845980","libros-coleccion":"","ediciones":"1","encuadernacion":"Carton\u00e9","fecha_de_publicacion":"01\/06\/2021","novedad":"1","paginas":"352","subtitulo":"","orden":"0","portada":"0","idioma":"spa","editorial":[{"ID":148561,"post_author":"3","post_date":"2022-10-14 11:59:12","post_date_gmt":"2022-10-14 09:59:12","post_content":"","post_title":"NATURART","post_excerpt":"","post_status":"publish","comment_status":"closed","ping_status":"closed","post_password":"","post_name":"naturart","to_ping":"","pinged":"","post_modified":"2022-10-14 11:59:12","post_modified_gmt":"2022-10-14 09:59:12","post_content_filtered":"","post_parent":0,"guid":"http:\/\/dev.claret.cat\/editorial\/naturart\/","menu_order":0,"post_type":"editorial","post_mime_type":"","comment_count":"0","filter":"raw"}]},"aioseo_notices":[],"_links":{"self":[{"href":"https:\/\/www.claret.cat\/es\/wp-json\/wp\/v2\/product\/85445","targetHints":{"allow":["GET"]}}],"collection":[{"href":"https:\/\/www.claret.cat\/es\/wp-json\/wp\/v2\/product"}],"about":[{"href":"https:\/\/www.claret.cat\/es\/wp-json\/wp\/v2\/types\/product"}],"wp:featuredmedia":[{"embeddable":true,"href":"https:\/\/www.claret.cat\/es\/wp-json\/wp\/v2\/media\/85446"}],"wp:attachment":[{"href":"https:\/\/www.claret.cat\/es\/wp-json\/wp\/v2\/media?parent=85445"}],"wp:term":[{"taxonomy":"product_brand","embeddable":true,"href":"https:\/\/www.claret.cat\/es\/wp-json\/wp\/v2\/product_brand?post=85445"},{"taxonomy":"product_cat","embeddable":true,"href":"https:\/\/www.claret.cat\/es\/wp-json\/wp\/v2\/product_cat?post=85445"},{"taxonomy":"product_tag","embeddable":true,"href":"https:\/\/www.claret.cat\/es\/wp-json\/wp\/v2\/product_tag?post=85445"}],"curies":[{"name":"wp","href":"https:\/\/api.w.org\/{rel}","templated":true}]}}