{"id":85490,"date":"2022-10-11T17:40:42","date_gmt":"2022-10-11T15:40:42","guid":{"rendered":"http:\/\/dev.claret.cat\/producte\/corpus-hermeticum-y-otros-textos-apocrifos\/"},"modified":"2023-07-06T16:36:44","modified_gmt":"2023-07-06T14:36:44","slug":"corpus-hermeticum-y-otros-textos-apocrifos-9788441440951","status":"publish","type":"product","link":"https:\/\/www.claret.cat\/es\/libro\/corpus-hermeticum-y-otros-textos-apocrifos-9788441440951\/","title":{"rendered":"CORPUS HERMETICUM Y OTROS TEXTOS AP\u00d3CRIFOS"},"content":{"rendered":"<p>\u00abTextos Herm\u00e9ticos\u00bb son una serie de escritos en griego y lat\u00edn que contienen ense\u00f1anzas religiosas y fi los\u00f3fi cas atribuidas a Hermes Trismegisto. Entre ellos, el Corpus Hemeticum y el Asclepius \u2014ambos incluidos en este volumen\u2014, los m\u00e1s representativos y valorados. El Corpus Hermeticum est\u00e1 formado por una serie de diecisiete textos \u2014entre los que fi gura el famoso Poimandres\u2014, que por vez primera aparecen como colecci\u00f3n en el siglo XIV, siendo su origen griego y de fecha dif\u00edcil de datar. En relaci\u00f3n con el Asclepius, se trata de un texto de origen latino atribuido a Apuleyo, aunque es una traducci\u00f3n de un texto anterior. <br \/> En cuanto a su contenido, es clara la impronta plat\u00f3nica y pitag\u00f3rica sobre la base de una ense\u00f1anza esot\u00e9rica que sin duda proven\u00eda del viejo Egipto. Es patente asimismo el car\u00e1cter casi sagrado que estos textos tuvieron, puesto de manifi esto por el hecho de que sus an\u00f3nimos autores compusieron estos di\u00e1logos como si fuera el propio dios Hermes el que instru\u00eda a sus disc\u00edpulos. La presente selecci\u00f3n y versi\u00f3n, del erudito Walter Scott, publicada en Londres en 1924, goza de un merecido prestigio tanto por la solvencia de la traducci\u00f3n como por el completo estudio que lo acompa\u00f1a.<\/p>\n","protected":false},"excerpt":{"rendered":"<p>HERMES TRISMEGISTO<\/p>\n","protected":false},"featured_media":372572,"template":"","meta":{"_acf_changed":false,"om_disable_all_campaigns":false,"rs_blank_template":"","rs_page_bg_color":"","slide_template_v7":"","inline_featured_image":false,"_monsterinsights_skip_tracking":false,"_monsterinsights_sitenote_active":false,"_monsterinsights_sitenote_note":"","_monsterinsights_sitenote_category":0},"product_brand":[],"product_cat":[385,208,92,542],"product_tag":[],"class_list":{"0":"post-85490","1":"product","2":"type-product","3":"status-publish","4":"has-post-thumbnail","6":"product_cat-apocrifos","7":"product_cat-apocrifs","8":"product_cat-vida-religiosa","9":"product_cat-vida-religiosa-1_espiritualidad-spa","11":"first","12":"instock","13":"taxable","14":"shipping-taxable","15":"purchasable","16":"product-type-simple"},"acf":{"autor":"HERMES TRISMEGISTO","codart":"844144095","libros-coleccion":"ARCA DE SABIDUR\u00cdA","ediciones":"1","encuadernacion":"R\u00fastica","fecha_de_publicacion":"01\/07\/2021","novedad":"1","paginas":"247","subtitulo":"","orden":"0","portada":"0","idioma":"spa","editorial":[{"ID":147770,"post_author":"3","post_date":"2022-10-14 11:53:05","post_date_gmt":"2022-10-14 09:53:05","post_content":"","post_title":"EDAF","post_excerpt":"","post_status":"publish","comment_status":"closed","ping_status":"closed","post_password":"","post_name":"edaf","to_ping":"","pinged":"","post_modified":"2022-10-14 11:53:05","post_modified_gmt":"2022-10-14 09:53:05","post_content_filtered":"","post_parent":0,"guid":"http:\/\/dev.claret.cat\/editorial\/edaf\/","menu_order":0,"post_type":"editorial","post_mime_type":"","comment_count":"0","filter":"raw"}],"autores-libros":[{"ID":157551,"post_author":"3","post_date":"2022-10-14 15:29:43","post_date_gmt":"2022-10-14 13:29:43","post_content":"","post_title":"HERMES TRISMEGISTO","post_excerpt":"","post_status":"publish","comment_status":"closed","ping_status":"closed","post_password":"","post_name":"hermes-trismegisto","to_ping":"","pinged":"","post_modified":"2022-10-14 15:29:43","post_modified_gmt":"2022-10-14 13:29:43","post_content_filtered":"","post_parent":0,"guid":"http:\/\/dev.claret.cat\/autor\/hermes-trismegisto\/","menu_order":0,"post_type":"autor","post_mime_type":"","comment_count":"0","filter":"raw"}]},"aioseo_notices":[],"_links":{"self":[{"href":"https:\/\/www.claret.cat\/es\/wp-json\/wp\/v2\/product\/85490","targetHints":{"allow":["GET"]}}],"collection":[{"href":"https:\/\/www.claret.cat\/es\/wp-json\/wp\/v2\/product"}],"about":[{"href":"https:\/\/www.claret.cat\/es\/wp-json\/wp\/v2\/types\/product"}],"wp:featuredmedia":[{"embeddable":true,"href":"https:\/\/www.claret.cat\/es\/wp-json\/wp\/v2\/media\/372572"}],"wp:attachment":[{"href":"https:\/\/www.claret.cat\/es\/wp-json\/wp\/v2\/media?parent=85490"}],"wp:term":[{"taxonomy":"product_brand","embeddable":true,"href":"https:\/\/www.claret.cat\/es\/wp-json\/wp\/v2\/product_brand?post=85490"},{"taxonomy":"product_cat","embeddable":true,"href":"https:\/\/www.claret.cat\/es\/wp-json\/wp\/v2\/product_cat?post=85490"},{"taxonomy":"product_tag","embeddable":true,"href":"https:\/\/www.claret.cat\/es\/wp-json\/wp\/v2\/product_tag?post=85490"}],"curies":[{"name":"wp","href":"https:\/\/api.w.org\/{rel}","templated":true}]}}