{"id":85517,"date":"2022-10-11T17:41:00","date_gmt":"2022-10-11T15:41:00","guid":{"rendered":"http:\/\/dev.claret.cat\/producte\/la-cartuja-de-parma\/"},"modified":"2023-01-28T15:36:10","modified_gmt":"2023-01-28T14:36:10","slug":"la-cartuja-de-parma-9788491819127","status":"publish","type":"product","link":"https:\/\/www.claret.cat\/es\/libro\/la-cartuja-de-parma-9788491819127\/","title":{"rendered":"LA CARTUJA DE PARMA"},"content":{"rendered":"<p>Novela total, pues as\u00ed puede llamarse a la novela que re\u00fane en sus p\u00e1ginas novela rom\u00e1ntica, de aventuras, hist\u00f3rica y de capa y espada, &#8216;La cartuja de Parma&#8217; entra sin duda en la categor\u00eda de las grandes obras de ayer, de hoy y de siempre. En esta afortunad\u00edsima s\u00edntesis literaria de recuerdos, experiencias decantadas, vida asimilada y genio creador, las aventuras, amores y peripecias que Stendhal teje alrededor de las parejas formadas por el rom\u00e1ntico y aventurero Fabricio del Dongo y Clelia Conti, por un lado, y por el h\u00e1bil y maquiav\u00e9lico conde Mosca y la encantadora duquesa Sanseverina, por otro, dan espacio al lector para sumirse en una corriente de acci\u00f3n y de amores que dejar\u00e1 sin duda huella duradera en su memoria. La presente edici\u00f3n, traducida y anotada por Consuelo Berges, se completa con el estudio cl\u00e1sico de Balzac sobre esta gran novela.<\/p>\n","protected":false},"excerpt":{"rendered":"<p>STENDHAL<\/p>\n","protected":false},"featured_media":85518,"template":"","meta":{"_acf_changed":false,"om_disable_all_campaigns":false,"rs_blank_template":"","rs_page_bg_color":"","slide_template_v7":"","inline_featured_image":false,"_monsterinsights_skip_tracking":false,"_monsterinsights_sitenote_active":false,"_monsterinsights_sitenote_note":"","_monsterinsights_sitenote_category":0},"product_brand":[],"product_cat":[16],"product_tag":[],"class_list":{"0":"post-85517","1":"product","2":"type-product","3":"status-publish","4":"has-post-thumbnail","6":"product_cat-sense-categoria","8":"first","9":"instock","10":"taxable","11":"shipping-taxable","12":"purchasable","13":"product-type-simple"},"acf":{"editorial":[{"ID":6119,"post_author":"3","post_date":"2022-07-28 17:45:18","post_date_gmt":"2022-07-28 15:45:18","post_content":"","post_title":"Alianza Editorial","post_excerpt":"","post_status":"publish","comment_status":"closed","ping_status":"closed","post_password":"","post_name":"alianza-editorial","to_ping":"","pinged":"","post_modified":"2022-07-28 17:45:18","post_modified_gmt":"2022-07-28 15:45:18","post_content_filtered":"","post_parent":0,"guid":"http:\/\/dev.claret.cat\/editorial\/alianza-editorial\/","menu_order":0,"post_type":"editorial","post_mime_type":"","comment_count":"0","filter":"raw"}],"autor":"STENDHAL","codart":"849181912","libros-coleccion":"FORA DE COL.LECCI\u00d3","ediciones":"1","encuadernacion":"R\u00fastica","fecha_de_publicacion":"01\/03\/2020","novedad":"1","paginas":"0","subtitulo":"","orden":"0","portada":"0","idioma":"spa","autores-libros":[{"ID":169793,"post_author":"3","post_date":"2022-10-14 22:30:04","post_date_gmt":"2022-10-14 20:30:04","post_content":"","post_title":"STENDHAL","post_excerpt":"","post_status":"publish","comment_status":"closed","ping_status":"closed","post_password":"","post_name":"stendhal","to_ping":"","pinged":"","post_modified":"2022-10-14 22:30:04","post_modified_gmt":"2022-10-14 20:30:04","post_content_filtered":"","post_parent":0,"guid":"http:\/\/dev.claret.cat\/autor\/stendhal\/","menu_order":0,"post_type":"autor","post_mime_type":"","comment_count":"0","filter":"raw"}]},"aioseo_notices":[],"_links":{"self":[{"href":"https:\/\/www.claret.cat\/es\/wp-json\/wp\/v2\/product\/85517","targetHints":{"allow":["GET"]}}],"collection":[{"href":"https:\/\/www.claret.cat\/es\/wp-json\/wp\/v2\/product"}],"about":[{"href":"https:\/\/www.claret.cat\/es\/wp-json\/wp\/v2\/types\/product"}],"wp:featuredmedia":[{"embeddable":true,"href":"https:\/\/www.claret.cat\/es\/wp-json\/wp\/v2\/media\/85518"}],"wp:attachment":[{"href":"https:\/\/www.claret.cat\/es\/wp-json\/wp\/v2\/media?parent=85517"}],"wp:term":[{"taxonomy":"product_brand","embeddable":true,"href":"https:\/\/www.claret.cat\/es\/wp-json\/wp\/v2\/product_brand?post=85517"},{"taxonomy":"product_cat","embeddable":true,"href":"https:\/\/www.claret.cat\/es\/wp-json\/wp\/v2\/product_cat?post=85517"},{"taxonomy":"product_tag","embeddable":true,"href":"https:\/\/www.claret.cat\/es\/wp-json\/wp\/v2\/product_tag?post=85517"}],"curies":[{"name":"wp","href":"https:\/\/api.w.org\/{rel}","templated":true}]}}