{"id":8557,"date":"2022-09-30T12:11:54","date_gmt":"2022-09-30T10:11:54","guid":{"rendered":"http:\/\/dev.claret.cat\/producte\/la-imitacion-de-cristo\/"},"modified":"2026-03-30T11:15:57","modified_gmt":"2026-03-30T09:15:57","slug":"la-imitacion-de-cristo-9788428534123","status":"publish","type":"product","link":"https:\/\/www.claret.cat\/es\/libro\/la-imitacion-de-cristo-9788428534123\/","title":{"rendered":"LA IMITACI\u00d3N DE CRISTO"},"content":{"rendered":"<p>\u00abLa Imitaci\u00f3n de Cristo\u00bb es posiblemente el libro m\u00e1s editado -y por consiguiente le\u00eddo-, despu\u00e9s de la Biblia, de toda la literatura cristiana. Magn\u00edfica muestra de la espiritualidad de la escuela medieval conocida como la &#8216;devotio moderna&#8217;, la mayor parte de los estudiosos, y la tradici\u00f3n, atribuyen la autor\u00eda de esta obra a Tom\u00e1s de Kempis, hasta el punto de que la obra es conocida, tambi\u00e9n, como \u00abel Kempis\u00bb. \u00abEl Kempis\u00bb ha sido editado y le\u00eddo por millones de lectores. Cabe preguntar: \u00bfpor qu\u00e9 este fen\u00f3meno multitudinario durante siglos? Por su sencillez y su unci\u00f3n devota, por su mesura dentro de sus exigencias radicales, por su insistencia sobre el recogimiento y cultivo suave de la interioridad. <br \/>Esta obra es un cl\u00e1sico de la literatura espiritual cristiana que siempre se leer\u00e1. La misma sequ\u00eda de vida interior que sufrimos har\u00e1 volver a muchos, incluso a los no cristianos, a buscar en sus p\u00e1ginas una palabra de paz.<\/p>\n","protected":false},"excerpt":{"rendered":"<p>DE KEMPIS, TOM\u00c1S<\/p>\n","protected":false},"featured_media":1079731,"template":"","meta":{"_acf_changed":false,"om_disable_all_campaigns":false,"rs_blank_template":"","rs_page_bg_color":"","slide_template_v7":"","inline_featured_image":false,"_monsterinsights_skip_tracking":false,"_monsterinsights_sitenote_active":false,"_monsterinsights_sitenote_note":"","_monsterinsights_sitenote_category":0},"product_brand":[],"product_cat":[237,488,221,480,284,418,497,248],"product_tag":[],"class_list":{"0":"post-8557","1":"product","2":"type-product","3":"status-publish","4":"has-post-thumbnail","6":"product_cat-cami-de-perfeccionament","7":"product_cat-camino-de-perfeccionamiento","8":"product_cat-dadults","9":"product_cat-de-adultos","10":"product_cat-espiritual","11":"product_cat-espiritual-teologia-1_espiritualidad","12":"product_cat-meditaciones","13":"product_cat-meditacions","15":"first","16":"instock","17":"taxable","18":"shipping-taxable","19":"purchasable","20":"product-type-simple"},"acf":{"editorial":[{"ID":6356,"post_author":"3","post_date":"2022-07-28 17:50:26","post_date_gmt":"2022-07-28 15:50:26","post_content":"","post_title":"SAN PABLO COMUNICACI\u00d3N","post_excerpt":"","post_status":"publish","comment_status":"closed","ping_status":"closed","post_password":"","post_name":"san-pablo-comunicacion","to_ping":"","pinged":"","post_modified":"2022-07-28 17:50:26","post_modified_gmt":"2022-07-28 15:50:26","post_content_filtered":"","post_parent":0,"guid":"http:\/\/dev.claret.cat\/editorial\/san-pablo-comunicacion\/","menu_order":0,"post_type":"editorial","post_mime_type":"","comment_count":"0","filter":"raw"}],"autores-libros":[{"ID":6057,"post_author":"3","post_date":"2022-07-28 17:37:13","post_date_gmt":"2022-07-28 15:37:13","post_content":"","post_title":"TOM\u00c1S DE KEMPIS","post_excerpt":"","post_status":"publish","comment_status":"closed","ping_status":"closed","post_password":"","post_name":"tomas-de-kempis","to_ping":"","pinged":"","post_modified":"2022-07-28 17:37:13","post_modified_gmt":"2022-07-28 15:37:13","post_content_filtered":"","post_parent":0,"guid":"http:\/\/dev.claret.cat\/autor\/tomas-de-kempis\/","menu_order":0,"post_type":"autor","post_mime_type":"","comment_count":"0","filter":"raw"}],"autor":"DE KEMPIS, TOM\u00c1S","codart":"842853412","libros-coleccion":"Biblioteca Cl\u00e1sicos Cristianos","ediciones":"1","encuadernacion":"R\u00fastica","fecha_de_publicacion":"25\/11\/2008","novedad":"0","paginas":"272","subtitulo":"","orden":"999","portada":"0","idioma":"spa","booktrailer":"","resenas":""},"aioseo_notices":[],"_links":{"self":[{"href":"https:\/\/www.claret.cat\/es\/wp-json\/wp\/v2\/product\/8557","targetHints":{"allow":["GET"]}}],"collection":[{"href":"https:\/\/www.claret.cat\/es\/wp-json\/wp\/v2\/product"}],"about":[{"href":"https:\/\/www.claret.cat\/es\/wp-json\/wp\/v2\/types\/product"}],"wp:featuredmedia":[{"embeddable":true,"href":"https:\/\/www.claret.cat\/es\/wp-json\/wp\/v2\/media\/1079731"}],"wp:attachment":[{"href":"https:\/\/www.claret.cat\/es\/wp-json\/wp\/v2\/media?parent=8557"}],"wp:term":[{"taxonomy":"product_brand","embeddable":true,"href":"https:\/\/www.claret.cat\/es\/wp-json\/wp\/v2\/product_brand?post=8557"},{"taxonomy":"product_cat","embeddable":true,"href":"https:\/\/www.claret.cat\/es\/wp-json\/wp\/v2\/product_cat?post=8557"},{"taxonomy":"product_tag","embeddable":true,"href":"https:\/\/www.claret.cat\/es\/wp-json\/wp\/v2\/product_tag?post=8557"}],"curies":[{"name":"wp","href":"https:\/\/api.w.org\/{rel}","templated":true}]}}