{"id":85587,"date":"2022-10-11T17:41:53","date_gmt":"2022-10-11T15:41:53","guid":{"rendered":"http:\/\/dev.claret.cat\/producte\/malaga-y-costa-del-sol\/"},"modified":"2023-01-28T01:43:50","modified_gmt":"2023-01-28T00:43:50","slug":"malaga-y-costa-del-sol-9788491584124","status":"publish","type":"product","link":"https:\/\/www.claret.cat\/es\/libro\/malaga-y-costa-del-sol-9788491584124\/","title":{"rendered":"M\u00c1LAGA Y COSTA DEL SOL"},"content":{"rendered":"<p>Una gu\u00eda pr\u00e1ctica y totalmente actualizada, ideal para realizar un corto viaje a M\u00e1laga y a la Costa del Sol.<br \/> La gu\u00eda est\u00e1 dividida en cuatro apartados.<br \/> En el primero, titulado Diez Indispensables, se propone una selecci\u00f3n de los lugares, curiosidades y tradiciones de la zona que no hay que perderse: La serran\u00eda de Ronda, El Museo Picasso, La Axarqu\u00eda, La catedral&#8230;<br \/> El segundo apartado consta de dos partes: Visita a M\u00e1laga y Visita a la provincia de M\u00e1laga. En ellas se proporciona informaci\u00f3n detallada de los lugares de mayor inter\u00e9s. Tambi\u00e9n incluye un plano de la ciudad de M\u00e1laga, con los monumentos m\u00e1s importantes destacados, y un mapa de carreteras de la provincia.<br \/> El siguiente apartado, Excursiones por la provincia, hace un recorrido por los lugares m\u00e1s emblem\u00e1ticos de la zona: Marbella-Ronda-Marbella, M\u00e1laga-Nerja, M\u00e1laga-Antequera y M\u00e1laga-Marbella.<br \/> Finalmente, se incluye una amplia selecci\u00f3n de restaurantes, alojamientos, direcciones de museos y monumentos, as\u00ed como una exhaustiva informaci\u00f3n pr\u00e1ctica para moverse por la zona.<\/p>\n","protected":false},"excerpt":{"rendered":"<p>AVIS\u00d3N MART\u00cdNEZ, JUAN PABLO \/ HERN\u00c1NDEZ COLORADO, ARANTXA \/ ARJONA MOLINA, RAFA<\/p>\n","protected":false},"featured_media":85588,"template":"","meta":{"_acf_changed":false,"om_disable_all_campaigns":false,"rs_blank_template":"","rs_page_bg_color":"","slide_template_v7":"","inline_featured_image":false,"_monsterinsights_skip_tracking":false,"_monsterinsights_sitenote_active":false,"_monsterinsights_sitenote_note":"","_monsterinsights_sitenote_category":0},"product_brand":[],"product_cat":[107],"product_tag":[],"class_list":{"0":"post-85587","1":"product","2":"type-product","3":"status-publish","4":"has-post-thumbnail","6":"product_cat-guies-de-viatge","8":"first","9":"instock","10":"taxable","11":"shipping-taxable","12":"purchasable","13":"product-type-simple"},"acf":{"editorial":[{"ID":147435,"post_author":"3","post_date":"2022-10-14 11:50:33","post_date_gmt":"2022-10-14 09:50:33","post_content":"","post_title":"Anaya Touring","post_excerpt":"","post_status":"publish","comment_status":"closed","ping_status":"closed","post_password":"","post_name":"anaya-touring","to_ping":"","pinged":"","post_modified":"2022-10-14 11:50:33","post_modified_gmt":"2022-10-14 09:50:33","post_content_filtered":"","post_parent":0,"guid":"http:\/\/dev.claret.cat\/editorial\/anaya-touring\/","menu_order":0,"post_type":"editorial","post_mime_type":"","comment_count":"0","filter":"raw"}],"autor":"AVIS\u00d3N MART\u00cdNEZ, JUAN PABLO \/ HERN\u00c1NDEZ COLORADO, ARANTXA \/ ARJONA MOLINA, RAFA","codart":"849158412","libros-coleccion":"FORA DE COL.LECCI\u00d3","ediciones":"1","encuadernacion":"R\u00fastica","fecha_de_publicacion":"01\/06\/2021","novedad":"1","paginas":"143","subtitulo":"","orden":"0","portada":"0","idioma":"spa","autores-libros":[{"ID":161137,"post_author":"3","post_date":"2022-10-14 17:15:48","post_date_gmt":"2022-10-14 15:15:48","post_content":"","post_title":"JUAN PABLO AVIS\u00d3N MART\u00cdNEZ","post_excerpt":"","post_status":"publish","comment_status":"closed","ping_status":"closed","post_password":"","post_name":"juan-pablo-avison-martinez","to_ping":"","pinged":"","post_modified":"2022-10-14 17:15:48","post_modified_gmt":"2022-10-14 15:15:48","post_content_filtered":"","post_parent":0,"guid":"http:\/\/dev.claret.cat\/autor\/juan-pablo-avison-martinez\/","menu_order":0,"post_type":"autor","post_mime_type":"","comment_count":"0","filter":"raw"},{"ID":167542,"post_author":"3","post_date":"2022-10-14 18:12:02","post_date_gmt":"2022-10-14 16:12:02","post_content":"","post_title":"RAFA ARJONA MOLINA","post_excerpt":"","post_status":"publish","comment_status":"closed","ping_status":"closed","post_password":"","post_name":"rafa-arjona-molina","to_ping":"","pinged":"","post_modified":"2022-10-14 18:12:02","post_modified_gmt":"2022-10-14 16:12:02","post_content_filtered":"","post_parent":0,"guid":"http:\/\/dev.claret.cat\/autor\/rafa-arjona-molina\/","menu_order":0,"post_type":"autor","post_mime_type":"","comment_count":"0","filter":"raw"},{"ID":151052,"post_author":"3","post_date":"2022-10-14 14:37:49","post_date_gmt":"2022-10-14 12:37:49","post_content":"","post_title":"ARANTXA HERNANDEZ COLORADO","post_excerpt":"","post_status":"publish","comment_status":"closed","ping_status":"closed","post_password":"","post_name":"arantxa-hernandez-colorado","to_ping":"","pinged":"","post_modified":"2022-10-14 14:37:49","post_modified_gmt":"2022-10-14 12:37:49","post_content_filtered":"","post_parent":0,"guid":"http:\/\/dev.claret.cat\/autor\/arantxa-hernandez-colorado\/","menu_order":0,"post_type":"autor","post_mime_type":"","comment_count":"0","filter":"raw"}]},"aioseo_notices":[],"_links":{"self":[{"href":"https:\/\/www.claret.cat\/es\/wp-json\/wp\/v2\/product\/85587","targetHints":{"allow":["GET"]}}],"collection":[{"href":"https:\/\/www.claret.cat\/es\/wp-json\/wp\/v2\/product"}],"about":[{"href":"https:\/\/www.claret.cat\/es\/wp-json\/wp\/v2\/types\/product"}],"wp:featuredmedia":[{"embeddable":true,"href":"https:\/\/www.claret.cat\/es\/wp-json\/wp\/v2\/media\/85588"}],"wp:attachment":[{"href":"https:\/\/www.claret.cat\/es\/wp-json\/wp\/v2\/media?parent=85587"}],"wp:term":[{"taxonomy":"product_brand","embeddable":true,"href":"https:\/\/www.claret.cat\/es\/wp-json\/wp\/v2\/product_brand?post=85587"},{"taxonomy":"product_cat","embeddable":true,"href":"https:\/\/www.claret.cat\/es\/wp-json\/wp\/v2\/product_cat?post=85587"},{"taxonomy":"product_tag","embeddable":true,"href":"https:\/\/www.claret.cat\/es\/wp-json\/wp\/v2\/product_tag?post=85587"}],"curies":[{"name":"wp","href":"https:\/\/api.w.org\/{rel}","templated":true}]}}