{"id":85614,"date":"2022-10-11T17:42:13","date_gmt":"2022-10-11T15:42:13","guid":{"rendered":"http:\/\/dev.claret.cat\/producte\/gran-canaria\/"},"modified":"2025-09-17T10:31:00","modified_gmt":"2025-09-17T08:31:00","slug":"gran-canaria-9788491581505","status":"publish","type":"product","link":"https:\/\/www.claret.cat\/es\/libro\/gran-canaria-9788491581505\/","title":{"rendered":"GRAN CANARIA"},"content":{"rendered":"<p>Una gu\u00eda pr\u00e1ctica y totalmente actualizada, ideal para realizar un corto viaje a la isla de Gran Canaria.<br \/> La gu\u00eda est\u00e1 dividida en cuatro apartados.<br \/> En el primero, titulado Diez Indispensables, se propone una selecci\u00f3n de los lugares, curiosidades y tradiciones de la isla que no hay que perderse: la catedral de Las Palmas y el barrio de Vegueta, La Isleta , el Carnaval de Las Palmas, Maspalomas, Senderismo&#8230;<br \/> El apartado Visita a Las Palmas de Gran Canaria est\u00e1 dividido en siete cap\u00edtulos: Vegueta,<br \/> Triana, Arenales-Ciudad Jard\u00edn, Alcaravaneras-Santa Catalina-Puerto, Las Canteras, La Isleta y San Crist\u00f3bal. En cada uno de ellos se proporciona informaci\u00f3n detallada de los lugares con mayor inter\u00e9s. Tambi\u00e9n incluye un plano de la ciudad con los monumentos m\u00e1s importantes destacados.<br \/> El siguiente apartado, Excursiones por la isla de Gran Canaria, propone cuatro recorridos en coche por la isla.<br \/> Finalmente, se incluye una amplia selecci\u00f3n de restaurantes, alojamientos, direcciones de museos y monumentos, as\u00ed como una exhaustiva informaci\u00f3n pr\u00e1ctica para moverse por las distintas zonas.<\/p>\n","protected":false},"excerpt":{"rendered":"<p>HERN\u00c1NDEZ BUENO, MARIO \/ MART\u00cdNEZ I EDO, XAVIER<\/p>\n","protected":false},"featured_media":1053031,"template":"","meta":{"_acf_changed":false,"om_disable_all_campaigns":false,"rs_blank_template":"","rs_page_bg_color":"","slide_template_v7":"","inline_featured_image":false,"_monsterinsights_skip_tracking":false,"_monsterinsights_sitenote_active":false,"_monsterinsights_sitenote_note":"","_monsterinsights_sitenote_category":0},"product_brand":[],"product_cat":[557,107],"product_tag":[],"class_list":{"0":"post-85614","1":"product","2":"type-product","3":"status-publish","4":"has-post-thumbnail","6":"product_cat-guias-de-viaje","7":"product_cat-guies-de-viatge","9":"first","10":"outofstock","11":"taxable","12":"shipping-taxable","13":"purchasable","14":"product-type-simple"},"acf":{"editorial":[{"ID":147435,"post_author":"3","post_date":"2022-10-14 11:50:33","post_date_gmt":"2022-10-14 09:50:33","post_content":"","post_title":"Anaya Touring","post_excerpt":"","post_status":"publish","comment_status":"closed","ping_status":"closed","post_password":"","post_name":"anaya-touring","to_ping":"","pinged":"","post_modified":"2022-10-14 11:50:33","post_modified_gmt":"2022-10-14 09:50:33","post_content_filtered":"","post_parent":0,"guid":"http:\/\/dev.claret.cat\/editorial\/anaya-touring\/","menu_order":0,"post_type":"editorial","post_mime_type":"","comment_count":"0","filter":"raw"}],"autor":"HERN\u00c1NDEZ BUENO, MARIO \/ MART\u00cdNEZ I EDO, XAVIER","codart":"849158150","libros-coleccion":"FORA DE COL.LECCI\u00d3","ediciones":"1","encuadernacion":"R\u00fastica","fecha_de_publicacion":"01\/06\/2019","novedad":"0","paginas":"117","subtitulo":"","orden":"0","portada":"0","idioma":"spa","autores-libros":[{"ID":163978,"post_author":"3","post_date":"2022-10-14 17:43:22","post_date_gmt":"2022-10-14 15:43:22","post_content":"","post_title":"MARIO HERNANDEZ BUENO","post_excerpt":"","post_status":"publish","comment_status":"closed","ping_status":"closed","post_password":"","post_name":"mario-hernandez-bueno","to_ping":"","pinged":"","post_modified":"2022-10-14 17:43:22","post_modified_gmt":"2022-10-14 15:43:22","post_content_filtered":"","post_parent":0,"guid":"http:\/\/dev.claret.cat\/autor\/mario-hernandez-bueno\/","menu_order":0,"post_type":"autor","post_mime_type":"","comment_count":"0","filter":"raw"},{"ID":171466,"post_author":"3","post_date":"2022-10-14 22:43:37","post_date_gmt":"2022-10-14 20:43:37","post_content":"","post_title":"XAVIER MARTINEZ I EDO","post_excerpt":"","post_status":"publish","comment_status":"closed","ping_status":"closed","post_password":"","post_name":"xavier-martinez-i-edo","to_ping":"","pinged":"","post_modified":"2022-10-14 22:43:37","post_modified_gmt":"2022-10-14 20:43:37","post_content_filtered":"","post_parent":0,"guid":"http:\/\/dev.claret.cat\/autor\/xavier-martinez-i-edo\/","menu_order":0,"post_type":"autor","post_mime_type":"","comment_count":"0","filter":"raw"}],"booktrailer":"","resenas":""},"aioseo_notices":[],"_links":{"self":[{"href":"https:\/\/www.claret.cat\/es\/wp-json\/wp\/v2\/product\/85614","targetHints":{"allow":["GET"]}}],"collection":[{"href":"https:\/\/www.claret.cat\/es\/wp-json\/wp\/v2\/product"}],"about":[{"href":"https:\/\/www.claret.cat\/es\/wp-json\/wp\/v2\/types\/product"}],"wp:featuredmedia":[{"embeddable":true,"href":"https:\/\/www.claret.cat\/es\/wp-json\/wp\/v2\/media\/1053031"}],"wp:attachment":[{"href":"https:\/\/www.claret.cat\/es\/wp-json\/wp\/v2\/media?parent=85614"}],"wp:term":[{"taxonomy":"product_brand","embeddable":true,"href":"https:\/\/www.claret.cat\/es\/wp-json\/wp\/v2\/product_brand?post=85614"},{"taxonomy":"product_cat","embeddable":true,"href":"https:\/\/www.claret.cat\/es\/wp-json\/wp\/v2\/product_cat?post=85614"},{"taxonomy":"product_tag","embeddable":true,"href":"https:\/\/www.claret.cat\/es\/wp-json\/wp\/v2\/product_tag?post=85614"}],"curies":[{"name":"wp","href":"https:\/\/api.w.org\/{rel}","templated":true}]}}