{"id":85629,"date":"2022-10-11T17:42:24","date_gmt":"2022-10-11T15:42:24","guid":{"rendered":"http:\/\/dev.claret.cat\/producte\/malta-y-gozo\/"},"modified":"2023-01-28T05:59:09","modified_gmt":"2023-01-28T04:59:09","slug":"malta-y-gozo-9788491580386","status":"publish","type":"product","link":"https:\/\/www.claret.cat\/es\/libro\/malta-y-gozo-9788491580386\/","title":{"rendered":"MALTA Y GOZO"},"content":{"rendered":"<p>Una gu\u00eda compacta con todo lo mejor de Malta y Gozo, y mucha informaci\u00f3n \u00fatil para disfrutar de un viaje a estos para\u00edsos del Mediterr\u00e1neo.<br \/> A trav\u00e9s de Una mirada a Malta y Gozo, la gu\u00eda ofrece una breve historia del pa\u00eds con unas claves para entender la realidad actual y su perfil social, as\u00ed como para aproximarse a su medio natural.<br \/> En el apartado Diez lugares inolvidables, se hace una propuesta con lo mejor que ofrecen las islas seg\u00fan una selecci\u00f3n del autor: playas paradis\u00edacas, monumentos coloniales, ruinas, espacios naturales&#8230;<br \/> Lo que hay que ver ofrece una visi\u00f3n m\u00e1s detenida de las mejores visitas a trav\u00e9s de distintos cap\u00edtulos que hacen referencia en primer t\u00e9rmino a La Valeta, luego a la isla en general, y por \u00faltimo a Gozo. En ellos se describen los lugares de inter\u00e9s de cada regi\u00f3n evaluados por un sistema de clasificaci\u00f3n por estrellas y se proponen peque\u00f1as rutas e itinerarios a pie, en coche o en barco. Se incluye informaci\u00f3n pr\u00e1ctica sobre los lugares propuestos, junto con peque\u00f1os mapas y planos.<br \/> D\u00f3nde&#8230; es una peque\u00f1a pero \u00fatil selecci\u00f3n de establecimientos donde Comer y beber, Alojarse, Comprar, Divertirse e Ir con ni\u00f1os, con toda la informaci\u00f3n que se necesita sobre \u00e9stos.<br \/> Por \u00faltimo, la secci\u00f3n Informaciones pr\u00e1cticas ofrece informaci\u00f3n de primera necesidad para moverse por el pa\u00eds, as\u00ed como recomendaciones y direcciones \u00fatiles, adem\u00e1s de un peque\u00f1o glosario de t\u00e9rminos malteses.<br \/> Al final de la gu\u00eda se incluye un plano desplegable de las dos islas.<\/p>\n","protected":false},"excerpt":{"rendered":"<p>ANAYA TOURING \/ S\u00c1NCHEZ, FRANCISCO<\/p>\n","protected":false},"featured_media":85630,"template":"","meta":{"_acf_changed":false,"om_disable_all_campaigns":false,"rs_blank_template":"","rs_page_bg_color":"","slide_template_v7":"","inline_featured_image":false,"_monsterinsights_skip_tracking":false,"_monsterinsights_sitenote_active":false,"_monsterinsights_sitenote_note":"","_monsterinsights_sitenote_category":0},"product_brand":[],"product_cat":[107],"product_tag":[],"class_list":{"0":"post-85629","1":"product","2":"type-product","3":"status-publish","4":"has-post-thumbnail","6":"product_cat-guies-de-viatge","8":"first","9":"instock","10":"taxable","11":"shipping-taxable","12":"purchasable","13":"product-type-simple"},"acf":{"editorial":[{"ID":147435,"post_author":"3","post_date":"2022-10-14 11:50:33","post_date_gmt":"2022-10-14 09:50:33","post_content":"","post_title":"Anaya Touring","post_excerpt":"","post_status":"publish","comment_status":"closed","ping_status":"closed","post_password":"","post_name":"anaya-touring","to_ping":"","pinged":"","post_modified":"2022-10-14 11:50:33","post_modified_gmt":"2022-10-14 09:50:33","post_content_filtered":"","post_parent":0,"guid":"http:\/\/dev.claret.cat\/editorial\/anaya-touring\/","menu_order":0,"post_type":"editorial","post_mime_type":"","comment_count":"0","filter":"raw"}],"autor":"ANAYA TOURING \/ S\u00c1NCHEZ, FRANCISCO","codart":"849158038","libros-coleccion":"Guiarama Compact - Internacional","ediciones":"1","encuadernacion":"R\u00fastica","fecha_de_publicacion":"01\/02\/2018","novedad":"1","paginas":"141","subtitulo":"","orden":"0","portada":"0","idioma":"spa","autores-libros":[{"ID":150168,"post_author":"3","post_date":"2022-10-14 14:30:47","post_date_gmt":"2022-10-14 12:30:47","post_content":"","post_title":"ANAYA TOURING","post_excerpt":"","post_status":"publish","comment_status":"closed","ping_status":"closed","post_password":"","post_name":"anaya-touring","to_ping":"","pinged":"","post_modified":"2022-10-14 14:30:47","post_modified_gmt":"2022-10-14 12:30:47","post_content_filtered":"","post_parent":0,"guid":"http:\/\/dev.claret.cat\/autor\/anaya-touring\/","menu_order":0,"post_type":"autor","post_mime_type":"","comment_count":"0","filter":"raw"},{"ID":156299,"post_author":"3","post_date":"2022-10-14 15:19:42","post_date_gmt":"2022-10-14 13:19:42","post_content":"","post_title":"FRANCISCO SANCHEZ","post_excerpt":"","post_status":"publish","comment_status":"closed","ping_status":"closed","post_password":"","post_name":"francisco-sanchez","to_ping":"","pinged":"","post_modified":"2022-10-14 15:19:42","post_modified_gmt":"2022-10-14 13:19:42","post_content_filtered":"","post_parent":0,"guid":"http:\/\/dev.claret.cat\/autor\/francisco-sanchez\/","menu_order":0,"post_type":"autor","post_mime_type":"","comment_count":"0","filter":"raw"}]},"aioseo_notices":[],"_links":{"self":[{"href":"https:\/\/www.claret.cat\/es\/wp-json\/wp\/v2\/product\/85629","targetHints":{"allow":["GET"]}}],"collection":[{"href":"https:\/\/www.claret.cat\/es\/wp-json\/wp\/v2\/product"}],"about":[{"href":"https:\/\/www.claret.cat\/es\/wp-json\/wp\/v2\/types\/product"}],"wp:featuredmedia":[{"embeddable":true,"href":"https:\/\/www.claret.cat\/es\/wp-json\/wp\/v2\/media\/85630"}],"wp:attachment":[{"href":"https:\/\/www.claret.cat\/es\/wp-json\/wp\/v2\/media?parent=85629"}],"wp:term":[{"taxonomy":"product_brand","embeddable":true,"href":"https:\/\/www.claret.cat\/es\/wp-json\/wp\/v2\/product_brand?post=85629"},{"taxonomy":"product_cat","embeddable":true,"href":"https:\/\/www.claret.cat\/es\/wp-json\/wp\/v2\/product_cat?post=85629"},{"taxonomy":"product_tag","embeddable":true,"href":"https:\/\/www.claret.cat\/es\/wp-json\/wp\/v2\/product_tag?post=85629"}],"curies":[{"name":"wp","href":"https:\/\/api.w.org\/{rel}","templated":true}]}}