{"id":85632,"date":"2022-10-11T17:42:26","date_gmt":"2022-10-11T15:42:26","guid":{"rendered":"http:\/\/dev.claret.cat\/producte\/las-palmas-gran-canaria-lanzarote-y-fuerteventura\/"},"modified":"2025-09-17T10:32:25","modified_gmt":"2025-09-17T08:32:25","slug":"las-palmas-gran-canaria-lanzarote-y-fuerteventura-9788499356730","status":"publish","type":"product","link":"https:\/\/www.claret.cat\/es\/libro\/las-palmas-gran-canaria-lanzarote-y-fuerteventura-9788499356730\/","title":{"rendered":"LAS PALMAS: GRAN CANARIA, LANZAROTE Y FUERTEVENTURA"},"content":{"rendered":"<p>Una gu\u00eda pr\u00e1ctica y totalmente actualizada, ideal para realizar un corto viaje a las tres islas de la provincia de Las Palmas: Gran Canaria, Lanzarote y Fuerteventura.<br \/> La gu\u00eda est\u00e1 dividida en cinco apartados.<br \/> En el primero, titulado Diez Indispensables, se propone una selecci\u00f3n de los lugares, curiosidades y tradiciones de las islas que no hay que perderse: El Parque Nacional de Timanfaya, El Carnaval de Las Palmas, Los paisajes vin\u00edcolas de Lanzarote, Tras las huellas de los Guanches&#8230;<br \/> El segundo apartado incluye un breve resumen de la historia de las islas desde sus inicios hasta la actualidad.<br \/> El apartado Visita a la ciudad de Las Palmas est\u00e1 dividido en cuatro cap\u00edtulos: El barrio fundacional de Vegueta, El barrio comercial de Triana, Los jardines de Doramas y Santa Catalina y Las Canteras. En cada uno de ellos se proporciona informaci\u00f3n detallada de los lugares con mayor inter\u00e9s. Tambi\u00e9n incluye un plano de la ciudad con los monumentos m\u00e1s importantes destacados.<br \/> El siguiente apartado, Excursiones por la provincia de Las Palmas, hace un recorrido por las tres islas: Gran Canaria, Lanzarote y Fuerteventura.<br \/> Finalmente, se incluye una amplia selecci\u00f3n de restaurantes, alojamientos, direcciones de museos y monumentos, as\u00ed como una exhaustiva informaci\u00f3n pr\u00e1ctica para moverse por la zona.<br \/> Con la gu\u00eda se regala un plano desplegable de la ciudad de Las Palmas con \u00edndice de calles y un mapa de las islas.<\/p>\n","protected":false},"excerpt":{"rendered":"<p>ANAYA TOURING \/ HERN\u00c1NDEZ BUENO, MARIO \/ MART\u00cdNEZ I EDO, XAVIER<\/p>\n","protected":false},"featured_media":1053037,"template":"","meta":{"_acf_changed":false,"om_disable_all_campaigns":false,"rs_blank_template":"","rs_page_bg_color":"","slide_template_v7":"","inline_featured_image":false,"_monsterinsights_skip_tracking":false,"_monsterinsights_sitenote_active":false,"_monsterinsights_sitenote_note":"","_monsterinsights_sitenote_category":0},"product_brand":[],"product_cat":[557,107],"product_tag":[],"class_list":{"0":"post-85632","1":"product","2":"type-product","3":"status-publish","4":"has-post-thumbnail","6":"product_cat-guias-de-viaje","7":"product_cat-guies-de-viatge","9":"first","10":"outofstock","11":"taxable","12":"shipping-taxable","13":"purchasable","14":"product-type-simple"},"acf":{"editorial":[{"ID":147435,"post_author":"3","post_date":"2022-10-14 11:50:33","post_date_gmt":"2022-10-14 09:50:33","post_content":"","post_title":"Anaya Touring","post_excerpt":"","post_status":"publish","comment_status":"closed","ping_status":"closed","post_password":"","post_name":"anaya-touring","to_ping":"","pinged":"","post_modified":"2022-10-14 11:50:33","post_modified_gmt":"2022-10-14 09:50:33","post_content_filtered":"","post_parent":0,"guid":"http:\/\/dev.claret.cat\/editorial\/anaya-touring\/","menu_order":0,"post_type":"editorial","post_mime_type":"","comment_count":"0","filter":"raw"}],"autor":"ANAYA TOURING \/ HERN\u00c1NDEZ BUENO, MARIO \/ MART\u00cdNEZ I EDO, XAVIER","codart":"849935673","libros-coleccion":"Guiarama Compact - Espa\u00f1a","ediciones":"1","encuadernacion":"R\u00fastica","fecha_de_publicacion":"01\/02\/2015","novedad":"0","paginas":"127","subtitulo":"","orden":"0","portada":"0","idioma":"spa","autores-libros":[{"ID":150168,"post_author":"3","post_date":"2022-10-14 14:30:47","post_date_gmt":"2022-10-14 12:30:47","post_content":"","post_title":"ANAYA TOURING","post_excerpt":"","post_status":"publish","comment_status":"closed","ping_status":"closed","post_password":"","post_name":"anaya-touring","to_ping":"","pinged":"","post_modified":"2022-10-14 14:30:47","post_modified_gmt":"2022-10-14 12:30:47","post_content_filtered":"","post_parent":0,"guid":"http:\/\/dev.claret.cat\/autor\/anaya-touring\/","menu_order":0,"post_type":"autor","post_mime_type":"","comment_count":"0","filter":"raw"},{"ID":163978,"post_author":"3","post_date":"2022-10-14 17:43:22","post_date_gmt":"2022-10-14 15:43:22","post_content":"","post_title":"MARIO HERNANDEZ BUENO","post_excerpt":"","post_status":"publish","comment_status":"closed","ping_status":"closed","post_password":"","post_name":"mario-hernandez-bueno","to_ping":"","pinged":"","post_modified":"2022-10-14 17:43:22","post_modified_gmt":"2022-10-14 15:43:22","post_content_filtered":"","post_parent":0,"guid":"http:\/\/dev.claret.cat\/autor\/mario-hernandez-bueno\/","menu_order":0,"post_type":"autor","post_mime_type":"","comment_count":"0","filter":"raw"},{"ID":171466,"post_author":"3","post_date":"2022-10-14 22:43:37","post_date_gmt":"2022-10-14 20:43:37","post_content":"","post_title":"XAVIER MARTINEZ I EDO","post_excerpt":"","post_status":"publish","comment_status":"closed","ping_status":"closed","post_password":"","post_name":"xavier-martinez-i-edo","to_ping":"","pinged":"","post_modified":"2022-10-14 22:43:37","post_modified_gmt":"2022-10-14 20:43:37","post_content_filtered":"","post_parent":0,"guid":"http:\/\/dev.claret.cat\/autor\/xavier-martinez-i-edo\/","menu_order":0,"post_type":"autor","post_mime_type":"","comment_count":"0","filter":"raw"}],"booktrailer":"","resenas":""},"aioseo_notices":[],"_links":{"self":[{"href":"https:\/\/www.claret.cat\/es\/wp-json\/wp\/v2\/product\/85632","targetHints":{"allow":["GET"]}}],"collection":[{"href":"https:\/\/www.claret.cat\/es\/wp-json\/wp\/v2\/product"}],"about":[{"href":"https:\/\/www.claret.cat\/es\/wp-json\/wp\/v2\/types\/product"}],"wp:featuredmedia":[{"embeddable":true,"href":"https:\/\/www.claret.cat\/es\/wp-json\/wp\/v2\/media\/1053037"}],"wp:attachment":[{"href":"https:\/\/www.claret.cat\/es\/wp-json\/wp\/v2\/media?parent=85632"}],"wp:term":[{"taxonomy":"product_brand","embeddable":true,"href":"https:\/\/www.claret.cat\/es\/wp-json\/wp\/v2\/product_brand?post=85632"},{"taxonomy":"product_cat","embeddable":true,"href":"https:\/\/www.claret.cat\/es\/wp-json\/wp\/v2\/product_cat?post=85632"},{"taxonomy":"product_tag","embeddable":true,"href":"https:\/\/www.claret.cat\/es\/wp-json\/wp\/v2\/product_tag?post=85632"}],"curies":[{"name":"wp","href":"https:\/\/api.w.org\/{rel}","templated":true}]}}