{"id":85638,"date":"2022-10-11T17:42:30","date_gmt":"2022-10-11T15:42:30","guid":{"rendered":"http:\/\/dev.claret.cat\/producte\/praga\/"},"modified":"2023-01-28T12:50:04","modified_gmt":"2023-01-28T11:50:04","slug":"praga-9788491581406","status":"publish","type":"product","link":"https:\/\/www.claret.cat\/es\/libro\/praga-9788491581406\/","title":{"rendered":"PRAGA"},"content":{"rendered":"<p>Una gu\u00eda compacta que concentra lo m\u00e1s interesante de Praga junto con abundante informaci\u00f3n pr\u00e1ctica. La mejor compa\u00f1\u00eda para un viaje fugaz a este para\u00edso centroeuropeo. La informaci\u00f3n se divide en varias secciones.<br \/> Una mirada a Praga hace un breve recorrido por la historia de la ciudad, por su situaci\u00f3n econ\u00f3mica y sociopol\u00edtica actual, ofreciendo una panor\u00e1mica general.<br \/> En el apartado Diez lugares inolvidables, se propone una serie de monumentos que se consideran &#8216;imprescindibles&#8217; en la visita a la ciudad, todo ello con su correspondiente informaci\u00f3n pr\u00e1ctica.<br \/> En la secci\u00f3n Lo que hay que ver se ofrece una visi\u00f3n pormenorizada de los distintos rincones de la ciudad con informaci\u00f3n m\u00e1s extensa. Se proponen varios paseos a pie para recorrer los espacios m\u00e1s interesantes y tambi\u00e9n sobre excursiones a las afueras de la ciudad. Una sistema de clasificaci\u00f3n por estrellas eval\u00faa el inter\u00e9s de cada visita.<br \/> D\u00f3nde&#8230; es una peque\u00f1a pero \u00fatil selecci\u00f3n de establecimientos donde Comer y beber, Dormir, Comprar, Divertirse e Ir con ni\u00f1os, con toda la informaci\u00f3n que se necesita sobre \u00e9stos.<br \/> Por \u00faltimo, la secci\u00f3n Informaciones pr\u00e1cticas ofrece informaci\u00f3n de primera necesidad para preparar el viaje y moverse por la ciudad. Adem\u00e1s de un peque\u00f1o glosario de t\u00e9rminos en checo.<br \/> El car\u00e1cter pr\u00e1ctico de la gu\u00eda se ve reforzado con la cartograf\u00eda que se incluye: planos de Praga y un mapa de carreteras de los alrededores de la ciudad.<\/p>\n","protected":false},"excerpt":{"rendered":"<p>CALVO L\u00d3PEZ-GUERRERO, GABRIEL \/ TZSCHASCHEL, SABINE<\/p>\n","protected":false},"featured_media":85639,"template":"","meta":{"_acf_changed":false,"om_disable_all_campaigns":false,"rs_blank_template":"","rs_page_bg_color":"","slide_template_v7":"","inline_featured_image":false,"_monsterinsights_skip_tracking":false,"_monsterinsights_sitenote_active":false,"_monsterinsights_sitenote_note":"","_monsterinsights_sitenote_category":0},"product_brand":[],"product_cat":[16],"product_tag":[],"class_list":{"0":"post-85638","1":"product","2":"type-product","3":"status-publish","4":"has-post-thumbnail","6":"product_cat-sense-categoria","8":"first","9":"instock","10":"taxable","11":"shipping-taxable","12":"purchasable","13":"product-type-simple"},"acf":{"editorial":[{"ID":147435,"post_author":"3","post_date":"2022-10-14 11:50:33","post_date_gmt":"2022-10-14 09:50:33","post_content":"","post_title":"Anaya Touring","post_excerpt":"","post_status":"publish","comment_status":"closed","ping_status":"closed","post_password":"","post_name":"anaya-touring","to_ping":"","pinged":"","post_modified":"2022-10-14 11:50:33","post_modified_gmt":"2022-10-14 09:50:33","post_content_filtered":"","post_parent":0,"guid":"http:\/\/dev.claret.cat\/editorial\/anaya-touring\/","menu_order":0,"post_type":"editorial","post_mime_type":"","comment_count":"0","filter":"raw"}],"autor":"CALVO L\u00d3PEZ-GUERRERO, GABRIEL \/ TZSCHASCHEL, SABINE","codart":"849158140","libros-coleccion":"FORA DE COL.LECCI\u00d3","ediciones":"1","encuadernacion":"R\u00fastica","fecha_de_publicacion":"01\/06\/2019","novedad":"1","paginas":"139","subtitulo":"","orden":"0","portada":"0","idioma":"spa","autores-libros":[{"ID":168771,"post_author":"3","post_date":"2022-10-14 22:21:49","post_date_gmt":"2022-10-14 20:21:49","post_content":"","post_title":"SABINE TZSCHASCHEL","post_excerpt":"","post_status":"publish","comment_status":"closed","ping_status":"closed","post_password":"","post_name":"sabine-tzschaschel","to_ping":"","pinged":"","post_modified":"2022-10-14 22:21:49","post_modified_gmt":"2022-10-14 20:21:49","post_content_filtered":"","post_parent":0,"guid":"http:\/\/dev.claret.cat\/autor\/sabine-tzschaschel\/","menu_order":0,"post_type":"autor","post_mime_type":"","comment_count":"0","filter":"raw"},{"ID":156510,"post_author":"3","post_date":"2022-10-14 15:21:23","post_date_gmt":"2022-10-14 13:21:23","post_content":"","post_title":"GABRIEL CALVO L\u00d3PEZ-GUERRERO","post_excerpt":"","post_status":"publish","comment_status":"closed","ping_status":"closed","post_password":"","post_name":"gabriel-calvo-lopez-guerrero","to_ping":"","pinged":"","post_modified":"2022-10-14 15:21:23","post_modified_gmt":"2022-10-14 13:21:23","post_content_filtered":"","post_parent":0,"guid":"http:\/\/dev.claret.cat\/autor\/gabriel-calvo-lopez-guerrero\/","menu_order":0,"post_type":"autor","post_mime_type":"","comment_count":"0","filter":"raw"}]},"aioseo_notices":[],"_links":{"self":[{"href":"https:\/\/www.claret.cat\/es\/wp-json\/wp\/v2\/product\/85638","targetHints":{"allow":["GET"]}}],"collection":[{"href":"https:\/\/www.claret.cat\/es\/wp-json\/wp\/v2\/product"}],"about":[{"href":"https:\/\/www.claret.cat\/es\/wp-json\/wp\/v2\/types\/product"}],"wp:featuredmedia":[{"embeddable":true,"href":"https:\/\/www.claret.cat\/es\/wp-json\/wp\/v2\/media\/85639"}],"wp:attachment":[{"href":"https:\/\/www.claret.cat\/es\/wp-json\/wp\/v2\/media?parent=85638"}],"wp:term":[{"taxonomy":"product_brand","embeddable":true,"href":"https:\/\/www.claret.cat\/es\/wp-json\/wp\/v2\/product_brand?post=85638"},{"taxonomy":"product_cat","embeddable":true,"href":"https:\/\/www.claret.cat\/es\/wp-json\/wp\/v2\/product_cat?post=85638"},{"taxonomy":"product_tag","embeddable":true,"href":"https:\/\/www.claret.cat\/es\/wp-json\/wp\/v2\/product_tag?post=85638"}],"curies":[{"name":"wp","href":"https:\/\/api.w.org\/{rel}","templated":true}]}}