{"id":85641,"date":"2022-10-11T17:42:32","date_gmt":"2022-10-11T15:42:32","guid":{"rendered":"http:\/\/dev.claret.cat\/producte\/guia-de-las-vias-verdes-centro-sur-y-levante\/"},"modified":"2023-06-20T13:58:32","modified_gmt":"2023-06-20T11:58:32","slug":"guia-de-las-vias-verdes-centro-sur-y-levante-9788491583608","status":"publish","type":"product","link":"https:\/\/www.claret.cat\/es\/libro\/guia-de-las-vias-verdes-centro-sur-y-levante-9788491583608\/","title":{"rendered":"GU\u00cdA DE LAS V\u00cdAS VERDES. CENTRO, SUR Y LEVANTE"},"content":{"rendered":"<p> Gu\u00eda de las V\u00edas Verdes. Sur, centro y levante<\/p>\n<p> La gu\u00eda oficial de<br \/> las V\u00edas Verdes ofrece 35 itinerarios apasionantes por los antiguos trazados<br \/> ferroviarios del sur, centro y levante de<br \/> Espa\u00f1a.  Perfectos para los aficionados al senderismo y a la bici que<br \/> quieran adentrarse en una naturaleza ins\u00f3lita y descubrir este patrimonio<br \/> ferroviario. <\/p>\n<p> Recorridos seguros,<br \/> f\u00e1ciles y accesibles para todos, sin distinci\u00f3n de edad o condici\u00f3n f\u00edsica,<br \/> aptos para personas con discapacidad y sin tr\u00e1fico motorizado.<\/p>\n<p> Cada itinerario<br \/> incluye descripciones de la ruta y su entorno, la historia del ferrocarril,<br \/> sugerencias para alojarse y alquilar bicis, mapas de situaci\u00f3n, perfiles<br \/> altim\u00e9tricos, fotograf\u00edas y c\u00f3digos QR para ampliar la informaci\u00f3n.<\/p>\n","protected":false},"excerpt":{"rendered":"<p>FUNDACI\u00d3N DE LOS FERROCARRILES ESPA\u00d1OLES<\/p>\n","protected":false},"featured_media":85642,"template":"","meta":{"_acf_changed":false,"om_disable_all_campaigns":false,"rs_blank_template":"","rs_page_bg_color":"","slide_template_v7":"","inline_featured_image":false,"_monsterinsights_skip_tracking":false,"_monsterinsights_sitenote_active":false,"_monsterinsights_sitenote_note":"","_monsterinsights_sitenote_category":0},"product_brand":[],"product_cat":[557,107],"product_tag":[],"class_list":{"0":"post-85641","1":"product","2":"type-product","3":"status-publish","4":"has-post-thumbnail","6":"product_cat-guias-de-viaje","7":"product_cat-guies-de-viatge","9":"first","10":"instock","11":"taxable","12":"shipping-taxable","13":"purchasable","14":"product-type-simple"},"acf":{"editorial":[{"ID":147435,"post_author":"3","post_date":"2022-10-14 11:50:33","post_date_gmt":"2022-10-14 09:50:33","post_content":"","post_title":"Anaya Touring","post_excerpt":"","post_status":"publish","comment_status":"closed","ping_status":"closed","post_password":"","post_name":"anaya-touring","to_ping":"","pinged":"","post_modified":"2022-10-14 11:50:33","post_modified_gmt":"2022-10-14 09:50:33","post_content_filtered":"","post_parent":0,"guid":"http:\/\/dev.claret.cat\/editorial\/anaya-touring\/","menu_order":0,"post_type":"editorial","post_mime_type":"","comment_count":"0","filter":"raw"}],"autor":"FUNDACI\u00d3N DE LOS FERROCARRILES ESPA\u00d1OLES","codart":"849158360","libros-coleccion":"FORA DE COL.LECCI\u00d3","ediciones":"1","encuadernacion":"R\u00fastica","fecha_de_publicacion":"01\/02\/2021","novedad":"1","paginas":"326","subtitulo":"","orden":"0","portada":"0","idioma":"spa","autores-libros":[{"ID":156477,"post_author":"3","post_date":"2022-10-14 15:21:08","post_date_gmt":"2022-10-14 13:21:08","post_content":"","post_title":"FUNDACI\u00d3N DE LOS FERROCARRILES ESPA\u00d1OLES","post_excerpt":"","post_status":"publish","comment_status":"closed","ping_status":"closed","post_password":"","post_name":"fundacion-de-los-ferrocarriles-espanoles","to_ping":"","pinged":"","post_modified":"2022-10-14 15:21:08","post_modified_gmt":"2022-10-14 13:21:08","post_content_filtered":"","post_parent":0,"guid":"http:\/\/dev.claret.cat\/autor\/fundacion-de-los-ferrocarriles-espanoles\/","menu_order":0,"post_type":"autor","post_mime_type":"","comment_count":"0","filter":"raw"}]},"aioseo_notices":[],"_links":{"self":[{"href":"https:\/\/www.claret.cat\/es\/wp-json\/wp\/v2\/product\/85641","targetHints":{"allow":["GET"]}}],"collection":[{"href":"https:\/\/www.claret.cat\/es\/wp-json\/wp\/v2\/product"}],"about":[{"href":"https:\/\/www.claret.cat\/es\/wp-json\/wp\/v2\/types\/product"}],"wp:featuredmedia":[{"embeddable":true,"href":"https:\/\/www.claret.cat\/es\/wp-json\/wp\/v2\/media\/85642"}],"wp:attachment":[{"href":"https:\/\/www.claret.cat\/es\/wp-json\/wp\/v2\/media?parent=85641"}],"wp:term":[{"taxonomy":"product_brand","embeddable":true,"href":"https:\/\/www.claret.cat\/es\/wp-json\/wp\/v2\/product_brand?post=85641"},{"taxonomy":"product_cat","embeddable":true,"href":"https:\/\/www.claret.cat\/es\/wp-json\/wp\/v2\/product_cat?post=85641"},{"taxonomy":"product_tag","embeddable":true,"href":"https:\/\/www.claret.cat\/es\/wp-json\/wp\/v2\/product_tag?post=85641"}],"curies":[{"name":"wp","href":"https:\/\/api.w.org\/{rel}","templated":true}]}}