{"id":85665,"date":"2022-10-11T17:42:48","date_gmt":"2022-10-11T15:42:48","guid":{"rendered":"http:\/\/dev.claret.cat\/producte\/las-memorias-de-sherlock-holmes-2\/"},"modified":"2024-05-23T23:08:53","modified_gmt":"2024-05-23T21:08:53","slug":"las-memorias-de-sherlock-holmes-9788446043317","status":"publish","type":"product","link":"https:\/\/www.claret.cat\/es\/libro\/las-memorias-de-sherlock-holmes-9788446043317\/","title":{"rendered":"LAS MEMORIAS DE SHERLOCK HOLMES"},"content":{"rendered":"<p>Los temas de estas doce nuevas aventuras, recopiladas bajo el t\u00edtulo de La memorias de Sherlock Holmes en 1894 son variados: \u00abLa Gloria Scott\u00bb, \u00abEl jorobado\u00bb y \u00abEl paciente interno\u00bb tratan de dilucidar cr\u00edmenes ocurridos en el pasado; \u00abEl tratado naval\u00bb es una historia de espionaje; \u00abLos hacendados de Reigate\u00bb y \u00abEl int\u00e9rprete griego\u00bb nos hablan de la avaricia; o \u00abEl oficinista del corredor de bolsa\u00bb, que trata de un timo cometido por motivos inconfesables. Conan Doyle, autor de muchas otras grandes obras, ve\u00eda eclipsada el resto de su labor literaria por su gran detective, as\u00ed que tom\u00f3 una decisi\u00f3n absolutamente radical: Sherlock Holmes iba a morir, y de este modo, podr\u00eda concentrarse en el tipo de libros que de verdad prefer\u00eda escribir. Ser\u00eda en el \u00faltimo de los relatos de estas Memorias titulado \u00abEl problema final\u00bb, donde tomar\u00eda esta decisi\u00f3n de la que pronto tendr\u00eda que arrepentirse.<\/p>\n","protected":false},"excerpt":{"rendered":"<p>CONAN DOYLE, ARTHUR<\/p>\n","protected":false},"featured_media":960212,"template":"","meta":{"_acf_changed":false,"om_disable_all_campaigns":false,"rs_blank_template":"","rs_page_bg_color":"","slide_template_v7":"","inline_featured_image":false,"_monsterinsights_skip_tracking":false,"_monsterinsights_sitenote_active":false,"_monsterinsights_sitenote_note":"","_monsterinsights_sitenote_category":0},"product_brand":[],"product_cat":[354,123],"product_tag":[],"class_list":{"0":"post-85665","1":"product","2":"type-product","3":"status-publish","4":"has-post-thumbnail","6":"product_cat-clasica","7":"product_cat-classica","9":"first","10":"instock","11":"taxable","12":"shipping-taxable","13":"purchasable","14":"product-type-simple"},"acf":{"editorial":[{"ID":6115,"post_author":"3","post_date":"2022-07-28 17:45:13","post_date_gmt":"2022-07-28 15:45:13","post_content":"","post_title":"AKAL, EDICIONES S.A.","post_excerpt":"","post_status":"publish","comment_status":"closed","ping_status":"closed","post_password":"","post_name":"akal-ediciones-s-a","to_ping":"","pinged":"","post_modified":"2022-07-28 17:45:13","post_modified_gmt":"2022-07-28 15:45:13","post_content_filtered":"","post_parent":0,"guid":"http:\/\/dev.claret.cat\/editorial\/akal-ediciones-s-a\/","menu_order":0,"post_type":"editorial","post_mime_type":"","comment_count":"0","filter":"raw"}],"autor":"CONAN DOYLE, ARTHUR","codart":"844604331","libros-coleccion":"FORA DE COL.LECCI\u00d3","ediciones":"1","encuadernacion":"R\u00fastica","fecha_de_publicacion":"12\/07\/2021","novedad":"1","paginas":"304","subtitulo":"","orden":"0","portada":"0","idioma":"spa","autores-libros":[{"ID":151143,"post_author":"3","post_date":"2022-10-14 14:38:32","post_date_gmt":"2022-10-14 12:38:32","post_content":"","post_title":"ARTHUR CONAN DOYLE","post_excerpt":"","post_status":"publish","comment_status":"closed","ping_status":"closed","post_password":"","post_name":"arthur-conan-doyle-2","to_ping":"","pinged":"","post_modified":"2022-10-14 14:38:32","post_modified_gmt":"2022-10-14 12:38:32","post_content_filtered":"","post_parent":0,"guid":"http:\/\/dev.claret.cat\/autor\/arthur-conan-doyle-2\/","menu_order":0,"post_type":"autor","post_mime_type":"","comment_count":"0","filter":"raw"}]},"aioseo_notices":[],"_links":{"self":[{"href":"https:\/\/www.claret.cat\/es\/wp-json\/wp\/v2\/product\/85665","targetHints":{"allow":["GET"]}}],"collection":[{"href":"https:\/\/www.claret.cat\/es\/wp-json\/wp\/v2\/product"}],"about":[{"href":"https:\/\/www.claret.cat\/es\/wp-json\/wp\/v2\/types\/product"}],"wp:featuredmedia":[{"embeddable":true,"href":"https:\/\/www.claret.cat\/es\/wp-json\/wp\/v2\/media\/960212"}],"wp:attachment":[{"href":"https:\/\/www.claret.cat\/es\/wp-json\/wp\/v2\/media?parent=85665"}],"wp:term":[{"taxonomy":"product_brand","embeddable":true,"href":"https:\/\/www.claret.cat\/es\/wp-json\/wp\/v2\/product_brand?post=85665"},{"taxonomy":"product_cat","embeddable":true,"href":"https:\/\/www.claret.cat\/es\/wp-json\/wp\/v2\/product_cat?post=85665"},{"taxonomy":"product_tag","embeddable":true,"href":"https:\/\/www.claret.cat\/es\/wp-json\/wp\/v2\/product_tag?post=85665"}],"curies":[{"name":"wp","href":"https:\/\/api.w.org\/{rel}","templated":true}]}}