{"id":85699,"date":"2022-10-11T17:43:13","date_gmt":"2022-10-11T15:43:13","guid":{"rendered":"http:\/\/dev.claret.cat\/producte\/la-narracion-de-arthur-gordon-pyn\/"},"modified":"2024-05-23T22:26:08","modified_gmt":"2024-05-23T20:26:08","slug":"la-narracion-de-arthur-gordon-pyn-9788446050827","status":"publish","type":"product","link":"https:\/\/www.claret.cat\/es\/libro\/la-narracion-de-arthur-gordon-pyn-9788446050827\/","title":{"rendered":"LA NARRACI\u00d3N DE ARTHUR GORDON PYN"},"content":{"rendered":"<p>La narraci\u00f3n de Arthur Gordon Pym es la primera y \u00fanica novela de Edgar Allan Poe, quien, acuciado por la necesidad, confiaba en que una narraci\u00f3n de aventuras fuera bien recibida por los lectores. Es la narraci\u00f3n sobre el viaje de dos j\u00f3venes a bordo de un ballenero que se pierde en las tinieblas de los oc\u00e9anos y que cae en manos de un sector de la tripulaci\u00f3n en un mot\u00edn sangriento. Uno de los j\u00f3venes es el hijo del depuesto capit\u00e1n (Augustus) y el otro es el narrador en primera persona y que va en la nave de poliz\u00f3n, escondido en la cala del barco.  A pesar de que esta obra ha recibido una valoraci\u00f3n literaria muy diversa, ejerci\u00f3 m\u00e1s influencia de la que cabr\u00eda esperar, por ejemplo en el Moby Dick de Herman Melville o en algunas obras de Julio Verne, Charles Baudelaire o H. P. Lovecraft, y es motivo de inter\u00e9s creciente para una nueva generaci\u00f3n de lectores, que ve en ella el ambiente de aventura y misterio caracter\u00edstico de los relatos breves de Poe, fruto del esp\u00edritu visionario, atormentado y fant\u00e1stico de este autor.<\/p>\n","protected":false},"excerpt":{"rendered":"<p>ALLAN POE, EDGAR<\/p>\n","protected":false},"featured_media":348778,"template":"","meta":{"_acf_changed":false,"om_disable_all_campaigns":false,"rs_blank_template":"","rs_page_bg_color":"","slide_template_v7":"","inline_featured_image":false,"_monsterinsights_skip_tracking":false,"_monsterinsights_sitenote_active":false,"_monsterinsights_sitenote_note":"","_monsterinsights_sitenote_category":0},"product_brand":[],"product_cat":[354,123],"product_tag":[],"class_list":{"0":"post-85699","1":"product","2":"type-product","3":"status-publish","4":"has-post-thumbnail","6":"product_cat-clasica","7":"product_cat-classica","9":"first","10":"instock","11":"taxable","12":"shipping-taxable","13":"purchasable","14":"product-type-simple"},"acf":{"editorial":[{"ID":6115,"post_author":"3","post_date":"2022-07-28 17:45:13","post_date_gmt":"2022-07-28 15:45:13","post_content":"","post_title":"AKAL, EDICIONES S.A.","post_excerpt":"","post_status":"publish","comment_status":"closed","ping_status":"closed","post_password":"","post_name":"akal-ediciones-s-a","to_ping":"","pinged":"","post_modified":"2022-07-28 17:45:13","post_modified_gmt":"2022-07-28 15:45:13","post_content_filtered":"","post_parent":0,"guid":"http:\/\/dev.claret.cat\/editorial\/akal-ediciones-s-a\/","menu_order":0,"post_type":"editorial","post_mime_type":"","comment_count":"0","filter":"raw"}],"autor":"ALLAN POE, EDGAR","codart":"844605082","libros-coleccion":"Akal Cl\u00e1sicos de la Literatura","ediciones":"1","encuadernacion":"R\u00fastica","fecha_de_publicacion":"09\/07\/2021","novedad":"1","paginas":"609","subtitulo":"","orden":"0","portada":"0","idioma":"spa","autores-libros":[{"ID":154483,"post_author":"3","post_date":"2022-10-14 15:05:10","post_date_gmt":"2022-10-14 13:05:10","post_content":"","post_title":"EDGAR ALLAN POE","post_excerpt":"","post_status":"publish","comment_status":"closed","ping_status":"closed","post_password":"","post_name":"edgar-allan-poe","to_ping":"","pinged":"","post_modified":"2022-10-14 15:05:10","post_modified_gmt":"2022-10-14 13:05:10","post_content_filtered":"","post_parent":0,"guid":"http:\/\/dev.claret.cat\/autor\/edgar-allan-poe\/","menu_order":0,"post_type":"autor","post_mime_type":"","comment_count":"0","filter":"raw"}]},"aioseo_notices":[],"_links":{"self":[{"href":"https:\/\/www.claret.cat\/es\/wp-json\/wp\/v2\/product\/85699","targetHints":{"allow":["GET"]}}],"collection":[{"href":"https:\/\/www.claret.cat\/es\/wp-json\/wp\/v2\/product"}],"about":[{"href":"https:\/\/www.claret.cat\/es\/wp-json\/wp\/v2\/types\/product"}],"wp:featuredmedia":[{"embeddable":true,"href":"https:\/\/www.claret.cat\/es\/wp-json\/wp\/v2\/media\/348778"}],"wp:attachment":[{"href":"https:\/\/www.claret.cat\/es\/wp-json\/wp\/v2\/media?parent=85699"}],"wp:term":[{"taxonomy":"product_brand","embeddable":true,"href":"https:\/\/www.claret.cat\/es\/wp-json\/wp\/v2\/product_brand?post=85699"},{"taxonomy":"product_cat","embeddable":true,"href":"https:\/\/www.claret.cat\/es\/wp-json\/wp\/v2\/product_cat?post=85699"},{"taxonomy":"product_tag","embeddable":true,"href":"https:\/\/www.claret.cat\/es\/wp-json\/wp\/v2\/product_tag?post=85699"}],"curies":[{"name":"wp","href":"https:\/\/api.w.org\/{rel}","templated":true}]}}