{"id":85726,"date":"2022-10-11T17:43:33","date_gmt":"2022-10-11T15:43:33","guid":{"rendered":"http:\/\/dev.claret.cat\/producte\/martina-con-vistas-al-mar-campana-verano-edicion-limitada-a-precio-especial\/"},"modified":"2023-01-28T10:40:35","modified_gmt":"2023-01-28T09:40:35","slug":"martina-con-vistas-al-mar-campana-verano-edicion-limitada-a-precio-especial-9788466357524","status":"publish","type":"product","link":"https:\/\/www.claret.cat\/es\/libro\/martina-con-vistas-al-mar-campana-verano-edicion-limitada-a-precio-especial-9788466357524\/","title":{"rendered":"MARTINA CON VISTAS AL MAR (CAMPA\u00d1A VERANO -EDICI\u00d3N LIMITADA A PRECIO ESPECIAL) ("},"content":{"rendered":"<p>Primera parte de la bilog\u00eda \u00abHorizonte Martina\u00bb de @BetaCoqueta, una  mezcla de cocina, pasi\u00f3n, sexo y carcajadas, una novela llena de  sorpresas que te har\u00e1 vivir momentos \u00fanicos y que te conquistar\u00e1 para siempre. Placer para los sentidos Si te llamas Martina, llevas siempre la melena recogida, eres absolutamente cerebral&#8230;<br \/>Si te has formado para ser chef y perteneces al equipo de El Mar&#8230;<br \/>Si has sentido un chispazo al conocer a tu jefe, Pablo Ruiz, exc\u00e9ntrico  cocinero con estrella&#8230;<br \/>Si no soportas su indumentaria h\u00edpster, pero te ir\u00edas a cualquier parte si \u00e9l te lo pidiera&#8230;<br \/>Eres sin dudarlo la protagonista de esta historia&#8230;<br \/>Y tu vida, tan ordenada, est\u00e1 a punto de cambiar. El\u00edsabet Benavent, la autora de las sagas \u00abSaga Valeria\u00bb, \u00abSaga Silvia\u00bb, de la trilog\u00eda \u00abMi elecci\u00f3n\u00bb, y de  la novela Mi isla, que ha vendido m\u00e1s de 3.000.000 ejemplares,  presenta en \u00abHorizonte Martina\u00bb una historia de amor irrefrenable, s\u00fabita, aut\u00e9ntica, un binomio el\u00e9ctrico, una combinaci\u00f3n explosiva que demuestra que en cuesti\u00f3n de amor no se puede negar la evidencia y que no depende de nosotros a qui\u00e9n amar. Original, arriesgada, arrebatadora, desternillante, h\u00edpster, macarra, sexy, 100% @BetaCoqueta, Martina con vistas al mar te enloquecer\u00e1. La cr\u00edtica ha dicho&#8230;<br \/>\u00abUna mezcla de cocina, sexo, pasi\u00f3n y buena dosis de risas.\u00bb<br \/>Cuore \u00abUna mezcla de cocina, pasi\u00f3n, sexo y carcajadas. Vamos, 100% BetaCoqueta.\u00bb<br \/>In Touch Y las lectoras opinan sobre sus novelas anteriores&#8230;<br \/>\u00ab\u00a1Hola, El\u00edsabet! Solo quer\u00eda decirte que me va a explotar el cuerpo de  la pena por haber terminado tus novelas. Eres maravillosamente buena escribiendo, gracias por tus historias y espero poder seguir so\u00f1ando con libros como los tuyos.\u00bb \u00abMe has encantado como escritora. He devorado las dos novelas de Silvia  y los cuatro libros de Valeria, me gustan tanto tus libros que muero de ganas por leer m\u00e1s. Se les he recomendado a todas mis amigas y est\u00e1n igual de enamoradas de tus libros que yo.\u00bb \u00abFelicidades por tu trabajo y por todo lo que nos haces sentir.\u00bb \u00abPuedes escribir una enciclopedia de mil tomos que tendr\u00edas \u00e9xito  seguro. Nena, con voz modo V\u00edctor, t\u00fa has nacido para esto. \u00a1Nos tienes enganchadas!\u00bb \u00abQu\u00e9 ganas de tener tu nuevo trabajo entre las manos.\u00bb \u00abQu\u00e9 ganas de leer tu pr\u00f3ximo libro. Es raro no tener de momento m\u00e1s  historias tuyas antes de irme a la cama. Un beso, Coqueta.\u00bb<\/p>\n","protected":false},"excerpt":{"rendered":"<p>BENAVENT, EL\u00cdSABET<\/p>\n","protected":false},"featured_media":85727,"template":"","meta":{"_acf_changed":false,"om_disable_all_campaigns":false,"rs_blank_template":"","rs_page_bg_color":"","slide_template_v7":"","inline_featured_image":false,"_monsterinsights_skip_tracking":false,"_monsterinsights_sitenote_active":false,"_monsterinsights_sitenote_note":"","_monsterinsights_sitenote_category":0},"product_brand":[],"product_cat":[127],"product_tag":[],"class_list":{"0":"post-85726","1":"product","2":"type-product","3":"status-publish","4":"has-post-thumbnail","6":"product_cat-novella-contemporania","8":"first","9":"instock","10":"taxable","11":"shipping-taxable","12":"purchasable","13":"product-type-simple"},"acf":{"editorial":[{"ID":6178,"post_author":"3","post_date":"2022-07-28 17:46:34","post_date_gmt":"2022-07-28 15:46:34","post_content":"","post_title":"DEBOLSILLO","post_excerpt":"","post_status":"publish","comment_status":"closed","ping_status":"closed","post_password":"","post_name":"debolsillo","to_ping":"","pinged":"","post_modified":"2022-07-28 17:46:34","post_modified_gmt":"2022-07-28 15:46:34","post_content_filtered":"","post_parent":0,"guid":"http:\/\/dev.claret.cat\/editorial\/debolsillo\/","menu_order":0,"post_type":"editorial","post_mime_type":"","comment_count":"0","filter":"raw"}],"autores-libros":[{"ID":5437,"post_author":"3","post_date":"2022-07-28 17:23:56","post_date_gmt":"2022-07-28 15:23:56","post_content":"","post_title":"EL\u00cdSABET BENAVENT","post_excerpt":"","post_status":"publish","comment_status":"closed","ping_status":"closed","post_password":"","post_name":"elisabet-benavent","to_ping":"","pinged":"","post_modified":"2022-07-28 17:23:56","post_modified_gmt":"2022-07-28 15:23:56","post_content_filtered":"","post_parent":0,"guid":"http:\/\/dev.claret.cat\/autor\/elisabet-benavent\/","menu_order":0,"post_type":"autor","post_mime_type":"","comment_count":"0","filter":"raw"}],"autor":"BENAVENT, EL\u00cdSABET","codart":"846635752","libros-coleccion":"FORA DE COL.LECCI\u00d3","ediciones":"1","encuadernacion":"R\u00fastica","fecha_de_publicacion":"01\/06\/2021","novedad":"1","paginas":"672","subtitulo":"","orden":"0","portada":"0","idioma":"spa"},"aioseo_notices":[],"_links":{"self":[{"href":"https:\/\/www.claret.cat\/es\/wp-json\/wp\/v2\/product\/85726","targetHints":{"allow":["GET"]}}],"collection":[{"href":"https:\/\/www.claret.cat\/es\/wp-json\/wp\/v2\/product"}],"about":[{"href":"https:\/\/www.claret.cat\/es\/wp-json\/wp\/v2\/types\/product"}],"wp:featuredmedia":[{"embeddable":true,"href":"https:\/\/www.claret.cat\/es\/wp-json\/wp\/v2\/media\/85727"}],"wp:attachment":[{"href":"https:\/\/www.claret.cat\/es\/wp-json\/wp\/v2\/media?parent=85726"}],"wp:term":[{"taxonomy":"product_brand","embeddable":true,"href":"https:\/\/www.claret.cat\/es\/wp-json\/wp\/v2\/product_brand?post=85726"},{"taxonomy":"product_cat","embeddable":true,"href":"https:\/\/www.claret.cat\/es\/wp-json\/wp\/v2\/product_cat?post=85726"},{"taxonomy":"product_tag","embeddable":true,"href":"https:\/\/www.claret.cat\/es\/wp-json\/wp\/v2\/product_tag?post=85726"}],"curies":[{"name":"wp","href":"https:\/\/api.w.org\/{rel}","templated":true}]}}