{"id":85735,"date":"2022-10-11T17:43:40","date_gmt":"2022-10-11T15:43:40","guid":{"rendered":"http:\/\/dev.claret.cat\/producte\/las-ocho-montanas\/"},"modified":"2025-03-17T13:39:18","modified_gmt":"2025-03-17T12:39:18","slug":"las-ocho-montanas-9788466353403","status":"publish","type":"product","link":"https:\/\/www.claret.cat\/es\/libro\/las-ocho-montanas-9788466353403\/","title":{"rendered":"LAS OCHO MONTA\u00d1AS"},"content":{"rendered":"<p>Con un lenguaje puro y po\u00e9tico, Paolo Cognetti traza un viaje vital,  \u00edntimo y universal, en una novela magn\u00e9tica y poderosa que explora lo  robusto y lo gran\u00edtico de las relaciones entre amigos, padres e hijos. \u00abSea lo que sea el destino, habita en las monta\u00f1as que tenemos sobre nuestras cabezas.\u00bb Pietro es un chico de ciudad, solitario y un poco hosco, que veranea en  los Alpes italianos. Bruno es hijo de un alba\u00f1il de la zona, alguien que solo conoce los montes y que pastorea las vacas de su t\u00edo. Tienen apenas once a\u00f1os y un mundo entero les separa. Pero,   verano tras verano, forjan una profunda amistad mientras Bruno inicia a  Pietro en los secretos de la monta\u00f1a. Juntos exploran y descubren casas abandonadas, glaciares y escarpados senderos hasta que, con los a\u00f1os, sus caminos toman rumbos distintos. Esa misma naturaleza salvaje es la pasi\u00f3n que mueve al padre de Pietro,  un hombre envuelto en la melancol\u00eda de una Mil\u00e1n gris que solo puede abandonar durante los veranos. La monta\u00f1a se convierte entonces en el mejor lenguaje para comunicarse con su hijo, un legado que solo el tiempo conseguir\u00e1 poner en valor. Galardonada con los premios Strega en Italia y M\u00e9dicis como mejor novela extranjera en Francia, Las ocho monta\u00f1as es un fen\u00f3meno literario europeo destinado a convertirse en un cl\u00e1sico sobre la b\u00fasqueda constante   de nuestra identidad. Rese\u00f1as:<br \/>\u00ab\u00bfPodr\u00eda ser Cognetti la nueva Elena Ferrante?\u00bb<br \/>Annie Proulx \u00abCon el aliento de un cl\u00e1sico, un meteorito llegado de otro tiempo.\u00bb<br \/>La Repubblica \u00abUna obra maestra. No sorprende que se le mencione junto a Ernest Hemingway, Jack London y Mark Twain.\u00bb<br \/>Die Zeit \u00abTodo parece f\u00e1cil, con esa manera tan humilde que tiene de enfrentarse  a las grandes cuestiones con t\u00e9rminos aparentemente sencillos, pero que  se vuelven desconcertantes por su claridad. [&#8230;] Al leer aCognetti, su  escritura evoca a los autores americanos. Aun RaymondCarver, por ejemplo.\u00bb<br \/>Le Monde \u00abUna joya. Excavando en el silencio, hace que la paternidad y la amistad masculina sean abiertas y salvajes a la vez.\u00bb<br \/>La Stampa \u00abPaolo Cognetti es un verdadero escritor, sabe lo que quiere y lo que hace.\u00bb<br \/>Internazionale \u00abPaologo Cognetti, el monje guerrero menor de 40 de la ficci\u00f3n italiana.\u00bb<br \/>Tuttolibri &#8211; La Stampa \u00abUna pluma sobria y elegante y precisa. Traza un surco literario que te provoca el deseo de seguir.\u00bb<br \/>La Vie \u00abPaolo Cognetti es un verdadero escritor, sabe lo que quiere y lo que hace.\u00bb<br \/>Internazionale \u00abCognetti puede competir con los grandes escritores de cuentos  norteamericanos por su intensidad emocional y por la pureza de su prosa.\u00bb<br \/>Linus \u00abPaolo Cognetti, sin que lo parezca, con las manos metidas en el barro,  vuelve a darnos todo su aliento al servicio del arte novelesco.\u00bb<br \/>Elle \u00abCon el aliento de un cl\u00e1sico, un meteorito ca\u00eddo de otro tiempo.\u00bb<br \/>La Repubblica<\/p>\n","protected":false},"excerpt":{"rendered":"<p>COGNETTI, PAOLO<\/p>\n","protected":false},"featured_media":387521,"template":"","meta":{"_acf_changed":false,"om_disable_all_campaigns":false,"rs_blank_template":"","rs_page_bg_color":"","slide_template_v7":"","inline_featured_image":false,"_monsterinsights_skip_tracking":false,"_monsterinsights_sitenote_active":false,"_monsterinsights_sitenote_note":"","_monsterinsights_sitenote_category":0},"product_brand":[],"product_cat":[127,357],"product_tag":[],"class_list":{"0":"post-85735","1":"product","2":"type-product","3":"status-publish","4":"has-post-thumbnail","6":"product_cat-novella-contemporania","7":"product_cat-novela-contemporanea","9":"first","10":"instock","11":"taxable","12":"shipping-taxable","13":"purchasable","14":"product-type-simple"},"acf":{"editorial":[{"ID":6178,"post_author":"3","post_date":"2022-07-28 17:46:34","post_date_gmt":"2022-07-28 15:46:34","post_content":"","post_title":"DEBOLSILLO","post_excerpt":"","post_status":"publish","comment_status":"closed","ping_status":"closed","post_password":"","post_name":"debolsillo","to_ping":"","pinged":"","post_modified":"2022-07-28 17:46:34","post_modified_gmt":"2022-07-28 15:46:34","post_content_filtered":"","post_parent":0,"guid":"http:\/\/dev.claret.cat\/editorial\/debolsillo\/","menu_order":0,"post_type":"editorial","post_mime_type":"","comment_count":"0","filter":"raw"}],"autor":"COGNETTI, PAOLO","codart":"846635340","libros-coleccion":"Bestseller","ediciones":"1","encuadernacion":"R\u00fastica","fecha_de_publicacion":"01\/07\/2021","novedad":"1","paginas":"240","subtitulo":"","orden":"0","portada":"0","idioma":"spa","autores-libros":[{"ID":166546,"post_author":"3","post_date":"2022-10-14 18:04:08","post_date_gmt":"2022-10-14 16:04:08","post_content":"","post_title":"PAOLO  COGNETTI","post_excerpt":"","post_status":"publish","comment_status":"closed","ping_status":"closed","post_password":"","post_name":"paolo-cognetti","to_ping":"","pinged":"","post_modified":"2022-10-14 18:04:08","post_modified_gmt":"2022-10-14 16:04:08","post_content_filtered":"","post_parent":0,"guid":"http:\/\/dev.claret.cat\/autor\/paolo-cognetti\/","menu_order":0,"post_type":"autor","post_mime_type":"","comment_count":"0","filter":"raw"}]},"aioseo_notices":[],"_links":{"self":[{"href":"https:\/\/www.claret.cat\/es\/wp-json\/wp\/v2\/product\/85735","targetHints":{"allow":["GET"]}}],"collection":[{"href":"https:\/\/www.claret.cat\/es\/wp-json\/wp\/v2\/product"}],"about":[{"href":"https:\/\/www.claret.cat\/es\/wp-json\/wp\/v2\/types\/product"}],"wp:featuredmedia":[{"embeddable":true,"href":"https:\/\/www.claret.cat\/es\/wp-json\/wp\/v2\/media\/387521"}],"wp:attachment":[{"href":"https:\/\/www.claret.cat\/es\/wp-json\/wp\/v2\/media?parent=85735"}],"wp:term":[{"taxonomy":"product_brand","embeddable":true,"href":"https:\/\/www.claret.cat\/es\/wp-json\/wp\/v2\/product_brand?post=85735"},{"taxonomy":"product_cat","embeddable":true,"href":"https:\/\/www.claret.cat\/es\/wp-json\/wp\/v2\/product_cat?post=85735"},{"taxonomy":"product_tag","embeddable":true,"href":"https:\/\/www.claret.cat\/es\/wp-json\/wp\/v2\/product_tag?post=85735"}],"curies":[{"name":"wp","href":"https:\/\/api.w.org\/{rel}","templated":true}]}}