{"id":85780,"date":"2022-10-11T17:44:12","date_gmt":"2022-10-11T15:44:12","guid":{"rendered":"http:\/\/dev.claret.cat\/producte\/sanotes-sanitos\/"},"modified":"2024-01-02T17:00:18","modified_gmt":"2024-01-02T16:00:18","slug":"sanotes-sanitos-9788418054402","status":"publish","type":"product","link":"https:\/\/www.claret.cat\/es\/libro\/sanotes-sanitos-9788418054402\/","title":{"rendered":"SANOTES, SANITOS"},"content":{"rendered":"<p>La nutricionista Blanca Garc\u00eda-Orea Haro, autora del \u00e9xito Dime qu\u00e9 comes y te dir\u00e9 qu\u00e9 bacterias tienes, nos presenta su primer cuento infantil, una herramienta indispensable para  trabajar h\u00e1bitos alimentarios saludables desde bien peque\u00f1os. \u00bfQu\u00e9 debo hacer para que mis bichitos est\u00e9n sanotes, sanitos? A Valentina le duele mucho la tripa. Para ayudarla a descubrir por qu\u00e9,  su madre le cuenta que en su cuerpo hay bichitos buenos y malos, y que  cuando come dulces o fritos, los malos montan un fest\u00edn dentro de su barriga. As\u00ed, Valentina, junto a sus nuevos amigos los bichitos, se embarca en el  gran viaje de la digesti\u00f3n para entender c\u00f3mo funciona su cuerpo, qu\u00e9  les pasa a los alimentos que comemos y por qu\u00e9 las cacas son importantes. A los ni\u00f1os y ni\u00f1as les encantar\u00e1 este libro porque: &#8211; Se divertir\u00e1n junto a Valentina descubriendo curiosidades sobre el cuerpo humano. &#8211; Entender\u00e1n c\u00f3mo tienen que alimentarse para que sus bichitos est\u00e9n sanotes sanitos. &#8211; \u00a1Se sumergir\u00e1n en el apasionante viaje del proceso digestivo! A las mam\u00e1s y pap\u00e1s les ser\u00e1 de gran utilidad para: &#8211; Trabajar h\u00e1bitos alimentarios saludables con sus hijos. &#8211; Descubrir una forma revolucionaria de alcanzar el bienestar emocional y f\u00edsico. &#8211; Entender c\u00f3mo funciona el intestino, nuestro segundo cerebro.<\/p>\n","protected":false},"excerpt":{"rendered":"<p>GARC\u00cdA-OREA HARO (@BLANCANUTRI), BLANCA<\/p>\n","protected":false},"featured_media":946398,"template":"","meta":{"_acf_changed":false,"om_disable_all_campaigns":false,"rs_blank_template":"","rs_page_bg_color":"","slide_template_v7":"","inline_featured_image":false,"_monsterinsights_skip_tracking":false,"_monsterinsights_sitenote_active":false,"_monsterinsights_sitenote_note":"","_monsterinsights_sitenote_category":0},"product_brand":[],"product_cat":[132,362],"product_tag":[],"class_list":{"0":"post-85780","1":"product","2":"type-product","3":"status-publish","4":"has-post-thumbnail","6":"product_cat-lectures-per-preadolescents-6-12-anys","7":"product_cat-libros-preadolescentes-6-12-anos","9":"first","10":"instock","11":"taxable","12":"shipping-taxable","13":"purchasable","14":"product-type-simple"},"acf":{"editorial":[{"ID":6136,"post_author":"3","post_date":"2022-07-28 17:45:39","post_date_gmt":"2022-07-28 15:45:39","post_content":"","post_title":"B de Blok (Ediciones B)","post_excerpt":"","post_status":"publish","comment_status":"closed","ping_status":"closed","post_password":"","post_name":"b-de-blok-ediciones-b","to_ping":"","pinged":"","post_modified":"2022-07-28 17:45:39","post_modified_gmt":"2022-07-28 15:45:39","post_content_filtered":"","post_parent":0,"guid":"http:\/\/dev.claret.cat\/editorial\/b-de-blok-ediciones-b\/","menu_order":0,"post_type":"editorial","post_mime_type":"","comment_count":"0","filter":"raw"}],"autores-libros":[{"ID":5302,"post_author":"3","post_date":"2022-07-28 17:21:06","post_date_gmt":"2022-07-28 15:21:06","post_content":"","post_title":"BLANCA GARC\u00cdA-OREA HARO (@BLANCANUTRI)","post_excerpt":"","post_status":"publish","comment_status":"closed","ping_status":"closed","post_password":"","post_name":"blanca-garcia-orea-haro-blancanutri","to_ping":"","pinged":"","post_modified":"2022-07-28 17:21:06","post_modified_gmt":"2022-07-28 15:21:06","post_content_filtered":"","post_parent":0,"guid":"http:\/\/dev.claret.cat\/autor\/blanca-garcia-orea-haro-blancanutri\/","menu_order":0,"post_type":"autor","post_mime_type":"","comment_count":"0","filter":"raw"}],"autor":"GARC\u00cdA-OREA HARO (@BLANCANUTRI), BLANCA","codart":"841805440","libros-coleccion":"","ediciones":"1","encuadernacion":"Carton\u00e9","fecha_de_publicacion":"01\/06\/2021","novedad":"1","paginas":"64","subtitulo":"UN CUENTO PARA COMER SANO, ELIMINAR LAS BACTERIAS MALAS Y HACER CACAS BUENAS","orden":"0","portada":"0","idioma":"spa"},"aioseo_notices":[],"_links":{"self":[{"href":"https:\/\/www.claret.cat\/es\/wp-json\/wp\/v2\/product\/85780","targetHints":{"allow":["GET"]}}],"collection":[{"href":"https:\/\/www.claret.cat\/es\/wp-json\/wp\/v2\/product"}],"about":[{"href":"https:\/\/www.claret.cat\/es\/wp-json\/wp\/v2\/types\/product"}],"wp:featuredmedia":[{"embeddable":true,"href":"https:\/\/www.claret.cat\/es\/wp-json\/wp\/v2\/media\/946398"}],"wp:attachment":[{"href":"https:\/\/www.claret.cat\/es\/wp-json\/wp\/v2\/media?parent=85780"}],"wp:term":[{"taxonomy":"product_brand","embeddable":true,"href":"https:\/\/www.claret.cat\/es\/wp-json\/wp\/v2\/product_brand?post=85780"},{"taxonomy":"product_cat","embeddable":true,"href":"https:\/\/www.claret.cat\/es\/wp-json\/wp\/v2\/product_cat?post=85780"},{"taxonomy":"product_tag","embeddable":true,"href":"https:\/\/www.claret.cat\/es\/wp-json\/wp\/v2\/product_tag?post=85780"}],"curies":[{"name":"wp","href":"https:\/\/api.w.org\/{rel}","templated":true}]}}