{"id":85786,"date":"2022-10-11T17:44:17","date_gmt":"2022-10-11T15:44:17","guid":{"rendered":"http:\/\/dev.claret.cat\/producte\/aprendo-a-leer-con-elmer-nivel-1-aprendo-con-elmer\/"},"modified":"2025-09-22T10:16:13","modified_gmt":"2025-09-22T08:16:13","slug":"aprendo-a-leer-con-elmer-nivel-1-aprendo-con-elmer-9788448857790","status":"publish","type":"product","link":"https:\/\/www.claret.cat\/es\/libro\/aprendo-a-leer-con-elmer-nivel-1-aprendo-con-elmer-9788448857790\/","title":{"rendered":"APRENDO A LEER CON ELMER. NIVEL 1 (APRENDO CON ELMER)"},"content":{"rendered":"<p>Aprende a leer con Elmer, el elefante multicolor favorito de los m\u00e1s peque\u00f1os.  -Nivel 1- Los ni\u00f1os y ni\u00f1as aprender\u00e1n a leer mientras disfrutan con esta historia de Elmer titulada \u00abElmer y el osito perdido\u00bb: Beb\u00e9 Elefante est\u00e1  triste porque ha perdido su osito y no puede dormir. Elmer le dice que  no sepreocupe y le deja su osito. Al d\u00eda siguiente, Elmer sale en busca del osito perdido. \u00abAprendo a leer con Elmer\u00bb es un m\u00e9todo de lectura pedag\u00f3gico que  invita a ni\u00f1os y ni\u00f1as a acercarse a la lectura de manera tranquila y  sosegada. Graduada en 2 niveles que van aumentando en complejidad, esta  colecci\u00f3n propone t\u00e9cnicas de aprendizaje y actividades y plantea un  sistema de lectura que se hace m\u00e1s complejo a medida que el nivel  aumenta. Las lecturas se basan en conocidas aventuras de Elmer, con las  cuales los lectores experimentar\u00e1n paso a paso el proceso de aprender a  leer, descubrir\u00e1n el placer por la lectura y aprender\u00e1n que todos somos tan especiales y \u00fanicos como ELMER. Aprendo a leer con ELMER &#8211; Nivel 1:<br \/>&#8211; Descubre las vocales y algunas consonantes.<br \/>&#8211; Combina letras y s\u00edlabas. &#8211; Lee palabras sin soporte visual. &#8211; Adquiere nuevo vocabulario. Aprendo a leer con ELMER &#8211; Nivel 2:<br \/>&#8211; Repasa las vocales y aprende consonantes complejas<br \/>&#8211; Identifica s\u00edlabas en palabras largas. &#8211; Forma y lee frases largas. &#8211; Adquiere nuevo vocabulario.<\/p>\n","protected":false},"excerpt":{"rendered":"<p>MCKEE, DAVID<\/p>\n","protected":false},"featured_media":1054260,"template":"","meta":{"_acf_changed":false,"om_disable_all_campaigns":false,"rs_blank_template":"","rs_page_bg_color":"","slide_template_v7":"","inline_featured_image":false,"_monsterinsights_skip_tracking":false,"_monsterinsights_sitenote_active":false,"_monsterinsights_sitenote_note":"","_monsterinsights_sitenote_category":0},"product_brand":[],"product_cat":[579,146],"product_tag":[],"class_list":{"0":"post-85786","1":"product","2":"type-product","3":"status-publish","4":"has-post-thumbnail","6":"product_cat-cuadernos-de-trabajo","7":"product_cat-quaderns-de-treball","9":"first","10":"outofstock","11":"taxable","12":"shipping-taxable","13":"purchasable","14":"product-type-simple"},"acf":{"editorial":[{"ID":6141,"post_author":"3","post_date":"2022-07-28 17:45:46","post_date_gmt":"2022-07-28 15:45:46","post_content":"","post_title":"BEASCOA","post_excerpt":"","post_status":"publish","comment_status":"closed","ping_status":"closed","post_password":"","post_name":"beascoa","to_ping":"","pinged":"","post_modified":"2022-07-28 17:45:46","post_modified_gmt":"2022-07-28 15:45:46","post_content_filtered":"","post_parent":0,"guid":"http:\/\/dev.claret.cat\/editorial\/beascoa\/","menu_order":0,"post_type":"editorial","post_mime_type":"","comment_count":"0","filter":"raw"}],"autor":"MCKEE, DAVID","codart":"844885779","libros-coleccion":"FORA DE COL.LECCI\u00d3","ediciones":"1","encuadernacion":"R\u00fastica","fecha_de_publicacion":"01\/06\/2021","novedad":"0","paginas":"48","subtitulo":"","orden":"0","portada":"0","idioma":"spa","autores-libros":[{"ID":153891,"post_author":"3","post_date":"2022-10-14 15:00:22","post_date_gmt":"2022-10-14 13:00:22","post_content":"","post_title":"DAVID MCKEE","post_excerpt":"","post_status":"publish","comment_status":"closed","ping_status":"closed","post_password":"","post_name":"david-mckee","to_ping":"","pinged":"","post_modified":"2022-10-14 15:00:22","post_modified_gmt":"2022-10-14 13:00:22","post_content_filtered":"","post_parent":0,"guid":"http:\/\/dev.claret.cat\/autor\/david-mckee\/","menu_order":0,"post_type":"autor","post_mime_type":"","comment_count":"0","filter":"raw"}],"booktrailer":"","resenas":""},"aioseo_notices":[],"_links":{"self":[{"href":"https:\/\/www.claret.cat\/es\/wp-json\/wp\/v2\/product\/85786","targetHints":{"allow":["GET"]}}],"collection":[{"href":"https:\/\/www.claret.cat\/es\/wp-json\/wp\/v2\/product"}],"about":[{"href":"https:\/\/www.claret.cat\/es\/wp-json\/wp\/v2\/types\/product"}],"wp:featuredmedia":[{"embeddable":true,"href":"https:\/\/www.claret.cat\/es\/wp-json\/wp\/v2\/media\/1054260"}],"wp:attachment":[{"href":"https:\/\/www.claret.cat\/es\/wp-json\/wp\/v2\/media?parent=85786"}],"wp:term":[{"taxonomy":"product_brand","embeddable":true,"href":"https:\/\/www.claret.cat\/es\/wp-json\/wp\/v2\/product_brand?post=85786"},{"taxonomy":"product_cat","embeddable":true,"href":"https:\/\/www.claret.cat\/es\/wp-json\/wp\/v2\/product_cat?post=85786"},{"taxonomy":"product_tag","embeddable":true,"href":"https:\/\/www.claret.cat\/es\/wp-json\/wp\/v2\/product_tag?post=85786"}],"curies":[{"name":"wp","href":"https:\/\/api.w.org\/{rel}","templated":true}]}}