{"id":85825,"date":"2022-10-11T17:44:47","date_gmt":"2022-10-11T15:44:47","guid":{"rendered":"http:\/\/dev.claret.cat\/producte\/erase-una-vez-en-hollywood\/"},"modified":"2023-01-28T17:12:10","modified_gmt":"2023-01-28T16:12:10","slug":"erase-una-vez-en-hollywood-9788418052460","status":"publish","type":"product","link":"https:\/\/www.claret.cat\/es\/libro\/erase-una-vez-en-hollywood-9788418052460\/","title":{"rendered":"\u00c9RASE UNA VEZ EN HOLLYWOOD"},"content":{"rendered":"<p>Tarantino se pasa a la literatura: la primera novela del cineasta m\u00e1s ic\u00f3nico de nuestra era.  \u00abUno de sus mejores logros. [&#8230;] Un libro fetiche.\u00bb<br \/>Carlos Zan\u00f3n, Babelia Rick Dalton, un actor de televisi\u00f3n en decadencia, abocado al alcohol y  en busca de un papel que lo redima, y Cliff Booth, su doble de escenas  de acci\u00f3n y heroico veterano de guerra (con alguna que otra sombra), son  los antih\u00e9roes de esta sorprendente novela, que va mucho m\u00e1s all\u00e1 del  final que vimos en el cine. Los acompa\u00f1an algunos secundarios de lujo,  figuras hist\u00f3ricas, como Sharon Tate o Charles Manson, pero tambi\u00e9n  otras inventadas e indiscernibles de las reales. Con todas ellas el  autor construye un mundo \u00fanico y original, irrepetible en ning\u00fan otro lugar salvo en su imaginaci\u00f3n. \u00c9rase una vez en Hollywood es el ins\u00f3lito debut de Quentin  Tarantino en la literatura, una deliciosa y brutal primera novela. Con  esta nueva muesca en su trayectoria propone, c\u00f3mo no, nuevas reglas para  el g\u00e9nero de la novelizaci\u00f3n, pues logra voltear la historia que nos  mostr\u00f3 en la gran pantalla. Todos los personajes, escenas y tramas que  aqu\u00ed nos ofrece &#8211;con di\u00e1logos y descripciones marca de la casa&#8211; no  solo expanden el universo f\u00edlmico de Tarantino sino que nos presentan a un narrador con un talento excepcional. La cr\u00edtica ha dicho:<br \/>\u00abUna nueva visi\u00f3n del talento narrativo de Tarantino [que] demuestra  que, adem\u00e1s de director, tambi\u00e9n puede ser considerado como un verdadero autor. [&#8230;] Un primer esfuerzo s\u00f3lido como una roca.\u00bb<br \/>Tim Brinkhof,  Esquire \u00abPulp, descarnada y nost\u00e1lgica.\u00bb<br \/>Nuria Azancot, El Cultural \u00abSi algo nos ha ense\u00f1ado Tarantino en su carrera es que el cine no es  solo imagen. Ha demostrado que el guion es imprescindible, y ha escrito  algunos di\u00e1logos que quedar\u00e1n grabados en la historia del s\u00e9ptimo arte.  [&#8230;] Una novela inteligente, una carta de amor al cine y a toda una \u00e9poca. Un deleite para todos sus seguidores.\u00bb<br \/>Ahora qu\u00e9 leo  (La Sexta) \u00abUna deliciosa y brutal primera novela con la que, marca de la casa,  trastoca todas las normas preestablecidas del g\u00e9nero. [&#8230;] Un narrador con un talento excepcional.\u00bb<br \/>Oriol Rodr\u00edguez, El Nacional \u00abSi Tarantino deja el cine para dedicarse a la literatura, tambi\u00e9n  saldremos ganando, porque esta novela es excelente y demuestra que  adem\u00e1s de tener una capacidad innata para crear im\u00e1genes fluidas y  perdurables, tambi\u00e9n es un espl\u00e9ndido constructor de tramas y escritor de di\u00e1logos.\u00bb<br \/>Quim Casas, El Peri\u00f3dico \u00abLa primera novela de Quentin Tarantino es, citando una frase de Pulp Fiction, un sabroso refresco. [&#8230;] \u00c9l lo ha pillado: la cultura pop  es la mitolog\u00eda de los estadounidenses. [&#8230;] En este libro, Tarantino  hace que parezca f\u00e1cil escribir una historia y, en mi opini\u00f3n, es lo m\u00e1s complicado que hay.\u00bb<br \/>Dwight Garner, The New York Times \u00abIgual que Elmore Leonard, no le preocupa la corriente literaria  dominante. Le\u00ed este libro de una sentada, como si estuviera viendo una pel\u00edcula.\u00bb<br \/>Peter Bradshaw, The Guardian \u00abUna obra de arte literario por derecho propio, una novela que, si la  pel\u00edcula no existiera, cautivar\u00eda igualmente a los lectores con su propio punto de vista y poder.\u00bb<br \/>Donna Seaman, Booklist \u00abPresagia el comienzo de un nuevo rumbo para este director implacablemente imaginativo.\u00bb<br \/>Charles Arrowsmith, The Washington Post<\/p>\n","protected":false},"excerpt":{"rendered":"<p>TARANTINO, QUENTIN<\/p>\n","protected":false},"featured_media":85826,"template":"","meta":{"_acf_changed":false,"om_disable_all_campaigns":false,"rs_blank_template":"","rs_page_bg_color":"","slide_template_v7":"","inline_featured_image":false,"_monsterinsights_skip_tracking":false,"_monsterinsights_sitenote_active":false,"_monsterinsights_sitenote_note":"","_monsterinsights_sitenote_category":0},"product_brand":[],"product_cat":[127],"product_tag":[],"class_list":{"0":"post-85825","1":"product","2":"type-product","3":"status-publish","4":"has-post-thumbnail","6":"product_cat-novella-contemporania","8":"first","9":"instock","10":"taxable","11":"shipping-taxable","12":"purchasable","13":"product-type-simple"},"acf":{"autor":"TARANTINO, QUENTIN","codart":"841805246","libros-coleccion":"RESERVOIR NARRATIVA","ediciones":"1","encuadernacion":"R\u00fastica","fecha_de_publicacion":"01\/06\/2021","novedad":"1","paginas":"400","subtitulo":"","orden":"0","portada":"0","idioma":"spa","editorial":[{"ID":148749,"post_author":"3","post_date":"2022-10-14 12:00:41","post_date_gmt":"2022-10-14 10:00:41","post_content":"","post_title":"RESERVOIR BOOKS","post_excerpt":"","post_status":"publish","comment_status":"closed","ping_status":"closed","post_password":"","post_name":"reservoir-books","to_ping":"","pinged":"","post_modified":"2022-10-14 12:00:41","post_modified_gmt":"2022-10-14 10:00:41","post_content_filtered":"","post_parent":0,"guid":"http:\/\/dev.claret.cat\/editorial\/reservoir-books\/","menu_order":0,"post_type":"editorial","post_mime_type":"","comment_count":"0","filter":"raw"}],"autores-libros":[{"ID":167453,"post_author":"3","post_date":"2022-10-14 18:11:19","post_date_gmt":"2022-10-14 16:11:19","post_content":"","post_title":"QUENTIN TARANTINO","post_excerpt":"","post_status":"publish","comment_status":"closed","ping_status":"closed","post_password":"","post_name":"quentin-tarantino","to_ping":"","pinged":"","post_modified":"2022-10-14 18:11:19","post_modified_gmt":"2022-10-14 16:11:19","post_content_filtered":"","post_parent":0,"guid":"http:\/\/dev.claret.cat\/autor\/quentin-tarantino\/","menu_order":0,"post_type":"autor","post_mime_type":"","comment_count":"0","filter":"raw"}]},"aioseo_notices":[],"_links":{"self":[{"href":"https:\/\/www.claret.cat\/es\/wp-json\/wp\/v2\/product\/85825","targetHints":{"allow":["GET"]}}],"collection":[{"href":"https:\/\/www.claret.cat\/es\/wp-json\/wp\/v2\/product"}],"about":[{"href":"https:\/\/www.claret.cat\/es\/wp-json\/wp\/v2\/types\/product"}],"wp:featuredmedia":[{"embeddable":true,"href":"https:\/\/www.claret.cat\/es\/wp-json\/wp\/v2\/media\/85826"}],"wp:attachment":[{"href":"https:\/\/www.claret.cat\/es\/wp-json\/wp\/v2\/media?parent=85825"}],"wp:term":[{"taxonomy":"product_brand","embeddable":true,"href":"https:\/\/www.claret.cat\/es\/wp-json\/wp\/v2\/product_brand?post=85825"},{"taxonomy":"product_cat","embeddable":true,"href":"https:\/\/www.claret.cat\/es\/wp-json\/wp\/v2\/product_cat?post=85825"},{"taxonomy":"product_tag","embeddable":true,"href":"https:\/\/www.claret.cat\/es\/wp-json\/wp\/v2\/product_tag?post=85825"}],"curies":[{"name":"wp","href":"https:\/\/api.w.org\/{rel}","templated":true}]}}