{"id":85867,"date":"2022-10-11T17:45:18","date_gmt":"2022-10-11T15:45:18","guid":{"rendered":"http:\/\/dev.claret.cat\/producte\/las-doncellas\/"},"modified":"2026-04-22T10:55:06","modified_gmt":"2026-04-22T08:55:06","slug":"las-doncellas-9788420455488","status":"publish","type":"product","link":"https:\/\/www.claret.cat\/es\/libro\/las-doncellas-9788420455488\/","title":{"rendered":"LAS DONCELLAS"},"content":{"rendered":"<p>El thriller total por el autor de La paciente silenciosa, Premio de los lectores de Goodreads, con  m\u00e1s de dos millones y medio de ejemplares vendidos y traducido en cincuenta pa\u00edses. \u00abEl nuevo Jo\u00ebl Dicker, [&#8230;] el nuevo milagro de la literatura europea.\u00bb<br \/>Elle \u00abLas Doncellas es un libro adictivo de primer nivel.\u00bb<br \/>David Baldacci A sus treinta y seis a\u00f1os, Mariana intenta recuperarse de la p\u00e9rdida de  Sebastian, el gran amor de su vida, ahogado durante unas vacaciones en una isla griega. Ella trabaja en Londres como terapeuta, pero cuando su sobrina Zoe, la \u00fanica familia que le queda, la llama desde Cambridge para contarle que Tara, su mejor amiga, ha sido brutalmente asesinada cerca de la residencia de estudiantes, decide acudir en su ayuda. All\u00ed conoce a Fosca, un carism\u00e1tico profesor de Filolog\u00eda Cl\u00e1sica. El  profesor mantiene un grupo de estudio con un n\u00famero muy selecto de disc\u00edpulas, todas hermosas y de familias elitistas, del que Tara formaba parte: las Doncellas. En el dormitorio de la joven, Mariana encuentra una postal con unos versos en griego cl\u00e1sico que exigen un sacrificio. Pronto los cad\u00e1veres de otras Doncellas ir\u00e1n   apareciendo en el campus con los ojos arrancados y con una pi\u00f1a en la  mano, y Mariana no solo deber\u00e1 enfrentarse a la resoluci\u00f3n de estos cr\u00edmenes, sino a los fantasmas de su propio pasado. La cr\u00edtica ha dicho:<br \/>\u00abLos fans de El secreto de Donna Tartt se enamorar\u00e1n de Las doncellas, del deslumbrante autor de  La paciente silenciosa [&#8230;]. Con referencias on\u00edricas a la mitolog\u00eda griega y a antiguos  asesinatos con rituales, este libro inteligente y adictivo instaura a Michaelides como una fuerza imparable en el universo del  thriller.\u00bb<br \/>Esquire \u00abLa est\u00e1bamos esperando y ya est\u00e1 aqu\u00ed: el argumento es tentador y los ingredientes, irresistibles.\u00bb<br \/>The New York Times \u00abUna lectura que atrapa y transmite emoci\u00f3n hel\u00e9nica con mucha elegancia.\u00bb<br \/>Sunday Telegraph \u00abLo tiene todo para convertirse en una serie. [&#8230;] La narrativa de  Michaelides, sobre todo su forma de crear personajes, posee un brillo  \u00fanico, una promesa m\u00e1s alentadora que la de otros escritores.\u00bb<br \/>Daily Mail \u00abMichaelides se consagra para siempre como un autor superior, una mezcla  magistral y labrada a fuego lento de la mitolog\u00eda griega con una trama muy afilada. [&#8230;] Destinada a ser un bestseller.\u00bb<br \/>Newsweek \u00abUn c\u00f3ctel de mitolog\u00eda griega y suspense. Esta historia apasionante y  retorcida es la mejor manera de empezar con tu lista de libros para el verano. Un bombazo.\u00bb<br \/>Book Riot \u00abLa capacidad de Michaelides para crear escenas es tan magistral aqu\u00ed como en La paciente silenciosa. Nos ha vuelto a conquistar con una  novela tensa, inteligente y retorcida.\u00bb<br \/>Booklist \u00abImpresionante. [&#8230;] Esta trama inteligente y racional tiene  paralelismos con las tragedias de Eur\u00edpides, con dramas jacobeos como La duquesa de Malfi o con la poes\u00eda de Tennyson. El final es  completamente devastador. Michaelides est\u00e1 en racha.\u00bb<br \/>Publishers Weekly \u00abUn viaje emocionante que te dejar\u00e1 con el coraz\u00f3n a punto de salirte por la boca.\u00bb<br \/>Stephen Fry \u00abUna lectura deliciosamente oscura, elegante y compulsiva, con una vuelta de tuerca que me ha dejado alucinado. Me atrevo a afirmar que me gust\u00f3 m\u00e1s que La paciente silenciosa, \u00a1que ya es decir!\u00bb<br \/>Lucy Foley, escritora en el New York Times  y autora de La lista de invitados \u00abTe atrapa con un comienzo lleno de suspense y no te suelta hasta el final. [&#8230;] Todo un logro, brillante.\u00bb<br \/>Harriet Tyce \u00abLa mejor novela universitaria desde El secreto de Donna Tartt [&#8230;] con un plottwist que nadie espera.\u00bb<br \/>Tony Parsons \u00abElegante, siniestra, con estilo y emocionante, Las Doncellas est\u00e1  aqu\u00ed para responder esta pregunta: \u00bfc\u00f3mo es posible superar uno de los thrillers m\u00e1s importantes de la \u00faltima d\u00e9cada? Escribiendo otro  a\u00fan mejor.\u00bb<br \/>Chris Whitaker, escritor en el New York Times y autor de We Begin at the End<\/p>\n","protected":false},"excerpt":{"rendered":"<p>MICHAELIDES, ALEX<\/p>\n","protected":false},"featured_media":85868,"template":"","meta":{"_acf_changed":false,"om_disable_all_campaigns":false,"rs_blank_template":"","rs_page_bg_color":"","slide_template_v7":"","inline_featured_image":false,"_monsterinsights_skip_tracking":false,"_monsterinsights_sitenote_active":false,"_monsterinsights_sitenote_note":"","_monsterinsights_sitenote_category":0},"product_brand":[],"product_cat":[127,357],"product_tag":[],"class_list":{"0":"post-85867","1":"product","2":"type-product","3":"status-publish","4":"has-post-thumbnail","6":"product_cat-novella-contemporania","7":"product_cat-novela-contemporanea","9":"first","10":"instock","11":"taxable","12":"shipping-taxable","13":"purchasable","14":"product-type-simple"},"acf":{"editorial":[{"ID":6118,"post_author":"3","post_date":"2022-07-28 17:45:17","post_date_gmt":"2022-07-28 15:45:17","post_content":"","post_title":"ALFAGUARA","post_excerpt":"","post_status":"publish","comment_status":"closed","ping_status":"closed","post_password":"","post_name":"alfaguara","to_ping":"","pinged":"","post_modified":"2022-07-28 17:45:17","post_modified_gmt":"2022-07-28 15:45:17","post_content_filtered":"","post_parent":0,"guid":"http:\/\/dev.claret.cat\/editorial\/alfaguara\/","menu_order":0,"post_type":"editorial","post_mime_type":"","comment_count":"0","filter":"raw"}],"autor":"MICHAELIDES, ALEX","codart":"842045548","libros-coleccion":"ALFAGUARA NEGRA","ediciones":"1","encuadernacion":"R\u00fastica","fecha_de_publicacion":"01\/06\/2021","novedad":"1","paginas":"328","subtitulo":"","orden":"0","portada":"0","idioma":"spa","autores-libros":[{"ID":149655,"post_author":"3","post_date":"2022-10-14 14:26:39","post_date_gmt":"2022-10-14 12:26:39","post_content":"","post_title":"ALEX MICHAELIDES","post_excerpt":"","post_status":"publish","comment_status":"closed","ping_status":"closed","post_password":"","post_name":"alex-michaelides","to_ping":"","pinged":"","post_modified":"2022-10-14 14:26:39","post_modified_gmt":"2022-10-14 12:26:39","post_content_filtered":"","post_parent":0,"guid":"http:\/\/dev.claret.cat\/autor\/alex-michaelides\/","menu_order":0,"post_type":"autor","post_mime_type":"","comment_count":"0","filter":"raw"}],"booktrailer":"","resenas":""},"aioseo_notices":[],"_links":{"self":[{"href":"https:\/\/www.claret.cat\/es\/wp-json\/wp\/v2\/product\/85867","targetHints":{"allow":["GET"]}}],"collection":[{"href":"https:\/\/www.claret.cat\/es\/wp-json\/wp\/v2\/product"}],"about":[{"href":"https:\/\/www.claret.cat\/es\/wp-json\/wp\/v2\/types\/product"}],"wp:featuredmedia":[{"embeddable":true,"href":"https:\/\/www.claret.cat\/es\/wp-json\/wp\/v2\/media\/85868"}],"wp:attachment":[{"href":"https:\/\/www.claret.cat\/es\/wp-json\/wp\/v2\/media?parent=85867"}],"wp:term":[{"taxonomy":"product_brand","embeddable":true,"href":"https:\/\/www.claret.cat\/es\/wp-json\/wp\/v2\/product_brand?post=85867"},{"taxonomy":"product_cat","embeddable":true,"href":"https:\/\/www.claret.cat\/es\/wp-json\/wp\/v2\/product_cat?post=85867"},{"taxonomy":"product_tag","embeddable":true,"href":"https:\/\/www.claret.cat\/es\/wp-json\/wp\/v2\/product_tag?post=85867"}],"curies":[{"name":"wp","href":"https:\/\/api.w.org\/{rel}","templated":true}]}}