{"id":85885,"date":"2022-10-11T17:45:32","date_gmt":"2022-10-11T15:45:32","guid":{"rendered":"http:\/\/dev.claret.cat\/producte\/la-hermana-sombra-las-siete-hermanas-3\/"},"modified":"2023-01-28T00:46:03","modified_gmt":"2023-01-27T23:46:03","slug":"la-hermana-sombra-las-siete-hermanas-3-9788466343633","status":"publish","type":"product","link":"https:\/\/www.claret.cat\/es\/libro\/la-hermana-sombra-las-siete-hermanas-3-9788466343633\/","title":{"rendered":"LA HERMANA SOMBRA (LAS SIETE HERMANAS 3)"},"content":{"rendered":"<p>M\u00e1s de 30.000.000 de ejemplares vendidos en todo el mundo. La apasionante y exitosa serie basada en la mitolog\u00eda griega y en la  astrolog\u00eda que har\u00e1 las delicias de sus lectoras. Toda gran historia comienza con una mujer extraordinaria. Star D&#8221;Apli\u00e8se se encuentra en una encrucijada tras la repentina muerte  de su padre, el millonario Pa Salt, quien ha dejado a sus hijas una pista sobre sus or\u00edgenes. Star, la m\u00e1s enigm\u00e1tica de todas, tiene dudas sobre la necesidad de arriesgarse a perder la seguridad que le brinda la estrecha relaci\u00f3n con su hermana CeCe. A la desesperada decide seguir una pista que la conduce a una librer\u00eda de viejo en Londres y al comienzo de un nuevo mundo. Hace cien a\u00f1os, Flora MacNichol jura que nunca se casar\u00e1. Contra su  voluntad, se ve arrastrada a Londres hasta la casa de una de las personas m\u00e1s influyentes de la sociedad: Alice Keppel, la amante m\u00e1s famosa de Eduardo VII. En este entorno, se debate entre el amor apasionado y las obligaciones familiares al mismo tiempo que se siente como un pe\u00f3n en juego, cuyas reglas solo conocen otros. Sin embargo, el encuentro fortuito con un misterioso caballero le proporciona las respuestas que siempre ha esperado. Star descubrir\u00e1 el nexo con Flora y su glamuroso pasado a la vez que dejar\u00e1 la puerta abierta al amor. Rese\u00f1a:<br \/>\u00abUn libro brillante que no puedes dejar, lleno de glamour y romance.\u00bb<br \/>The Daily Mail<\/p>\n","protected":false},"excerpt":{"rendered":"<p>RILEY, LUCINDA<\/p>\n","protected":false},"featured_media":85886,"template":"","meta":{"_acf_changed":false,"om_disable_all_campaigns":false,"rs_blank_template":"","rs_page_bg_color":"","slide_template_v7":"","inline_featured_image":false,"_monsterinsights_skip_tracking":false,"_monsterinsights_sitenote_active":false,"_monsterinsights_sitenote_note":"","_monsterinsights_sitenote_category":0},"product_brand":[],"product_cat":[127,130],"product_tag":[],"class_list":{"0":"post-85885","1":"product","2":"type-product","3":"status-publish","4":"has-post-thumbnail","6":"product_cat-novella-contemporania","7":"product_cat-novella-historica-i-ficcio","9":"first","10":"instock","11":"taxable","12":"shipping-taxable","13":"purchasable","14":"product-type-simple"},"acf":{"editorial":[{"ID":6178,"post_author":"3","post_date":"2022-07-28 17:46:34","post_date_gmt":"2022-07-28 15:46:34","post_content":"","post_title":"DEBOLSILLO","post_excerpt":"","post_status":"publish","comment_status":"closed","ping_status":"closed","post_password":"","post_name":"debolsillo","to_ping":"","pinged":"","post_modified":"2022-07-28 17:46:34","post_modified_gmt":"2022-07-28 15:46:34","post_content_filtered":"","post_parent":0,"guid":"http:\/\/dev.claret.cat\/editorial\/debolsillo\/","menu_order":0,"post_type":"editorial","post_mime_type":"","comment_count":"0","filter":"raw"}],"autores-libros":[{"ID":5748,"post_author":"3","post_date":"2022-07-28 17:30:38","post_date_gmt":"2022-07-28 15:30:38","post_content":"","post_title":"LUCINDA RILEY","post_excerpt":"","post_status":"publish","comment_status":"closed","ping_status":"closed","post_password":"","post_name":"lucinda-riley","to_ping":"","pinged":"","post_modified":"2022-07-28 17:30:38","post_modified_gmt":"2022-07-28 15:30:38","post_content_filtered":"","post_parent":0,"guid":"http:\/\/dev.claret.cat\/autor\/lucinda-riley\/","menu_order":0,"post_type":"autor","post_mime_type":"","comment_count":"0","filter":"raw"}],"autor":"RILEY, LUCINDA","codart":"846634363","libros-coleccion":"Las Siete Hermanas","ediciones":"1","encuadernacion":"R\u00fastica","fecha_de_publicacion":"01\/06\/2021","novedad":"1","paginas":"592","subtitulo":"LA HISTORIA DE STAR","orden":"0","portada":"0","idioma":"spa"},"aioseo_notices":[],"_links":{"self":[{"href":"https:\/\/www.claret.cat\/es\/wp-json\/wp\/v2\/product\/85885","targetHints":{"allow":["GET"]}}],"collection":[{"href":"https:\/\/www.claret.cat\/es\/wp-json\/wp\/v2\/product"}],"about":[{"href":"https:\/\/www.claret.cat\/es\/wp-json\/wp\/v2\/types\/product"}],"wp:featuredmedia":[{"embeddable":true,"href":"https:\/\/www.claret.cat\/es\/wp-json\/wp\/v2\/media\/85886"}],"wp:attachment":[{"href":"https:\/\/www.claret.cat\/es\/wp-json\/wp\/v2\/media?parent=85885"}],"wp:term":[{"taxonomy":"product_brand","embeddable":true,"href":"https:\/\/www.claret.cat\/es\/wp-json\/wp\/v2\/product_brand?post=85885"},{"taxonomy":"product_cat","embeddable":true,"href":"https:\/\/www.claret.cat\/es\/wp-json\/wp\/v2\/product_cat?post=85885"},{"taxonomy":"product_tag","embeddable":true,"href":"https:\/\/www.claret.cat\/es\/wp-json\/wp\/v2\/product_tag?post=85885"}],"curies":[{"name":"wp","href":"https:\/\/api.w.org\/{rel}","templated":true}]}}