{"id":85909,"date":"2022-10-11T17:45:50","date_gmt":"2022-10-11T15:45:50","guid":{"rendered":"http:\/\/dev.claret.cat\/producte\/el-pele-gitano-y-martir\/"},"modified":"2023-01-28T13:16:27","modified_gmt":"2023-01-28T12:16:27","slug":"el-pele-gitano-y-martir","status":"publish","type":"product","link":"https:\/\/www.claret.cat\/es\/libro\/el-pele-gitano-y-martir\/","title":{"rendered":"&#8216;EL PEL\u00c9&#8217;, GITANO Y M\u00c1RTIR"},"content":{"rendered":"<p>Con un lenguaje sencillo pero a la vez solemne &#8211; con himnos y poemas -, tomando citas del evangelio, hace de esta obra un texto religioso capaz de introducir al lector en el conocimiento y admiraci\u00f3n por este gitano universal como modelo de vida gitana y cristiana. Desde una narrativa de gran contenido po\u00e9tico escenificado por el Vcante y el baile flamenco, recorre la Sagrada Escritura, conforme va contando el drama del martirio de este gitano, especialmente desde los d\u00edas de su cautiverio hasta su fusilamiento. Del pr\u00f3logo de Xavier Novell i Gom\u00e1, Obispo de Solsona y del Departamento de Pastoral con los Gitanos de la Conferencia Episcopal Espa\u00f1ola. Quisiera felicitar a Jes\u00fas Cort\u00e9s, por su magn\u00edfica obra teatral \u201cEl Pel\u00e9: Gitano y M\u00e1rtir\u201d. Por su devoci\u00f3n al beato Ceferino Gim\u00e9nez Malla, y con su especial sensibilidad musical, ha sabido expresar en esta obra, con el arte flamenco y la poes\u00eda, la vida de entrega por la fe de este gitano, sobre todo en los d\u00edas de su cautiverio, que el autor ha imaginado especialmente en la \u00faltima noche del beato en la celda y el di\u00e1logo que tendr\u00eda con su guardi\u00e1n. Es la pasi\u00f3n del que sufre, el \u201cquej\u00edo\u201d del martinete, que lamenta la ofensa a Dios por los pecados de los hombres. \u00a1Qu\u00e9 bien se hace entender en la sobriedad del cante a palo seco, la soledad del que espera la muerte! Bel\u00e9n Carrera Maya, Misionera Idente antigua delegada de pastoral gitana<\/p>\n","protected":false},"excerpt":{"rendered":"<p>CORT\u00c9S PEND\u00d3N, JES\u00daS<\/p>\n","protected":false},"featured_media":85910,"template":"","meta":{"_acf_changed":false,"om_disable_all_campaigns":false,"rs_blank_template":"","rs_page_bg_color":"","slide_template_v7":"","inline_featured_image":false,"_monsterinsights_skip_tracking":false,"_monsterinsights_sitenote_active":false,"_monsterinsights_sitenote_note":"","_monsterinsights_sitenote_category":0},"product_brand":[],"product_cat":[16],"product_tag":[],"class_list":{"0":"post-85909","1":"product","2":"type-product","3":"status-publish","4":"has-post-thumbnail","6":"product_cat-sense-categoria","8":"first","9":"instock","10":"taxable","11":"shipping-taxable","12":"purchasable","13":"product-type-simple"},"acf":{"autor":"CORT\u00c9S PEND\u00d3N, JES\u00daS","codart":"841218387","libros-coleccion":"","ediciones":"1","encuadernacion":"R\u00fastica","fecha_de_publicacion":"08\/07\/2021","novedad":"1","paginas":"172","subtitulo":"","orden":"0","portada":"0","idioma":"spa","editorial":[{"ID":147933,"post_author":"3","post_date":"2022-10-14 11:54:21","post_date_gmt":"2022-10-14 09:54:21","post_content":"","post_title":"EDITORIAL BENDITA MAR\u00cdA","post_excerpt":"","post_status":"publish","comment_status":"closed","ping_status":"closed","post_password":"","post_name":"editorial-bendita-maria","to_ping":"","pinged":"","post_modified":"2022-10-14 11:54:21","post_modified_gmt":"2022-10-14 09:54:21","post_content_filtered":"","post_parent":0,"guid":"http:\/\/dev.claret.cat\/editorial\/editorial-bendita-maria\/","menu_order":0,"post_type":"editorial","post_mime_type":"","comment_count":"0","filter":"raw"}],"autores-libros":[{"ID":159099,"post_author":"3","post_date":"2022-10-14 15:42:05","post_date_gmt":"2022-10-14 13:42:05","post_content":"","post_title":"JESUS CORTES PENDON","post_excerpt":"","post_status":"publish","comment_status":"closed","ping_status":"closed","post_password":"","post_name":"jesus-cortes-pendon-2","to_ping":"","pinged":"","post_modified":"2022-10-14 15:42:05","post_modified_gmt":"2022-10-14 13:42:05","post_content_filtered":"","post_parent":0,"guid":"http:\/\/dev.claret.cat\/autor\/jesus-cortes-pendon-2\/","menu_order":0,"post_type":"autor","post_mime_type":"","comment_count":"0","filter":"raw"}]},"aioseo_notices":[],"_links":{"self":[{"href":"https:\/\/www.claret.cat\/es\/wp-json\/wp\/v2\/product\/85909","targetHints":{"allow":["GET"]}}],"collection":[{"href":"https:\/\/www.claret.cat\/es\/wp-json\/wp\/v2\/product"}],"about":[{"href":"https:\/\/www.claret.cat\/es\/wp-json\/wp\/v2\/types\/product"}],"wp:featuredmedia":[{"embeddable":true,"href":"https:\/\/www.claret.cat\/es\/wp-json\/wp\/v2\/media\/85910"}],"wp:attachment":[{"href":"https:\/\/www.claret.cat\/es\/wp-json\/wp\/v2\/media?parent=85909"}],"wp:term":[{"taxonomy":"product_brand","embeddable":true,"href":"https:\/\/www.claret.cat\/es\/wp-json\/wp\/v2\/product_brand?post=85909"},{"taxonomy":"product_cat","embeddable":true,"href":"https:\/\/www.claret.cat\/es\/wp-json\/wp\/v2\/product_cat?post=85909"},{"taxonomy":"product_tag","embeddable":true,"href":"https:\/\/www.claret.cat\/es\/wp-json\/wp\/v2\/product_tag?post=85909"}],"curies":[{"name":"wp","href":"https:\/\/api.w.org\/{rel}","templated":true}]}}