{"id":85918,"date":"2022-10-11T17:45:57","date_gmt":"2022-10-11T15:45:57","guid":{"rendered":"http:\/\/dev.claret.cat\/producte\/imaginario-de-colores-de-animales\/"},"modified":"2023-01-28T12:23:10","modified_gmt":"2023-01-28T11:23:10","slug":"imaginario-de-colores-de-animales-9788413188546","status":"publish","type":"product","link":"https:\/\/www.claret.cat\/es\/libro\/imaginario-de-colores-de-animales-9788413188546\/","title":{"rendered":"IMAGINARIO DE COLORES DE ANIMALES"},"content":{"rendered":"<p>Un imaginario con 148 animales de diferentes h\u00e1bitats de todo el mundo clasificados por colores. Al observar las ilustraciones, el ni\u00f1o reconocer\u00e1 los colores, descubrir\u00e1 animales que no conoc\u00eda y enriquecer\u00e1 su vocabulario.Un libro ideal para que los nin\u00f1os a partir de 2 a\u00f1os alimenten su curiosidad y descubran el mundo.\u00a0\u00a0IMPRESO CON TINTAS VEGETALES<\/p>\n","protected":false},"excerpt":{"rendered":"<p>RUEL, ADELINE<\/p>\n","protected":false},"featured_media":85919,"template":"","meta":{"_acf_changed":false,"om_disable_all_campaigns":false,"rs_blank_template":"","rs_page_bg_color":"","slide_template_v7":"","inline_featured_image":false,"_monsterinsights_skip_tracking":false,"_monsterinsights_sitenote_active":false,"_monsterinsights_sitenote_note":"","_monsterinsights_sitenote_category":0},"product_brand":[],"product_cat":[132],"product_tag":[],"class_list":{"0":"post-85918","1":"product","2":"type-product","3":"status-publish","4":"has-post-thumbnail","6":"product_cat-lectures-per-preadolescents-6-12-anys","8":"first","9":"instock","10":"taxable","11":"shipping-taxable","12":"purchasable","13":"product-type-simple"},"acf":{"editorial":[{"ID":147854,"post_author":"3","post_date":"2022-10-14 11:53:43","post_date_gmt":"2022-10-14 09:53:43","post_content":"","post_title":"EDICIONES SM","post_excerpt":"","post_status":"publish","comment_status":"closed","ping_status":"closed","post_password":"","post_name":"ediciones-sm","to_ping":"","pinged":"","post_modified":"2022-10-14 11:53:43","post_modified_gmt":"2022-10-14 09:53:43","post_content_filtered":"","post_parent":0,"guid":"http:\/\/dev.claret.cat\/editorial\/ediciones-sm\/","menu_order":0,"post_type":"editorial","post_mime_type":"","comment_count":"0","filter":"raw"}],"autores-libros":[{"ID":149147,"post_author":"3","post_date":"2022-10-14 14:22:32","post_date_gmt":"2022-10-14 12:22:32","post_content":"","post_title":"ADELINE RUEL","post_excerpt":"","post_status":"publish","comment_status":"closed","ping_status":"closed","post_password":"","post_name":"adeline-ruel","to_ping":"","pinged":"","post_modified":"2022-10-14 14:22:32","post_modified_gmt":"2022-10-14 12:22:32","post_content_filtered":"","post_parent":0,"guid":"http:\/\/dev.claret.cat\/autor\/adeline-ruel\/","menu_order":0,"post_type":"autor","post_mime_type":"","comment_count":"0","filter":"raw"}],"autor":"RUEL, ADELINE","codart":"841318854","libros-coleccion":"Mi primer imaginario","ediciones":"1","encuadernacion":"Carton\u00e9","fecha_de_publicacion":"01\/07\/2021","novedad":"1","paginas":"16","subtitulo":"","orden":"0","portada":"0","idioma":"spa"},"aioseo_notices":[],"_links":{"self":[{"href":"https:\/\/www.claret.cat\/es\/wp-json\/wp\/v2\/product\/85918","targetHints":{"allow":["GET"]}}],"collection":[{"href":"https:\/\/www.claret.cat\/es\/wp-json\/wp\/v2\/product"}],"about":[{"href":"https:\/\/www.claret.cat\/es\/wp-json\/wp\/v2\/types\/product"}],"wp:featuredmedia":[{"embeddable":true,"href":"https:\/\/www.claret.cat\/es\/wp-json\/wp\/v2\/media\/85919"}],"wp:attachment":[{"href":"https:\/\/www.claret.cat\/es\/wp-json\/wp\/v2\/media?parent=85918"}],"wp:term":[{"taxonomy":"product_brand","embeddable":true,"href":"https:\/\/www.claret.cat\/es\/wp-json\/wp\/v2\/product_brand?post=85918"},{"taxonomy":"product_cat","embeddable":true,"href":"https:\/\/www.claret.cat\/es\/wp-json\/wp\/v2\/product_cat?post=85918"},{"taxonomy":"product_tag","embeddable":true,"href":"https:\/\/www.claret.cat\/es\/wp-json\/wp\/v2\/product_tag?post=85918"}],"curies":[{"name":"wp","href":"https:\/\/api.w.org\/{rel}","templated":true}]}}