{"id":85927,"date":"2022-10-11T17:46:03","date_gmt":"2022-10-11T15:46:03","guid":{"rendered":"http:\/\/dev.claret.cat\/producte\/frutas\/"},"modified":"2023-01-28T16:46:47","modified_gmt":"2023-01-28T15:46:47","slug":"frutas-9788413188621","status":"publish","type":"product","link":"https:\/\/www.claret.cat\/es\/libro\/frutas-9788413188621\/","title":{"rendered":"FRUTAS"},"content":{"rendered":"<p>Un libro de cart\u00f3n con bonitas ilustraciones realistas y grandes solapas en el que el ni\u00f1o descubrir\u00e1 5 frutas: la fresa, la manzana, la cereza, la naranja y el higo.<\/p>\n","protected":false},"excerpt":{"rendered":"<p>RUEL, ADELINE<\/p>\n","protected":false},"featured_media":85928,"template":"","meta":{"_acf_changed":false,"om_disable_all_campaigns":false,"rs_blank_template":"","rs_page_bg_color":"","slide_template_v7":"","inline_featured_image":false,"_monsterinsights_skip_tracking":false,"_monsterinsights_sitenote_active":false,"_monsterinsights_sitenote_note":"","_monsterinsights_sitenote_category":0},"product_brand":[],"product_cat":[131],"product_tag":[],"class_list":{"0":"post-85927","1":"product","2":"type-product","3":"status-publish","4":"has-post-thumbnail","6":"product_cat-contes-per-infants-0-6-anys","8":"first","9":"instock","10":"taxable","11":"shipping-taxable","12":"purchasable","13":"product-type-simple"},"acf":{"editorial":[{"ID":147854,"post_author":"3","post_date":"2022-10-14 11:53:43","post_date_gmt":"2022-10-14 09:53:43","post_content":"","post_title":"EDICIONES SM","post_excerpt":"","post_status":"publish","comment_status":"closed","ping_status":"closed","post_password":"","post_name":"ediciones-sm","to_ping":"","pinged":"","post_modified":"2022-10-14 11:53:43","post_modified_gmt":"2022-10-14 09:53:43","post_content_filtered":"","post_parent":0,"guid":"http:\/\/dev.claret.cat\/editorial\/ediciones-sm\/","menu_order":0,"post_type":"editorial","post_mime_type":"","comment_count":"0","filter":"raw"}],"autores-libros":[{"ID":149147,"post_author":"3","post_date":"2022-10-14 14:22:32","post_date_gmt":"2022-10-14 12:22:32","post_content":"","post_title":"ADELINE RUEL","post_excerpt":"","post_status":"publish","comment_status":"closed","ping_status":"closed","post_password":"","post_name":"adeline-ruel","to_ping":"","pinged":"","post_modified":"2022-10-14 14:22:32","post_modified_gmt":"2022-10-14 12:22:32","post_content_filtered":"","post_parent":0,"guid":"http:\/\/dev.claret.cat\/autor\/adeline-ruel\/","menu_order":0,"post_type":"autor","post_mime_type":"","comment_count":"0","filter":"raw"}],"autor":"RUEL, ADELINE","codart":"841318862","libros-coleccion":"FORA DE COL.LECCI\u00d3","ediciones":"1","encuadernacion":"Carton\u00e9","fecha_de_publicacion":"01\/07\/2021","novedad":"1","paginas":"12","subtitulo":"","orden":"0","portada":"0","idioma":"spa"},"aioseo_notices":[],"_links":{"self":[{"href":"https:\/\/www.claret.cat\/es\/wp-json\/wp\/v2\/product\/85927","targetHints":{"allow":["GET"]}}],"collection":[{"href":"https:\/\/www.claret.cat\/es\/wp-json\/wp\/v2\/product"}],"about":[{"href":"https:\/\/www.claret.cat\/es\/wp-json\/wp\/v2\/types\/product"}],"wp:featuredmedia":[{"embeddable":true,"href":"https:\/\/www.claret.cat\/es\/wp-json\/wp\/v2\/media\/85928"}],"wp:attachment":[{"href":"https:\/\/www.claret.cat\/es\/wp-json\/wp\/v2\/media?parent=85927"}],"wp:term":[{"taxonomy":"product_brand","embeddable":true,"href":"https:\/\/www.claret.cat\/es\/wp-json\/wp\/v2\/product_brand?post=85927"},{"taxonomy":"product_cat","embeddable":true,"href":"https:\/\/www.claret.cat\/es\/wp-json\/wp\/v2\/product_cat?post=85927"},{"taxonomy":"product_tag","embeddable":true,"href":"https:\/\/www.claret.cat\/es\/wp-json\/wp\/v2\/product_tag?post=85927"}],"curies":[{"name":"wp","href":"https:\/\/api.w.org\/{rel}","templated":true}]}}