{"id":85939,"date":"2022-10-11T17:46:12","date_gmt":"2022-10-11T15:46:12","guid":{"rendered":"http:\/\/dev.claret.cat\/producte\/comics-de-ciencia-perros-de-predador-a-protector\/"},"modified":"2026-03-02T12:20:34","modified_gmt":"2026-03-02T11:20:34","slug":"comics-de-ciencia-perros-de-predador-a-protector-9788467946628","status":"publish","type":"product","link":"https:\/\/www.claret.cat\/es\/libro\/comics-de-ciencia-perros-de-predador-a-protector-9788467946628\/","title":{"rendered":"COMICS DE CIENCIA. PERROS. DE PREDADOR A PROTECTOR"},"content":{"rendered":"<p>\u00bfCrees que conoces al mejor amigo del hombre?Los perros descienden realmente de los lobos? \u00bfQu\u00e9 diferencia hayntre un chihuahua y un San Bernardo? \u00bfC\u00f3mo de inteligentes son?compa\u00f1a a Rudy en la b\u00fasqueda de su pelota favorita y descubrir\u00e1s elrigen secreto de los perros, c\u00f3mo la gen\u00e9tica y la evoluci\u00f3n conformanas especies, y un mont\u00f3n de curiosidades m\u00e1s que te har\u00e1n estallar laabeza.ndy Hirsch es un dibujante que vive en Dallas, Texas. Amante deos perros y de los gatos, es autor e ilustrador de varios t\u00edtulos de laolecci\u00f3n de C\u00f3mics de ciencia, entre los que se encuentra Perros. Deredador a protector y Gatos. Lo heredado y lo adquirido.<\/p>\n","protected":false},"excerpt":{"rendered":"<p>HIRSCH, ANDY<\/p>\n","protected":false},"featured_media":1087064,"template":"","meta":{"_acf_changed":false,"om_disable_all_campaigns":false,"rs_blank_template":"","rs_page_bg_color":"","slide_template_v7":"","inline_featured_image":false,"_monsterinsights_skip_tracking":false,"_monsterinsights_sitenote_active":false,"_monsterinsights_sitenote_note":"","_monsterinsights_sitenote_category":0},"product_brand":[],"product_cat":[134,364],"product_tag":[],"class_list":{"0":"post-85939","1":"product","2":"type-product","3":"status-publish","4":"has-post-thumbnail","6":"product_cat-comics","7":"product_cat-comics-infantil-3_infantil-juvenil-spa","9":"first","10":"outofstock","11":"taxable","12":"shipping-taxable","13":"purchasable","14":"product-type-simple"},"acf":{"editorial":[{"ID":6315,"post_author":"3","post_date":"2022-07-28 17:49:33","post_date_gmt":"2022-07-28 15:49:33","post_content":"","post_title":"NORMA EDITORIAL S.A","post_excerpt":"","post_status":"publish","comment_status":"closed","ping_status":"closed","post_password":"","post_name":"norma-editorial-s-a","to_ping":"","pinged":"","post_modified":"2022-07-28 17:49:33","post_modified_gmt":"2022-07-28 15:49:33","post_content_filtered":"","post_parent":0,"guid":"http:\/\/dev.claret.cat\/editorial\/norma-editorial-s-a\/","menu_order":0,"post_type":"editorial","post_mime_type":"","comment_count":"0","filter":"raw"}],"autor":"HIRSCH, ANDY","codart":"846794662","libros-coleccion":"COMIC","ediciones":"1","encuadernacion":"Carton\u00e9","fecha_de_publicacion":"01\/07\/2021","novedad":"0","paginas":"128","subtitulo":"","orden":"0","portada":"0","idioma":"spa","autores-libros":[{"ID":150345,"post_author":"3","post_date":"2022-10-14 14:32:12","post_date_gmt":"2022-10-14 12:32:12","post_content":"","post_title":"ANDY HIRSCH","post_excerpt":"","post_status":"publish","comment_status":"closed","ping_status":"closed","post_password":"","post_name":"andy-hirsch","to_ping":"","pinged":"","post_modified":"2022-10-14 14:32:12","post_modified_gmt":"2022-10-14 12:32:12","post_content_filtered":"","post_parent":0,"guid":"http:\/\/dev.claret.cat\/autor\/andy-hirsch\/","menu_order":0,"post_type":"autor","post_mime_type":"","comment_count":"0","filter":"raw"}],"booktrailer":"","resenas":""},"aioseo_notices":[],"_links":{"self":[{"href":"https:\/\/www.claret.cat\/es\/wp-json\/wp\/v2\/product\/85939","targetHints":{"allow":["GET"]}}],"collection":[{"href":"https:\/\/www.claret.cat\/es\/wp-json\/wp\/v2\/product"}],"about":[{"href":"https:\/\/www.claret.cat\/es\/wp-json\/wp\/v2\/types\/product"}],"wp:featuredmedia":[{"embeddable":true,"href":"https:\/\/www.claret.cat\/es\/wp-json\/wp\/v2\/media\/1087064"}],"wp:attachment":[{"href":"https:\/\/www.claret.cat\/es\/wp-json\/wp\/v2\/media?parent=85939"}],"wp:term":[{"taxonomy":"product_brand","embeddable":true,"href":"https:\/\/www.claret.cat\/es\/wp-json\/wp\/v2\/product_brand?post=85939"},{"taxonomy":"product_cat","embeddable":true,"href":"https:\/\/www.claret.cat\/es\/wp-json\/wp\/v2\/product_cat?post=85939"},{"taxonomy":"product_tag","embeddable":true,"href":"https:\/\/www.claret.cat\/es\/wp-json\/wp\/v2\/product_tag?post=85939"}],"curies":[{"name":"wp","href":"https:\/\/api.w.org\/{rel}","templated":true}]}}