{"id":85955,"date":"2022-10-11T17:46:26","date_gmt":"2022-10-11T15:46:26","guid":{"rendered":"http:\/\/dev.claret.cat\/producte\/casacas-azules-1983-1985\/"},"modified":"2023-01-28T04:09:00","modified_gmt":"2023-01-28T03:09:00","slug":"casacas-azules-19831985-9788416961382","status":"publish","type":"product","link":"https:\/\/www.claret.cat\/es\/libro\/casacas-azules-19831985-9788416961382\/","title":{"rendered":"CASACAS AZULES 1983-1985"},"content":{"rendered":"<p>Lambil y Cauvin nos ofrecen nuevas y divertidas aventuras en este volumen que no defraudar\u00e1 a los seguidores de los Casacas Azules. En Azules y encaje, la llegada de un grupo de enfermeras desencadena una serie de enredos que trastocar\u00e1n por completo la vida de los soldados. M\u00e1s tarde, en Los primos de enfrente, el sargento Chesterfield tendr\u00e1 que v\u00e9rselas con sus primos\u2026 enrolados en el ej\u00e9rcito sudista. Finalmente, en Baby Blue, el descubrimiento de un beb\u00e9 abandonado en el desierto es el punto de partida de una serie de episodios que nos mostrar\u00e1n una faceta poco habitual de nuestros h\u00e9roes. Este men\u00fa se ver\u00e1 aderezado con los habituales extras, que nos ayudar\u00e1n a conocer mejor los hechos reales que inspiraron esta serie.<\/p>\n","protected":false},"excerpt":{"rendered":"<p>LAMBIL, WILLY \/ CAUVIN, RAOUL<\/p>\n","protected":false},"featured_media":85956,"template":"","meta":{"_acf_changed":false,"om_disable_all_campaigns":false,"rs_blank_template":"","rs_page_bg_color":"","slide_template_v7":"","inline_featured_image":false,"_monsterinsights_skip_tracking":false,"_monsterinsights_sitenote_active":false,"_monsterinsights_sitenote_note":"","_monsterinsights_sitenote_category":0},"product_brand":[],"product_cat":[108],"product_tag":[],"class_list":{"0":"post-85955","1":"product","2":"type-product","3":"status-publish","4":"has-post-thumbnail","6":"product_cat-comic","8":"first","9":"instock","10":"taxable","11":"shipping-taxable","12":"purchasable","13":"product-type-simple"},"acf":{"editorial":[{"ID":147754,"post_author":"3","post_date":"2022-10-14 11:52:58","post_date_gmt":"2022-10-14 09:52:58","post_content":"","post_title":"DOLMEN (COMICS)    84-96121 84-932602","post_excerpt":"","post_status":"publish","comment_status":"closed","ping_status":"closed","post_password":"","post_name":"dolmen-comics-84-96121-84-932602","to_ping":"","pinged":"","post_modified":"2022-10-14 11:52:58","post_modified_gmt":"2022-10-14 09:52:58","post_content_filtered":"","post_parent":0,"guid":"http:\/\/dev.claret.cat\/editorial\/dolmen-comics-84-96121-84-932602\/","menu_order":0,"post_type":"editorial","post_mime_type":"","comment_count":"0","filter":"raw"}],"autores-libros":[{"ID":167783,"post_author":"3","post_date":"2022-10-14 18:13:58","post_date_gmt":"2022-10-14 16:13:58","post_content":"","post_title":"RAOUL CAUVIN","post_excerpt":"","post_status":"publish","comment_status":"closed","ping_status":"closed","post_password":"","post_name":"raoul-cauvin","to_ping":"","pinged":"","post_modified":"2022-10-14 18:13:58","post_modified_gmt":"2022-10-14 16:13:58","post_content_filtered":"","post_parent":0,"guid":"http:\/\/dev.claret.cat\/autor\/raoul-cauvin\/","menu_order":0,"post_type":"autor","post_mime_type":"","comment_count":"0","filter":"raw"},{"ID":171347,"post_author":"3","post_date":"2022-10-14 22:42:40","post_date_gmt":"2022-10-14 20:42:40","post_content":"","post_title":"WILLY LAMBIL","post_excerpt":"","post_status":"publish","comment_status":"closed","ping_status":"closed","post_password":"","post_name":"willy-lambil","to_ping":"","pinged":"","post_modified":"2022-10-14 22:42:40","post_modified_gmt":"2022-10-14 20:42:40","post_content_filtered":"","post_parent":0,"guid":"http:\/\/dev.claret.cat\/autor\/willy-lambil\/","menu_order":0,"post_type":"autor","post_mime_type":"","comment_count":"0","filter":"raw"}],"autor":"LAMBIL, WILLY \/ CAUVIN, RAOUL","codart":"841696138","libros-coleccion":"COMIC","ediciones":"1","encuadernacion":"Carton\u00e9","fecha_de_publicacion":"01\/07\/2017","novedad":"0","paginas":"160","subtitulo":"","orden":"0","portada":"0","idioma":"spa"},"aioseo_notices":[],"_links":{"self":[{"href":"https:\/\/www.claret.cat\/es\/wp-json\/wp\/v2\/product\/85955","targetHints":{"allow":["GET"]}}],"collection":[{"href":"https:\/\/www.claret.cat\/es\/wp-json\/wp\/v2\/product"}],"about":[{"href":"https:\/\/www.claret.cat\/es\/wp-json\/wp\/v2\/types\/product"}],"wp:featuredmedia":[{"embeddable":true,"href":"https:\/\/www.claret.cat\/es\/wp-json\/wp\/v2\/media\/85956"}],"wp:attachment":[{"href":"https:\/\/www.claret.cat\/es\/wp-json\/wp\/v2\/media?parent=85955"}],"wp:term":[{"taxonomy":"product_brand","embeddable":true,"href":"https:\/\/www.claret.cat\/es\/wp-json\/wp\/v2\/product_brand?post=85955"},{"taxonomy":"product_cat","embeddable":true,"href":"https:\/\/www.claret.cat\/es\/wp-json\/wp\/v2\/product_cat?post=85955"},{"taxonomy":"product_tag","embeddable":true,"href":"https:\/\/www.claret.cat\/es\/wp-json\/wp\/v2\/product_tag?post=85955"}],"curies":[{"name":"wp","href":"https:\/\/api.w.org\/{rel}","templated":true}]}}