{"id":85958,"date":"2022-10-11T17:46:28","date_gmt":"2022-10-11T15:46:28","guid":{"rendered":"http:\/\/dev.claret.cat\/producte\/casacas-azules-1981-1983\/"},"modified":"2023-01-28T12:29:58","modified_gmt":"2023-01-28T11:29:58","slug":"casacas-azules-19811983-9788416961139","status":"publish","type":"product","link":"https:\/\/www.claret.cat\/es\/libro\/casacas-azules-19811983-9788416961139\/","title":{"rendered":"CASACAS AZULES 1981-1983"},"content":{"rendered":"<p>En El ?David?, nuestros dos militares deber\u00e1n desvelar el secreto de un misterioso artefacto submarino que se dedica a atacar los barcos nordistas. Black Face es un alegato antirracista en el que conocer\u00e1n a un intr\u00e9pido afroamericano que lucha por los derechos de su pueblo. Y en Cinco del pat\u00edbulo, en busca de nuevos efectivos para alimentar sus tropas, se encontrar\u00e1n con un grupo de sombr\u00edos personajes. Los extras incluyen un completo dosier sobre la marina estadounidense en la Guerra de Secesi\u00f3n.<\/p>\n","protected":false},"excerpt":{"rendered":"<p>CAUVIN, RAOUL \/ LAMBIL, WILLY<\/p>\n","protected":false},"featured_media":85959,"template":"","meta":{"_acf_changed":false,"om_disable_all_campaigns":false,"rs_blank_template":"","rs_page_bg_color":"","slide_template_v7":"","inline_featured_image":false,"_monsterinsights_skip_tracking":false,"_monsterinsights_sitenote_active":false,"_monsterinsights_sitenote_note":"","_monsterinsights_sitenote_category":0},"product_brand":[],"product_cat":[108],"product_tag":[],"class_list":{"0":"post-85958","1":"product","2":"type-product","3":"status-publish","4":"has-post-thumbnail","6":"product_cat-comic","8":"first","9":"instock","10":"taxable","11":"shipping-taxable","12":"purchasable","13":"product-type-simple"},"acf":{"editorial":[{"ID":147754,"post_author":"3","post_date":"2022-10-14 11:52:58","post_date_gmt":"2022-10-14 09:52:58","post_content":"","post_title":"DOLMEN (COMICS)    84-96121 84-932602","post_excerpt":"","post_status":"publish","comment_status":"closed","ping_status":"closed","post_password":"","post_name":"dolmen-comics-84-96121-84-932602","to_ping":"","pinged":"","post_modified":"2022-10-14 11:52:58","post_modified_gmt":"2022-10-14 09:52:58","post_content_filtered":"","post_parent":0,"guid":"http:\/\/dev.claret.cat\/editorial\/dolmen-comics-84-96121-84-932602\/","menu_order":0,"post_type":"editorial","post_mime_type":"","comment_count":"0","filter":"raw"}],"autores-libros":[{"ID":167783,"post_author":"3","post_date":"2022-10-14 18:13:58","post_date_gmt":"2022-10-14 16:13:58","post_content":"","post_title":"RAOUL CAUVIN","post_excerpt":"","post_status":"publish","comment_status":"closed","ping_status":"closed","post_password":"","post_name":"raoul-cauvin","to_ping":"","pinged":"","post_modified":"2022-10-14 18:13:58","post_modified_gmt":"2022-10-14 16:13:58","post_content_filtered":"","post_parent":0,"guid":"http:\/\/dev.claret.cat\/autor\/raoul-cauvin\/","menu_order":0,"post_type":"autor","post_mime_type":"","comment_count":"0","filter":"raw"},{"ID":171347,"post_author":"3","post_date":"2022-10-14 22:42:40","post_date_gmt":"2022-10-14 20:42:40","post_content":"","post_title":"WILLY LAMBIL","post_excerpt":"","post_status":"publish","comment_status":"closed","ping_status":"closed","post_password":"","post_name":"willy-lambil","to_ping":"","pinged":"","post_modified":"2022-10-14 22:42:40","post_modified_gmt":"2022-10-14 20:42:40","post_content_filtered":"","post_parent":0,"guid":"http:\/\/dev.claret.cat\/autor\/willy-lambil\/","menu_order":0,"post_type":"autor","post_mime_type":"","comment_count":"0","filter":"raw"}],"autor":"CAUVIN, RAOUL \/ LAMBIL, WILLY","codart":"841696113","libros-coleccion":"FORA DE COL.LECCI\u00d3","ediciones":"1","encuadernacion":"Carton\u00e9","fecha_de_publicacion":"01\/02\/2017","novedad":"0","paginas":"152","subtitulo":"","orden":"0","portada":"0","idioma":"spa"},"aioseo_notices":[],"_links":{"self":[{"href":"https:\/\/www.claret.cat\/es\/wp-json\/wp\/v2\/product\/85958","targetHints":{"allow":["GET"]}}],"collection":[{"href":"https:\/\/www.claret.cat\/es\/wp-json\/wp\/v2\/product"}],"about":[{"href":"https:\/\/www.claret.cat\/es\/wp-json\/wp\/v2\/types\/product"}],"wp:featuredmedia":[{"embeddable":true,"href":"https:\/\/www.claret.cat\/es\/wp-json\/wp\/v2\/media\/85959"}],"wp:attachment":[{"href":"https:\/\/www.claret.cat\/es\/wp-json\/wp\/v2\/media?parent=85958"}],"wp:term":[{"taxonomy":"product_brand","embeddable":true,"href":"https:\/\/www.claret.cat\/es\/wp-json\/wp\/v2\/product_brand?post=85958"},{"taxonomy":"product_cat","embeddable":true,"href":"https:\/\/www.claret.cat\/es\/wp-json\/wp\/v2\/product_cat?post=85958"},{"taxonomy":"product_tag","embeddable":true,"href":"https:\/\/www.claret.cat\/es\/wp-json\/wp\/v2\/product_tag?post=85958"}],"curies":[{"name":"wp","href":"https:\/\/api.w.org\/{rel}","templated":true}]}}