{"id":85997,"date":"2022-10-11T17:46:56","date_gmt":"2022-10-11T15:46:56","guid":{"rendered":"http:\/\/dev.claret.cat\/producte\/la-enfermera-del-puerto\/"},"modified":"2026-02-23T11:11:26","modified_gmt":"2026-02-23T10:11:26","slug":"la-enfermera-del-puerto-9788418184444","status":"publish","type":"product","link":"https:\/\/www.claret.cat\/es\/libro\/la-enfermera-del-puerto-9788418184444\/","title":{"rendered":"LA ENFERMERA DEL PUERTO"},"content":{"rendered":"<p>Durante la epidemia de c\u00f3lera en 1892, una joven enfermera de Hamburgo lucha por su futuro, su familia y su historia de amor.<\/p>\n<p>Hamburgo, 1892. El c\u00f3lera se adue\u00f1a de la ciudad y se cobra miles de v\u00edctimas. Cuando la madre de Martha muere, es la joven quien debe garantizar la supervivencia de la familia. Proveniente de uno de los barrios m\u00e1s pobres de la ciudad, consigue hacerse con un puesto de aprendiza en el Hospital de Eppendorf, donde trabaja duro hasta ascender a enfermera quir\u00fargica. Mientras  los  m\u00e9dicos  intentan  ganarle  la  batalla  al  tiempo, Hamburgo se enfrenta tambi\u00e9n a una convulsa \u00e9poca de cambios pol\u00edticos: los trabajadores del puerto se declaran en huelga, las mujeres luchan por el derecho al voto y por mejorar sus condiciones  de  vida.  Martha  se  une  al  movimiento  feminista, pero tambi\u00e9n combate en un frente mucho m\u00e1s personal, pues no solo ha descubierto el amor por la medicina, sino tambi\u00e9n \u2014y en contra de las estrictas reglas del hospital\u2014 por un joven m\u00e9dico.<\/p>\n","protected":false},"excerpt":{"rendered":"<p>METZENTHIN, MELANIE<\/p>\n","protected":false},"featured_media":1085443,"template":"","meta":{"_acf_changed":false,"om_disable_all_campaigns":false,"rs_blank_template":"","rs_page_bg_color":"","slide_template_v7":"","inline_featured_image":false,"_monsterinsights_skip_tracking":false,"_monsterinsights_sitenote_active":false,"_monsterinsights_sitenote_note":"","_monsterinsights_sitenote_category":0},"product_brand":[],"product_cat":[130,360],"product_tag":[],"class_list":{"0":"post-85997","1":"product","2":"type-product","3":"status-publish","4":"has-post-thumbnail","6":"product_cat-novella-historica-i-ficcio","7":"product_cat-novela-historica-y-ficcion","9":"first","10":"outofstock","11":"taxable","12":"shipping-taxable","13":"purchasable","14":"product-type-simple"},"acf":{"editorial":[{"ID":6297,"post_author":"3","post_date":"2022-07-28 17:49:10","post_date_gmt":"2022-07-28 15:49:10","post_content":"","post_title":"Maeva Ediciones","post_excerpt":"","post_status":"publish","comment_status":"closed","ping_status":"closed","post_password":"","post_name":"maeva-ediciones","to_ping":"","pinged":"","post_modified":"2022-07-28 17:49:10","post_modified_gmt":"2022-07-28 15:49:10","post_content_filtered":"","post_parent":0,"guid":"http:\/\/dev.claret.cat\/editorial\/maeva-ediciones\/","menu_order":0,"post_type":"editorial","post_mime_type":"","comment_count":"0","filter":"raw"}],"autor":"METZENTHIN, MELANIE","codart":"841818444","libros-coleccion":"GRANDES NOVELAS","ediciones":"1","encuadernacion":"R\u00fastica","fecha_de_publicacion":"01\/07\/2021","novedad":"0","paginas":"440","subtitulo":"EL DESTINO DE UNA CIUDAD, EL SUE\u00d1O DE UNA JOVEN, LA HISTORIA DE UNA VOCACI\u00d3N","orden":"0","portada":"0","idioma":"spa","autores-libros":[{"ID":164644,"post_author":"3","post_date":"2022-10-14 17:48:43","post_date_gmt":"2022-10-14 15:48:43","post_content":"","post_title":"MELANIE METZENTHIN","post_excerpt":"","post_status":"publish","comment_status":"closed","ping_status":"closed","post_password":"","post_name":"melanie-metzenthin","to_ping":"","pinged":"","post_modified":"2022-10-14 17:48:43","post_modified_gmt":"2022-10-14 15:48:43","post_content_filtered":"","post_parent":0,"guid":"http:\/\/dev.claret.cat\/autor\/melanie-metzenthin\/","menu_order":0,"post_type":"autor","post_mime_type":"","comment_count":"0","filter":"raw"}],"booktrailer":"","resenas":""},"aioseo_notices":[],"_links":{"self":[{"href":"https:\/\/www.claret.cat\/es\/wp-json\/wp\/v2\/product\/85997","targetHints":{"allow":["GET"]}}],"collection":[{"href":"https:\/\/www.claret.cat\/es\/wp-json\/wp\/v2\/product"}],"about":[{"href":"https:\/\/www.claret.cat\/es\/wp-json\/wp\/v2\/types\/product"}],"wp:featuredmedia":[{"embeddable":true,"href":"https:\/\/www.claret.cat\/es\/wp-json\/wp\/v2\/media\/1085443"}],"wp:attachment":[{"href":"https:\/\/www.claret.cat\/es\/wp-json\/wp\/v2\/media?parent=85997"}],"wp:term":[{"taxonomy":"product_brand","embeddable":true,"href":"https:\/\/www.claret.cat\/es\/wp-json\/wp\/v2\/product_brand?post=85997"},{"taxonomy":"product_cat","embeddable":true,"href":"https:\/\/www.claret.cat\/es\/wp-json\/wp\/v2\/product_cat?post=85997"},{"taxonomy":"product_tag","embeddable":true,"href":"https:\/\/www.claret.cat\/es\/wp-json\/wp\/v2\/product_tag?post=85997"}],"curies":[{"name":"wp","href":"https:\/\/api.w.org\/{rel}","templated":true}]}}