{"id":86066,"date":"2022-10-11T17:47:48","date_gmt":"2022-10-11T15:47:48","guid":{"rendered":"http:\/\/dev.claret.cat\/producte\/101-preguntas-sobre-educacion-de-los-hijos\/"},"modified":"2026-01-19T11:57:22","modified_gmt":"2026-01-19T10:57:22","slug":"101-preguntas-sobre-educacion-de-los-hijos-9788431336363","status":"publish","type":"product","link":"https:\/\/www.claret.cat\/es\/libro\/101-preguntas-sobre-educacion-de-los-hijos-9788431336363\/","title":{"rendered":"101 PREGUNTAS SOBRE EDUCACI\u00d3N DE LOS HIJOS"},"content":{"rendered":"<p>Hay una gran preocupaci\u00f3n por la sociedad que vamos a dejar a nuestros hijos. Creo que deber\u00eda preocuparnos m\u00e1s por los hijos que vamos a dejar a esta sociedad. Estamos en una \u00e9poca en la que nos creemos que estamos educando a nuestros hijos. Actualmente, muchas personas llegan a adultos sin haber sido pr\u00e1cticamente educados, lo cual es un seguro de infelicidad. Este libro no pretende dar recetas, sino que pretende hacer pensar, que es la \u00fanica forma de que los padres podamos educar. Estamos a tiempo.<\/p>\n","protected":false},"excerpt":{"rendered":"<p>CONTRERAS LUZ\u00d3N, JOSE MAR\u00cdA<\/p>\n","protected":false},"featured_media":86067,"template":"","meta":{"_acf_changed":false,"om_disable_all_campaigns":false,"rs_blank_template":"","rs_page_bg_color":"","slide_template_v7":"","inline_featured_image":false,"_monsterinsights_skip_tracking":false,"_monsterinsights_sitenote_active":false,"_monsterinsights_sitenote_note":"","_monsterinsights_sitenote_category":0},"product_brand":[],"product_cat":[188,381],"product_tag":[],"class_list":{"0":"post-86066","1":"product","2":"type-product","3":"status-publish","4":"has-post-thumbnail","6":"product_cat-psicopedagogia","7":"product_cat-psicopedagogia-pedagogia-2_humanidades","9":"first","10":"instock","11":"taxable","12":"shipping-taxable","13":"purchasable","14":"product-type-simple"},"acf":{"editorial":[{"ID":6251,"post_author":"3","post_date":"2022-07-28 17:48:11","post_date_gmt":"2022-07-28 15:48:11","post_content":"","post_title":"EUNSA. EDICIONES UNIVERSIDAD DE NAVARRA","post_excerpt":"","post_status":"publish","comment_status":"closed","ping_status":"closed","post_password":"","post_name":"eunsa-ediciones-universidad-de-navarra","to_ping":"","pinged":"","post_modified":"2022-07-28 17:48:11","post_modified_gmt":"2022-07-28 15:48:11","post_content_filtered":"","post_parent":0,"guid":"http:\/\/dev.claret.cat\/editorial\/eunsa-ediciones-universidad-de-navarra\/","menu_order":0,"post_type":"editorial","post_mime_type":"","comment_count":"0","filter":"raw"}],"autor":"CONTRERAS LUZ\u00d3N, JOSE MAR\u00cdA","codart":"843133636","libros-coleccion":"Astrolabio Educaci\u00f3n","ediciones":"1","encuadernacion":"R\u00fastica","fecha_de_publicacion":"01\/07\/2021","novedad":"1","paginas":"192","subtitulo":"","orden":"0","portada":"0","idioma":"spa","autores-libros":[{"ID":160451,"post_author":"3","post_date":"2022-10-14 15:53:11","post_date_gmt":"2022-10-14 13:53:11","post_content":"","post_title":"JOSE MAR\u00cdA CONTRERAS LUZ\u00d3N","post_excerpt":"","post_status":"publish","comment_status":"closed","ping_status":"closed","post_password":"","post_name":"jose-maria-contreras-luzon-2","to_ping":"","pinged":"","post_modified":"2022-10-14 15:53:11","post_modified_gmt":"2022-10-14 13:53:11","post_content_filtered":"","post_parent":0,"guid":"http:\/\/dev.claret.cat\/autor\/jose-maria-contreras-luzon-2\/","menu_order":0,"post_type":"autor","post_mime_type":"","comment_count":"0","filter":"raw"}],"booktrailer":"","resenas":""},"aioseo_notices":[],"_links":{"self":[{"href":"https:\/\/www.claret.cat\/es\/wp-json\/wp\/v2\/product\/86066","targetHints":{"allow":["GET"]}}],"collection":[{"href":"https:\/\/www.claret.cat\/es\/wp-json\/wp\/v2\/product"}],"about":[{"href":"https:\/\/www.claret.cat\/es\/wp-json\/wp\/v2\/types\/product"}],"wp:featuredmedia":[{"embeddable":true,"href":"https:\/\/www.claret.cat\/es\/wp-json\/wp\/v2\/media\/86067"}],"wp:attachment":[{"href":"https:\/\/www.claret.cat\/es\/wp-json\/wp\/v2\/media?parent=86066"}],"wp:term":[{"taxonomy":"product_brand","embeddable":true,"href":"https:\/\/www.claret.cat\/es\/wp-json\/wp\/v2\/product_brand?post=86066"},{"taxonomy":"product_cat","embeddable":true,"href":"https:\/\/www.claret.cat\/es\/wp-json\/wp\/v2\/product_cat?post=86066"},{"taxonomy":"product_tag","embeddable":true,"href":"https:\/\/www.claret.cat\/es\/wp-json\/wp\/v2\/product_tag?post=86066"}],"curies":[{"name":"wp","href":"https:\/\/api.w.org\/{rel}","templated":true}]}}