{"id":86124,"date":"2022-10-11T17:48:32","date_gmt":"2022-10-11T15:48:32","guid":{"rendered":"http:\/\/dev.claret.cat\/producte\/puede-la-ciencia-explicarlo-todo\/"},"modified":"2023-07-13T17:20:10","modified_gmt":"2023-07-13T15:20:10","slug":"puede-la-ciencia-explicarlo-todo-9788418204005","status":"publish","type":"product","link":"https:\/\/www.claret.cat\/es\/libro\/puede-la-ciencia-explicarlo-todo-9788418204005\/","title":{"rendered":"\u00bfPUEDE LA CIENCIA EXPLICARLO TODO?"},"content":{"rendered":"<p>\u00bfPuede la ciencia explicarlo todo? Es una pregunta interesante que John Lennox y mucha gente piensa que s\u00ed. La ciencia y las tecnolog\u00edas que ha generado han aportado mucho al mundo: agua limpia; m\u00e1s comida; mejor asistencia sanitaria; vida m\u00e1s larga. Y vivimos en una \u00e9poca de r\u00e1pido progreso cient\u00edfico que promete resolver muchos de los problemas que enfrentamos como humanidad. Tanto es as\u00ed, de hecho, que muchos no ven la necesidad o el uso de la religi\u00f3n y los sistemas de creencias que nos ofrecen respuestas a los misterios de nuestro universo. La ciencia lo ha explicado, suponen. La religi\u00f3n es redundante. El profesor de matem\u00e1ticas de Oxford y creyente cristiano, John Lennox, ofrece una nueva forma de pensar sobre la ciencia y el cristianismo que disipa los conceptos err\u00f3neos comunes sobre ambos. \u00c9l revela que no solo no se oponen, sino que pueden y deben mezclarse para darnos una comprensi\u00f3n m\u00e1s completa del universo y el significado de nuestra existencia. No es necesario ser cient\u00edfico ni cristiano para valorar este libro. John Lennox escribe con una simplicidad que permite que el no cient\u00edfico lo siga, pero lo lleva a la presencia y a los pensamientos de algunos de los grandes de la ciencia, mientras escribe persuasivamente para defender el lugar de Dios en el mundo cient\u00edfico. Una introducci\u00f3n importante para cualquiera que luche con los problemas de la ciencia y la fe. Rev Hugh Palmer, Rector, All Souls, Langham Place, Londres.<\/p>\n","protected":false},"excerpt":{"rendered":"<p>LENNOX, JOHN C.<\/p>\n","protected":false},"featured_media":451497,"template":"","meta":{"_acf_changed":false,"om_disable_all_campaigns":false,"rs_blank_template":"","rs_page_bg_color":"","slide_template_v7":"","inline_featured_image":false,"_monsterinsights_skip_tracking":false,"_monsterinsights_sitenote_active":false,"_monsterinsights_sitenote_note":"","_monsterinsights_sitenote_category":0},"product_brand":[],"product_cat":[279,509],"product_tag":[],"class_list":{"0":"post-86124","1":"product","2":"type-product","3":"status-publish","4":"has-post-thumbnail","6":"product_cat-antropologia-teologica","7":"product_cat-antropologia-teologica-teologia-1_espiritualidad","9":"first","10":"instock","11":"taxable","12":"shipping-taxable","13":"purchasable","14":"product-type-simple"},"acf":{"autor":"LENNOX, JOHN C.","codart":"841820400","libros-coleccion":"FORA DE COL.LECCI\u00d3","ediciones":"1","encuadernacion":"R\u00fastica","fecha_de_publicacion":"01\/05\/2021","novedad":"1","paginas":"142","subtitulo":"","orden":"0","portada":"0","idioma":"spa","editorial":[{"ID":147640,"post_author":"3","post_date":"2022-10-14 11:52:07","post_date_gmt":"2022-10-14 09:52:07","post_content":"","post_title":"Clie","post_excerpt":"","post_status":"publish","comment_status":"closed","ping_status":"closed","post_password":"","post_name":"clie","to_ping":"","pinged":"","post_modified":"2022-10-14 11:52:07","post_modified_gmt":"2022-10-14 09:52:07","post_content_filtered":"","post_parent":0,"guid":"http:\/\/dev.claret.cat\/editorial\/clie\/","menu_order":0,"post_type":"editorial","post_mime_type":"","comment_count":"0","filter":"raw"}],"autores-libros":[{"ID":159621,"post_author":"3","post_date":"2022-10-14 15:46:21","post_date_gmt":"2022-10-14 13:46:21","post_content":"","post_title":"JOHN C. LENNOX","post_excerpt":"","post_status":"publish","comment_status":"closed","ping_status":"closed","post_password":"","post_name":"john-c-lennox","to_ping":"","pinged":"","post_modified":"2022-10-14 15:46:21","post_modified_gmt":"2022-10-14 13:46:21","post_content_filtered":"","post_parent":0,"guid":"http:\/\/dev.claret.cat\/autor\/john-c-lennox\/","menu_order":0,"post_type":"autor","post_mime_type":"","comment_count":"0","filter":"raw"}]},"aioseo_notices":[],"_links":{"self":[{"href":"https:\/\/www.claret.cat\/es\/wp-json\/wp\/v2\/product\/86124","targetHints":{"allow":["GET"]}}],"collection":[{"href":"https:\/\/www.claret.cat\/es\/wp-json\/wp\/v2\/product"}],"about":[{"href":"https:\/\/www.claret.cat\/es\/wp-json\/wp\/v2\/types\/product"}],"wp:featuredmedia":[{"embeddable":true,"href":"https:\/\/www.claret.cat\/es\/wp-json\/wp\/v2\/media\/451497"}],"wp:attachment":[{"href":"https:\/\/www.claret.cat\/es\/wp-json\/wp\/v2\/media?parent=86124"}],"wp:term":[{"taxonomy":"product_brand","embeddable":true,"href":"https:\/\/www.claret.cat\/es\/wp-json\/wp\/v2\/product_brand?post=86124"},{"taxonomy":"product_cat","embeddable":true,"href":"https:\/\/www.claret.cat\/es\/wp-json\/wp\/v2\/product_cat?post=86124"},{"taxonomy":"product_tag","embeddable":true,"href":"https:\/\/www.claret.cat\/es\/wp-json\/wp\/v2\/product_tag?post=86124"}],"curies":[{"name":"wp","href":"https:\/\/api.w.org\/{rel}","templated":true}]}}