{"id":86127,"date":"2022-10-11T17:48:34","date_gmt":"2022-10-11T15:48:34","guid":{"rendered":"http:\/\/dev.claret.cat\/producte\/domingo-de-caleruega-las-palabras-del-santo\/"},"modified":"2023-07-12T11:51:21","modified_gmt":"2023-07-12T09:51:21","slug":"domingo-de-caleruega-las-palabras-del-santo-9788417204624","status":"publish","type":"product","link":"https:\/\/www.claret.cat\/es\/libro\/domingo-de-caleruega-las-palabras-del-santo-9788417204624\/","title":{"rendered":"DOMINGO DE CALERUEGA. LAS PALABRAS DEL SANTO"},"content":{"rendered":"<p>SANTO DOMINGO, que pas\u00f3 a la historia como Domingo de Guzm\u00e1n, naci\u00f3 en la poblaci\u00f3n castellana de CALERUEGA, actualmente perteneciente a la provincia de Burgos. Cuando naci\u00f3 Domingo, en el siglo XII (hacia 1174), Caleruega era de la di\u00f3cesis de Osma, actualmente es de la de Burgos.<br \/> Esta obra no es una \u00a8Vida de Santo Domingo\u00a8. Lo propio del libro son las PALABRAS DE SANTO DOMINGO, destacadas a lo largo de su biograf\u00eda. Los que conocieron m\u00e1s de cerca al Fundador de los Dominicos, como fueron su sucesor, fray Jord\u00e1n de Sajonia, y la monja dominica m\u00e1s destacada, sor Cecilia Cesarini (o Romana), en sus biograf\u00edas de Domingo; y los que fueron testigos en el proceso de canonizaci\u00f3n, en su declaraci\u00f3n jurada, nos proporcionan las principales palabras que recordaban de fray Domingo. Al hilo de la vida de Domingo aparecen las palabras que el santo pronunci\u00f3. Pero ninguna biograf\u00eda nos ofrece todas las palabras. En esta obra lo m\u00e1s importante son las PALABRAS: es el mismo Domingo quien nos relata, adem\u00e1s de episodios de su vida, sus propios sentimientos, criterios, oraciones y consejos.<br \/> Esta obra es el homenaje que ofrecemos a Nuestro Padre Domingo, en el VIII Centenario de su Muerte: \u00a8Hijos, no os turbe mi partida corporal. No dud\u00e9is en modo alguno que, aunque muerto, os ser\u00e9 m\u00e1s \u00fatil que cuando estaba vivo\u00a8 (Bolonia, 6 de agosto de 1221).<br \/> \u00a1Sigue cumpliendo, Padre, lo que dijiste hace ocho siglos! Confiamos plenamente en tus palabras, tan actuales.<\/p>\n","protected":false},"excerpt":{"rendered":"<p>MART\u00cdNEZ PUCHE, JOS\u00c9 ANTONIO<\/p>\n","protected":false},"featured_media":450985,"template":"","meta":{"_acf_changed":false,"om_disable_all_campaigns":false,"rs_blank_template":"","rs_page_bg_color":"","slide_template_v7":"","inline_featured_image":false,"_monsterinsights_skip_tracking":false,"_monsterinsights_sitenote_active":false,"_monsterinsights_sitenote_note":"","_monsterinsights_sitenote_category":0},"product_brand":[],"product_cat":[95,545,542,92],"product_tag":[],"class_list":{"0":"post-86127","1":"product","2":"type-product","3":"status-publish","4":"has-post-thumbnail","6":"product_cat-santoral","7":"product_cat-santoral-1_espiritualidad-spa","8":"product_cat-vida-religiosa-1_espiritualidad-spa","9":"product_cat-vida-religiosa","11":"first","12":"instock","13":"taxable","14":"shipping-taxable","15":"purchasable","16":"product-type-simple"},"acf":{"autor":"MART\u00cdNEZ PUCHE, JOS\u00c9 ANTONIO","codart":"841720462","libros-coleccion":"FORA DE COL.LECCI\u00d3","ediciones":"1","encuadernacion":"R\u00fastica","fecha_de_publicacion":"01\/07\/2021","novedad":"1","paginas":"117","subtitulo":"","orden":"0","portada":"0","idioma":"spa","editorial":[{"ID":147774,"post_author":"3","post_date":"2022-10-14 11:53:07","post_date_gmt":"2022-10-14 09:53:07","post_content":"","post_title":"EDIBESA","post_excerpt":"","post_status":"publish","comment_status":"closed","ping_status":"closed","post_password":"","post_name":"edibesa","to_ping":"","pinged":"","post_modified":"2022-10-14 11:53:07","post_modified_gmt":"2022-10-14 09:53:07","post_content_filtered":"","post_parent":0,"guid":"http:\/\/dev.claret.cat\/editorial\/edibesa\/","menu_order":0,"post_type":"editorial","post_mime_type":"","comment_count":"0","filter":"raw"}],"autores-libros":[{"ID":160180,"post_author":"3","post_date":"2022-10-14 15:50:56","post_date_gmt":"2022-10-14 13:50:56","post_content":"","post_title":"JOS\u00c9 ANTONIO MART\u00cdNEZ PUCHE","post_excerpt":"","post_status":"publish","comment_status":"closed","ping_status":"closed","post_password":"","post_name":"jose-antonio-martinez-puche","to_ping":"","pinged":"","post_modified":"2022-10-14 15:50:56","post_modified_gmt":"2022-10-14 13:50:56","post_content_filtered":"","post_parent":0,"guid":"http:\/\/dev.claret.cat\/autor\/jose-antonio-martinez-puche\/","menu_order":0,"post_type":"autor","post_mime_type":"","comment_count":"0","filter":"raw"}]},"aioseo_notices":[],"_links":{"self":[{"href":"https:\/\/www.claret.cat\/es\/wp-json\/wp\/v2\/product\/86127","targetHints":{"allow":["GET"]}}],"collection":[{"href":"https:\/\/www.claret.cat\/es\/wp-json\/wp\/v2\/product"}],"about":[{"href":"https:\/\/www.claret.cat\/es\/wp-json\/wp\/v2\/types\/product"}],"wp:featuredmedia":[{"embeddable":true,"href":"https:\/\/www.claret.cat\/es\/wp-json\/wp\/v2\/media\/450985"}],"wp:attachment":[{"href":"https:\/\/www.claret.cat\/es\/wp-json\/wp\/v2\/media?parent=86127"}],"wp:term":[{"taxonomy":"product_brand","embeddable":true,"href":"https:\/\/www.claret.cat\/es\/wp-json\/wp\/v2\/product_brand?post=86127"},{"taxonomy":"product_cat","embeddable":true,"href":"https:\/\/www.claret.cat\/es\/wp-json\/wp\/v2\/product_cat?post=86127"},{"taxonomy":"product_tag","embeddable":true,"href":"https:\/\/www.claret.cat\/es\/wp-json\/wp\/v2\/product_tag?post=86127"}],"curies":[{"name":"wp","href":"https:\/\/api.w.org\/{rel}","templated":true}]}}